{"id":45,"date":"2026-02-13T08:59:06","date_gmt":"2026-02-13T13:59:06","guid":{"rendered":"https:\/\/remiguyon.techniquesmedia.com\/sgc1\/?page_id=45"},"modified":"2026-03-27T09:40:21","modified_gmt":"2026-03-27T13:40:21","slug":"nos-origines-de-cafe","status":"publish","type":"page","link":"https:\/\/remiguyon.techniquesmedia.com\/sgc1\/nos-origines-de-cafe\/","title":{"rendered":"Nos origines de caf\u00e9"},"content":{"rendered":"\n<div class=\"wp-block-columns is-layout-flex wp-container-core-columns-is-layout-28f84493 wp-block-columns-is-layout-flex\">\n<div class=\"wp-block-column is-layout-flow wp-block-column-is-layout-flow\">\n<figure class=\"wp-block-image size-large wp-duotone-default-filter\"><img loading=\"lazy\" decoding=\"async\" width=\"819\" height=\"1024\" src=\"https:\/\/remiguyon.techniquesmedia.com\/sgc1\/wp-content\/uploads\/2026\/02\/pexels-accankisi-3999940-819x1024.jpg\" alt=\"\" class=\"wp-image-50\" style=\"aspect-ratio:3\/4;object-fit:cover\" srcset=\"https:\/\/remiguyon.techniquesmedia.com\/sgc1\/wp-content\/uploads\/2026\/02\/pexels-accankisi-3999940-819x1024.jpg 819w, https:\/\/remiguyon.techniquesmedia.com\/sgc1\/wp-content\/uploads\/2026\/02\/pexels-accankisi-3999940-240x300.jpg 240w, https:\/\/remiguyon.techniquesmedia.com\/sgc1\/wp-content\/uploads\/2026\/02\/pexels-accankisi-3999940-768x960.jpg 768w, https:\/\/remiguyon.techniquesmedia.com\/sgc1\/wp-content\/uploads\/2026\/02\/pexels-accankisi-3999940-1229x1536.jpg 1229w, https:\/\/remiguyon.techniquesmedia.com\/sgc1\/wp-content\/uploads\/2026\/02\/pexels-accankisi-3999940-1639x2048.jpg 1639w, https:\/\/remiguyon.techniquesmedia.com\/sgc1\/wp-content\/uploads\/2026\/02\/pexels-accankisi-3999940-scaled.jpg 2048w\" sizes=\"auto, (max-width: 819px) 100vw, 819px\" \/><\/figure>\n\n\n\n<h3 class=\"wp-block-heading\">\u00c9thiopie<\/h3>\n\n\n\n<p>Souvent consid\u00e9r\u00e9 comme le berceau du caf\u00e9, le grain \u00e9thiopien offre un profil distinctif, \u00e9l\u00e9gant et complexe. Attendez-vous \u00e0 une exp\u00e9rience \u00ab th\u00e9in\u00e9e \u00bb avec des notes florales d\u00e9licates (jasmin) et tr\u00e8s fruit\u00e9es, \u00e9voquant souvent le citron, la myrtille ou la p\u00eache. L&rsquo;acidit\u00e9 y est vive et brillante, apportant beaucoup de clart\u00e9 \u00e0 la tasse.<\/p>\n<\/div>\n\n\n\n<div class=\"wp-block-column is-layout-flow wp-block-column-is-layout-flow\">\n<figure class=\"wp-block-image size-large wp-duotone-default-filter\"><img loading=\"lazy\" decoding=\"async\" width=\"683\" height=\"1024\" src=\"https:\/\/remiguyon.techniquesmedia.com\/sgc1\/wp-content\/uploads\/2026\/02\/pexels-cottonbro-4820656-683x1024.jpg\" alt=\"\" class=\"wp-image-51\" style=\"aspect-ratio:3\/4;object-fit:cover\" srcset=\"https:\/\/remiguyon.techniquesmedia.com\/sgc1\/wp-content\/uploads\/2026\/02\/pexels-cottonbro-4820656-683x1024.jpg 683w, https:\/\/remiguyon.techniquesmedia.com\/sgc1\/wp-content\/uploads\/2026\/02\/pexels-cottonbro-4820656-200x300.jpg 200w, https:\/\/remiguyon.techniquesmedia.com\/sgc1\/wp-content\/uploads\/2026\/02\/pexels-cottonbro-4820656-768x1152.jpg 768w, https:\/\/remiguyon.techniquesmedia.com\/sgc1\/wp-content\/uploads\/2026\/02\/pexels-cottonbro-4820656-1024x1536.jpg 1024w, https:\/\/remiguyon.techniquesmedia.com\/sgc1\/wp-content\/uploads\/2026\/02\/pexels-cottonbro-4820656-1365x2048.jpg 1365w, https:\/\/remiguyon.techniquesmedia.com\/sgc1\/wp-content\/uploads\/2026\/02\/pexels-cottonbro-4820656-scaled.jpg 1707w\" sizes=\"auto, (max-width: 683px) 100vw, 683px\" \/><\/figure>\n\n\n\n<h3 class=\"wp-block-heading\">Colombie<\/h3>\n\n\n\n<p>C&rsquo;est le classique r\u00e9confortant par excellence, c\u00e9l\u00e8bre pour son \u00e9quilibre parfait et son corps soyeux. Il d\u00e9voile g\u00e9n\u00e9ralement une rondeur sucr\u00e9e avec des ar\u00f4mes dominants de caramel, de chocolat au lait et de noisette. On y trouve parfois une touche fruit\u00e9e subtile (cerise ou prune) qui vient nuancer une acidit\u00e9 moyenne et agr\u00e9able.<\/p>\n<\/div>\n\n\n\n<div class=\"wp-block-column is-layout-flow wp-block-column-is-layout-flow\">\n<figure class=\"wp-block-image size-large wp-duotone-default-filter\"><img loading=\"lazy\" decoding=\"async\" width=\"683\" height=\"1024\" src=\"https:\/\/remiguyon.techniquesmedia.com\/sgc1\/wp-content\/uploads\/2026\/02\/pexels-manuel-aldana-321951004-13806402-683x1024.jpg\" alt=\"\" class=\"wp-image-52\" style=\"aspect-ratio:3\/4;object-fit:cover\" srcset=\"https:\/\/remiguyon.techniquesmedia.com\/sgc1\/wp-content\/uploads\/2026\/02\/pexels-manuel-aldana-321951004-13806402-683x1024.jpg 683w, https:\/\/remiguyon.techniquesmedia.com\/sgc1\/wp-content\/uploads\/2026\/02\/pexels-manuel-aldana-321951004-13806402-200x300.jpg 200w, https:\/\/remiguyon.techniquesmedia.com\/sgc1\/wp-content\/uploads\/2026\/02\/pexels-manuel-aldana-321951004-13806402-768x1152.jpg 768w, https:\/\/remiguyon.techniquesmedia.com\/sgc1\/wp-content\/uploads\/2026\/02\/pexels-manuel-aldana-321951004-13806402-1024x1536.jpg 1024w, https:\/\/remiguyon.techniquesmedia.com\/sgc1\/wp-content\/uploads\/2026\/02\/pexels-manuel-aldana-321951004-13806402-1365x2048.jpg 1365w, https:\/\/remiguyon.techniquesmedia.com\/sgc1\/wp-content\/uploads\/2026\/02\/pexels-manuel-aldana-321951004-13806402-scaled.jpg 1707w\" sizes=\"auto, (max-width: 683px) 100vw, 683px\" \/><\/figure>\n\n\n\n<h2 class=\"wp-block-heading\">Guatemala<\/h2>\n\n\n\n<p>Cultiv\u00e9 sur des sols souvent volcaniques, ce caf\u00e9 pr\u00e9sente une grande richesse aromatique et une texture plus cors\u00e9e. On y retrouve fr\u00e9quemment des notes profondes de cacao noir (\u00ab dark cocoa \u00bb), d&rsquo;\u00e9pices douces et parfois une nuance terreuse ou fum\u00e9e. L&rsquo;acidit\u00e9 y est souvent d\u00e9crite comme croquante, rappelant la pomme verte ou les agrumes.<\/p>\n<\/div>\n<\/div>\n\n\n\n<div style=\"height:40px\" aria-hidden=\"true\" class=\"wp-block-spacer\"><\/div>\n\n\n\n<div class=\"wp-block-columns is-layout-flex wp-container-core-columns-is-layout-28f84493 wp-block-columns-is-layout-flex\">\n<div class=\"wp-block-column is-vertically-aligned-center is-layout-flow wp-block-column-is-layout-flow\" style=\"flex-basis:40%\">\n<ul class=\"wp-block-list\">\n<li><strong>L&rsquo;Espresso<\/strong><\/li>\n\n\n\n<li><strong>Le Pour-over (V60, Chemex, Kalita)<\/strong><\/li>\n\n\n\n<li><strong>La Presse Fran\u00e7aise (Bodum)<\/strong><\/li>\n\n\n\n<li><strong>L&rsquo;AeroPress<\/strong><\/li>\n\n\n\n<li><strong>La Cafeti\u00e8re Moka (Italienne)<\/strong><\/li>\n\n\n\n<li><strong>Le Cold Brew (Infusion \u00e0 froid)<\/strong><\/li>\n<\/ul>\n<\/div>\n\n\n\n<div class=\"wp-block-column is-layout-flow wp-block-column-is-layout-flow\" style=\"flex-basis:60%\">\n<p>Le choix de la m\u00e9thode de pr\u00e9paration est crucial car il agit comme l&rsquo;interpr\u00e8te final du grain, d\u00e9terminant quels ar\u00f4mes et quelles textures seront r\u00e9v\u00e9l\u00e9s en tasse. Chaque technique, par sa m\u00e9canique d&rsquo;extraction (pression, gravit\u00e9, immersion) et son type de filtration, modifie radicalement l&rsquo;exp\u00e9rience : un filtre papier retiendra les huiles pour offrir une clart\u00e9 cristalline id\u00e9ale pour les notes florales, tandis qu&rsquo;un filtre m\u00e9tallique laissera passer les s\u00e9diments pour un corps riche et velout\u00e9. Comprendre cette dynamique permet d&rsquo;harmoniser l&rsquo;outil au terroir, transformant une simple boisson en une d\u00e9gustation sur mesure qui respecte le travail du producteur et du torr\u00e9facteur.<\/p>\n\n\n\n<figure class=\"wp-block-image size-large wp-duotone-default-filter\"><img loading=\"lazy\" decoding=\"async\" width=\"1024\" height=\"645\" src=\"https:\/\/remiguyon.techniquesmedia.com\/sgc1\/wp-content\/uploads\/2026\/02\/pexels-ketut-subiyanto-4349951-1024x645.jpg\" alt=\"\" class=\"wp-image-53\" style=\"aspect-ratio:4\/3;object-fit:cover\" srcset=\"https:\/\/remiguyon.techniquesmedia.com\/sgc1\/wp-content\/uploads\/2026\/02\/pexels-ketut-subiyanto-4349951-1024x645.jpg 1024w, https:\/\/remiguyon.techniquesmedia.com\/sgc1\/wp-content\/uploads\/2026\/02\/pexels-ketut-subiyanto-4349951-300x189.jpg 300w, https:\/\/remiguyon.techniquesmedia.com\/sgc1\/wp-content\/uploads\/2026\/02\/pexels-ketut-subiyanto-4349951-768x483.jpg 768w, https:\/\/remiguyon.techniquesmedia.com\/sgc1\/wp-content\/uploads\/2026\/02\/pexels-ketut-subiyanto-4349951-1536x967.jpg 1536w, https:\/\/remiguyon.techniquesmedia.com\/sgc1\/wp-content\/uploads\/2026\/02\/pexels-ketut-subiyanto-4349951-2048x1289.jpg 2048w\" sizes=\"auto, (max-width: 1024px) 100vw, 1024px\" \/><\/figure>\n<\/div>\n<\/div>\n\n\n\n<div class=\"wp-block-group has-background is-layout-constrained wp-container-core-group-is-layout-f2132f76 wp-block-group-is-layout-constrained\" style=\"background-color:#a2836b;padding-top:var(--wp--preset--spacing--40);padding-right:40px;padding-bottom:var(--wp--preset--spacing--40);padding-left:40px\">\n<h3 class=\"wp-block-heading\">TITRE DU GROUPE<\/h3>\n\n\n\n<div class=\"wp-block-columns is-layout-flex wp-container-core-columns-is-layout-28f84493 wp-block-columns-is-layout-flex\">\n<div class=\"wp-block-column is-layout-flow wp-block-column-is-layout-flow\" style=\"flex-basis:66.66%\">\n<p>Lorem Ipsum is simply dummy text of the printing and typesetting industry. Lorem Ipsum has been the industry&rsquo;s standard dummy text ever since the 1500s, when an unknown printer took a galley of type and scrambled it to make a type specimen book. It has survived not only five centuries, but also the leap into electronic typesetting, remaining essentially unchanged. It was popularised in the 1960s with the release of Letraset sheets containing Lorem Ipsum passages, and more recently with desktop publishing software like Aldus PageMaker including versions of Lorem Ipsum.<\/p>\n<\/div>\n\n\n\n<div class=\"wp-block-column is-vertically-aligned-center is-layout-flow wp-block-column-is-layout-flow\" style=\"flex-basis:33.33%\">\n<div class=\"wp-block-buttons is-content-justification-center is-layout-flex wp-container-core-buttons-is-layout-a89b3969 wp-block-buttons-is-layout-flex\">\n<div class=\"wp-block-button\"><a class=\"wp-block-button__link wp-element-button\">Bouton<\/a><\/div>\n<\/div>\n<\/div>\n<\/div>\n<\/div>\n","protected":false},"excerpt":{"rendered":"<p>\u00c9thiopie Souvent consid\u00e9r\u00e9 comme le berceau du caf\u00e9, le grain \u00e9thiopien offre un profil distinctif, \u00e9l\u00e9gant et complexe. Attendez-vous \u00e0 une exp\u00e9rience \u00ab th\u00e9in\u00e9e \u00bb avec des notes florales d\u00e9licates (jasmin) et tr\u00e8s fruit\u00e9es, \u00e9voquant souvent le citron, la myrtille ou la p\u00eache. L&rsquo;acidit\u00e9 y est vive et brillante, apportant beaucoup de clart\u00e9 \u00e0 la [&hellip;]<\/p>\n","protected":false},"author":1,"featured_media":0,"parent":0,"menu_order":0,"comment_status":"closed","ping_status":"closed","template":"","meta":{"footnotes":""},"class_list":["post-45","page","type-page","status-publish","hentry"],"_links":{"self":[{"href":"https:\/\/remiguyon.techniquesmedia.com\/sgc1\/wp-json\/wp\/v2\/pages\/45","targetHints":{"allow":["GET"]}}],"collection":[{"href":"https:\/\/remiguyon.techniquesmedia.com\/sgc1\/wp-json\/wp\/v2\/pages"}],"about":[{"href":"https:\/\/remiguyon.techniquesmedia.com\/sgc1\/wp-json\/wp\/v2\/types\/page"}],"author":[{"embeddable":true,"href":"https:\/\/remiguyon.techniquesmedia.com\/sgc1\/wp-json\/wp\/v2\/users\/1"}],"replies":[{"embeddable":true,"href":"https:\/\/remiguyon.techniquesmedia.com\/sgc1\/wp-json\/wp\/v2\/comments?post=45"}],"version-history":[{"count":3,"href":"https:\/\/remiguyon.techniquesmedia.com\/sgc1\/wp-json\/wp\/v2\/pages\/45\/revisions"}],"predecessor-version":[{"id":85,"href":"https:\/\/remiguyon.techniquesmedia.com\/sgc1\/wp-json\/wp\/v2\/pages\/45\/revisions\/85"}],"wp:attachment":[{"href":"https:\/\/remiguyon.techniquesmedia.com\/sgc1\/wp-json\/wp\/v2\/media?parent=45"}],"curies":[{"name":"wp","href":"https:\/\/api.w.org\/{rel}","templated":true}]}}