{"id":43,"date":"2026-02-13T08:45:17","date_gmt":"2026-02-13T13:45:17","guid":{"rendered":"https:\/\/remiguyon.techniquesmedia.com\/sgc1\/?page_id=43"},"modified":"2026-03-27T10:16:56","modified_gmt":"2026-03-27T14:16:56","slug":"decouvrir-le-cafe-de-specialite","status":"publish","type":"page","link":"https:\/\/remiguyon.techniquesmedia.com\/sgc1\/decouvrir-le-cafe-de-specialite\/","title":{"rendered":"D\u00e9couvrir le caf\u00e9 de sp\u00e9cialit\u00e9"},"content":{"rendered":"\n<h1 class=\"wp-block-heading\">Guide du d\u00e9butant en caf\u00e9 de sp\u00e9cialit\u00e9<\/h1>\n\n\n\n<p>L&rsquo;univers du caf\u00e9 artisanal transcende la simple habitude matinale pour devenir une v\u00e9ritable exploration sensorielle, o\u00f9 chaque grain raconte l&rsquo;histoire unique de son terroir. Loin des standards industriels, ce mouvement privil\u00e9gie la tra\u00e7abilit\u00e9, une torr\u00e9faction m\u00e9ticuleuse et des m\u00e9thodes d&rsquo;extraction pr\u00e9cises visant \u00e0 sublimer des profils aromatiques complexes. C&rsquo;est une invitation \u00e0 ralentir pour appr\u00e9cier le savoir-faire humain qui relie le producteur passionn\u00e9 \u00e0 la tasse du d\u00e9gustateur.<\/p>\n\n\n\n<figure class=\"wp-block-image size-large wp-duotone-default-filter\"><img loading=\"lazy\" decoding=\"async\" width=\"1024\" height=\"683\" src=\"https:\/\/remiguyon.techniquesmedia.com\/sgc1\/wp-content\/uploads\/2026\/02\/pexels-introspectivedsgn-30837719-1024x683.jpg\" alt=\"\" class=\"wp-image-47\" srcset=\"https:\/\/remiguyon.techniquesmedia.com\/sgc1\/wp-content\/uploads\/2026\/02\/pexels-introspectivedsgn-30837719-1024x683.jpg 1024w, https:\/\/remiguyon.techniquesmedia.com\/sgc1\/wp-content\/uploads\/2026\/02\/pexels-introspectivedsgn-30837719-300x200.jpg 300w, https:\/\/remiguyon.techniquesmedia.com\/sgc1\/wp-content\/uploads\/2026\/02\/pexels-introspectivedsgn-30837719-768x512.jpg 768w, https:\/\/remiguyon.techniquesmedia.com\/sgc1\/wp-content\/uploads\/2026\/02\/pexels-introspectivedsgn-30837719-1536x1024.jpg 1536w, https:\/\/remiguyon.techniquesmedia.com\/sgc1\/wp-content\/uploads\/2026\/02\/pexels-introspectivedsgn-30837719-2048x1365.jpg 2048w\" sizes=\"auto, (max-width: 1024px) 100vw, 1024px\" \/><figcaption class=\"wp-element-caption\">Grains de caf\u00e9&#8230;<\/figcaption><\/figure>\n\n\n\n<h2 class=\"wp-block-heading\">\u00c9quipement essentiel pour d\u00e9bute<\/h2>\n\n\n\n<ul class=\"wp-block-list\">\n<li><strong>Moulin<\/strong><\/li>\n\n\n\n<li><strong>Balance de pr\u00e9cision<\/strong><\/li>\n\n\n\n<li><strong>Bouilloire<\/strong><\/li>\n\n\n\n<li><strong>Cafeti\u00e8re manuelle<\/strong><\/li>\n\n\n\n<li><strong>Chronom\u00e8tre<\/strong><\/li>\n<\/ul>\n\n\n\n<div class=\"wp-block-buttons is-layout-flex wp-block-buttons-is-layout-flex\">\n<div class=\"wp-block-button\"><a class=\"wp-block-button__link wp-element-button\">T\u00e9l\u00e9charger le guide complet<\/a><\/div>\n<\/div>\n\n\n\n<div style=\"height:50px\" aria-hidden=\"true\" class=\"wp-block-spacer\"><\/div>\n\n\n\n<blockquote class=\"wp-block-quote is-layout-flow wp-block-quote-is-layout-flow\">\n<p>Qu&rsquo;est-ce que le luxe sur cette terre, si ce n&rsquo;est un canap\u00e9, un livre et une tasse de caf\u00e9 ?<\/p>\n<\/blockquote>\n\n\n\n<div class=\"wp-block-group has-accent-1-background-color has-background is-layout-constrained wp-container-core-group-is-layout-80fb368b wp-block-group-is-layout-constrained\" style=\"border-width:2px;padding-top:var(--wp--preset--spacing--30);padding-right:var(--wp--preset--spacing--30);padding-bottom:var(--wp--preset--spacing--30);padding-left:var(--wp--preset--spacing--30)\">\n<div class=\"wp-block-columns is-layout-flex wp-container-core-columns-is-layout-28f84493 wp-block-columns-is-layout-flex\">\n<div class=\"wp-block-column is-layout-flow wp-block-column-is-layout-flow\">\n<h2 class=\"wp-block-heading\">\u2615 Le saviez-vous ?<\/h2>\n\n\n\n<p><strong>Lorem Ipsum<\/strong>&nbsp;is simply dummy text of the printing and typesetting industry. Lorem Ipsum has been the industry&rsquo;s standard dummy text ever since the 1500s, when an unknown printer took a galley of type and scrambled it to make a type specimen book. It has survived not only five centuries, but also the leap into electronic typesetting, remaining essentially unchanged. It was popularised in the 1960s with the release of Letraset sheets containing Lorem Ipsum passages, and more recently with desktop publishing software like Aldus PageMaker including versions of Lorem Ipsum.<\/p>\n<\/div>\n<\/div>\n<\/div>\n\n\n\n<div class=\"wp-block-contact-form-7-contact-form-selector\">\n<div class=\"wpcf7 no-js\" id=\"wpcf7-f116-o1\" lang=\"fr-FR\" dir=\"ltr\" data-wpcf7-id=\"116\">\n<div class=\"screen-reader-response\"><p role=\"status\" aria-live=\"polite\" aria-atomic=\"true\"><\/p> <ul><\/ul><\/div>\n<form action=\"\/sgc1\/wp-json\/wp\/v2\/pages\/43#wpcf7-f116-o1\" method=\"post\" class=\"wpcf7-form init\" aria-label=\"Formulaire de contact\" novalidate=\"novalidate\" data-status=\"init\">\n<fieldset class=\"hidden-fields-container\"><input type=\"hidden\" name=\"_wpcf7\" value=\"116\" \/><input type=\"hidden\" name=\"_wpcf7_version\" value=\"6.1.5\" \/><input type=\"hidden\" name=\"_wpcf7_locale\" value=\"fr_FR\" \/><input type=\"hidden\" name=\"_wpcf7_unit_tag\" value=\"wpcf7-f116-o1\" \/><input type=\"hidden\" name=\"_wpcf7_container_post\" value=\"0\" \/><input type=\"hidden\" name=\"_wpcf7_posted_data_hash\" value=\"\" \/>\n<\/fieldset>\n<p><label> Votre pr\u00e9nom<br \/>\n<span class=\"wpcf7-form-control-wrap\" data-name=\"prenom\"><input size=\"40\" maxlength=\"400\" class=\"wpcf7-form-control wpcf7-text wpcf7-validates-as-required\" autocomplete=\"name\" aria-required=\"true\" aria-invalid=\"false\" value=\"\" type=\"text\" name=\"prenom\" \/><\/span> <\/label>\n<\/p>\n<p><label> Votre nom de famille<br \/>\n<span class=\"wpcf7-form-control-wrap\" data-name=\"nom\"><input size=\"40\" maxlength=\"400\" class=\"wpcf7-form-control wpcf7-text wpcf7-validates-as-required\" autocomplete=\"name\" aria-required=\"true\" aria-invalid=\"false\" value=\"\" type=\"text\" name=\"nom\" \/><\/span> <\/label>\n<\/p>\n<p><label> Votre courriel<br \/>\n<span class=\"wpcf7-form-control-wrap\" data-name=\"courriel\"><input size=\"40\" maxlength=\"400\" class=\"wpcf7-form-control wpcf7-email wpcf7-validates-as-required wpcf7-text wpcf7-validates-as-email\" autocomplete=\"email\" aria-required=\"true\" aria-invalid=\"false\" value=\"\" type=\"email\" name=\"courriel\" \/><\/span> <\/label>\n<\/p>\n<p><label> Votre telephone<br \/>\n<span class=\"wpcf7-form-control-wrap\" data-name=\"tel\"><input size=\"40\" maxlength=\"400\" class=\"wpcf7-form-control wpcf7-tel wpcf7-validates-as-required wpcf7-text wpcf7-validates-as-tel\" autocomplete=\"phone\" aria-required=\"true\" aria-invalid=\"false\" value=\"\" type=\"tel\" name=\"tel\" \/><\/span><\/label>\n<\/p>\n<p><label> Nombre de personnes<br \/>\n<span class=\"wpcf7-form-control-wrap\" data-name=\"nbPersonnes\"><select class=\"wpcf7-form-control wpcf7-select wpcf7-validates-as-required\" aria-required=\"true\" aria-invalid=\"false\" name=\"nbPersonnes\"><option value=\"1-2 personnes\">1-2 personnes<\/option><option value=\"3-4 personnes\">3-4 personnes<\/option><option value=\"5-6 personnes\">5-6 personnes<\/option><option value=\"7 personnes et plus\">7 personnes et plus<\/option><\/select><\/span><\/label>\n<\/p>\n<p><label> Date souhait\u00e9e<br \/>\n<span class=\"wpcf7-form-control-wrap\" data-name=\"date\"><input class=\"wpcf7-form-control wpcf7-date wpcf7-validates-as-required wpcf7-validates-as-date\" aria-required=\"true\" aria-invalid=\"false\" value=\"\" type=\"date\" name=\"date\" \/><\/span><\/label>\n<\/p>\n<p><label> Allergies ou demandes sp\u00e9ciales<br \/>\n<span class=\"wpcf7-form-control-wrap\" data-name=\"AllergieSpecial\"><textarea cols=\"40\" rows=\"10\" maxlength=\"2000\" class=\"wpcf7-form-control wpcf7-textarea\" aria-invalid=\"false\" name=\"AllergieSpecial\"><\/textarea><\/span><\/label>\n<\/p>\n<p><input class=\"wpcf7-form-control wpcf7-submit has-spinner\" type=\"submit\" value=\"R\u00e9server ma table\" \/>\n<\/p><div class=\"wpcf7-response-output\" aria-hidden=\"true\"><\/div>\n<\/form>\n<\/div>\n<\/div>\n\n\n<style id=\"wpforms-css-vars-118-block-3f67e966-fbe6-4bb0-9846-401522fb3e03\">\n\t\t\t\t#wpforms-118.wpforms-block-3f67e966-fbe6-4bb0-9846-401522fb3e03 {\n\t\t\t\t--wpforms-field-size-input-height: 43px;\n--wpforms-field-size-input-spacing: 15px;\n--wpforms-field-size-font-size: 16px;\n--wpforms-field-size-line-height: 19px;\n--wpforms-field-size-padding-h: 14px;\n--wpforms-field-size-checkbox-size: 16px;\n--wpforms-field-size-sublabel-spacing: 5px;\n--wpforms-field-size-icon-size: 1;\n--wpforms-label-size-font-size: 16px;\n--wpforms-label-size-line-height: 19px;\n--wpforms-label-size-sublabel-font-size: 14px;\n--wpforms-label-size-sublabel-line-height: 17px;\n--wpforms-button-size-font-size: 17px;\n--wpforms-button-size-height: 41px;\n--wpforms-button-size-padding-h: 15px;\n--wpforms-button-size-margin-top: 10px;\n\t\t\t}\n\t\t\t<\/style><div class=\"wpforms-container wpforms-container-full wpforms-block wpforms-block-3f67e966-fbe6-4bb0-9846-401522fb3e03 wpforms-render-modern\" id=\"wpforms-118\"><form id=\"wpforms-form-118\" class=\"wpforms-validate wpforms-form wpforms-ajax-form\" data-formid=\"118\" method=\"post\" enctype=\"multipart\/form-data\" action=\"\/sgc1\/wp-json\/wp\/v2\/pages\/43\" data-token=\"b40650227c06ffb4f96bdd4794a6f2f4\" data-token-time=\"1776111763\"><noscript class=\"wpforms-error-noscript\">Veuillez activer JavaScript dans votre navigateur pour remplir ce formulaire.<\/noscript><div id=\"wpforms-error-noscript\" style=\"display: none;\">Veuillez activer JavaScript dans votre navigateur pour remplir ce formulaire.<\/div><div class=\"wpforms-field-container\"><div id=\"wpforms-118-field_1-container\" class=\"wpforms-field wpforms-field-name\" data-field-id=\"1\"><fieldset><legend class=\"wpforms-field-label\">Nom <span class=\"wpforms-required-label\" aria-hidden=\"true\">*<\/span><\/legend><div class=\"wpforms-field-row wpforms-field-medium\"><div class=\"wpforms-field-row-block wpforms-first wpforms-one-half\"><input type=\"text\" id=\"wpforms-118-field_1\" class=\"wpforms-field-name-first wpforms-field-required\" name=\"wpforms[fields][1][first]\" aria-errormessage=\"wpforms-118-field_1-error\" required><label for=\"wpforms-118-field_1\" class=\"wpforms-field-sublabel after\">Pr\u00e9nom<\/label><\/div><div class=\"wpforms-field-row-block wpforms-one-half\"><input type=\"text\" id=\"wpforms-118-field_1-last\" class=\"wpforms-field-name-last wpforms-field-required\" name=\"wpforms[fields][1][last]\" aria-errormessage=\"wpforms-118-field_1-last-error\" required><label for=\"wpforms-118-field_1-last\" class=\"wpforms-field-sublabel after\">Nom<\/label><\/div><\/div><\/fieldset><\/div><div id=\"wpforms-118-field_2-container\" class=\"wpforms-field wpforms-field-email\" data-field-id=\"2\"><label class=\"wpforms-field-label\" for=\"wpforms-118-field_2\">E-mail <span class=\"wpforms-required-label\" aria-hidden=\"true\">*<\/span><\/label><input type=\"email\" id=\"wpforms-118-field_2\" class=\"wpforms-field-medium wpforms-field-required\" name=\"wpforms[fields][2]\" spellcheck=\"false\" aria-errormessage=\"wpforms-118-field_2-error\" required><\/div><div id=\"wpforms-118-field_4-container\" class=\"wpforms-field wpforms-field-number\" data-field-id=\"4\"><label class=\"wpforms-field-label\" for=\"wpforms-118-field_4\">Num\u00e9ro de t\u00e9l\u00e9phone <span class=\"wpforms-required-label\" aria-hidden=\"true\">*<\/span><\/label><input type=\"number\" id=\"wpforms-118-field_4\" class=\"wpforms-field-medium wpforms-field-required\" name=\"wpforms[fields][4]\" step=\"any\" aria-errormessage=\"wpforms-118-field_4-error\" required><\/div><div id=\"wpforms-118-field_5-container\" class=\"wpforms-field wpforms-field-select wpforms-field-select-style-classic\" data-field-id=\"5\"><label class=\"wpforms-field-label\" for=\"wpforms-118-field_5\">Nombre de personnes <span class=\"wpforms-required-label\" aria-hidden=\"true\">*<\/span><\/label><select id=\"wpforms-118-field_5\" class=\"wpforms-field-medium wpforms-field-required\" name=\"wpforms[fields][5]\" required=\"required\"><option value=\"\" class=\"placeholder\" disabled  selected='selected'>&#8212; S\u00e9lectionner un choix &#8212;<\/option><option value=\"1-2 personnes\"  class=\"choice-1 depth-1\"  >1-2 personnes<\/option><option value=\"3-4 personnes\"  class=\"choice-2 depth-1\"  >3-4 personnes<\/option><option value=\"5-6 personnes\"  class=\"choice-3 depth-1\"  >5-6 personnes<\/option><option value=\"7 personnes et plus\"  class=\"choice-4 depth-1\"  >7 personnes et plus<\/option><\/select><\/div><div id=\"wpforms-118-field_6-container\" class=\"wpforms-field wpforms-field-number-slider\" data-field-id=\"6\"><label class=\"wpforms-field-label\" for=\"wpforms-118-field_6\">Date souhait\u00e9e<\/label>\n<input\n\ttype=\"range\"\n\tid=\"wpforms-118-field_6\" class=\"wpforms-field-medium\" name=\"wpforms[fields][6]\" value=\"0\" aria-errormessage=\"wpforms-118-field_6-error\"\t\tmin=\"0\"\n\tmax=\"12\"\n\tstep=\"1\">\n\n<div class=\"wpforms-field-number-slider-hint\"\n\tdata-hint=\"Valeur s\u00e9lectionn\u00e9e\u00a0: {value}\">\n\tValeur s\u00e9lectionn\u00e9e\u00a0: <b>0<\/b><\/div>\n<\/div>\t\t<div id=\"wpforms-118-field_3-container\"\n\t\t\tclass=\"wpforms-field wpforms-field-text\"\n\t\t\tdata-field-type=\"text\"\n\t\t\tdata-field-id=\"3\"\n\t\t\t>\n\t\t\t<label class=\"wpforms-field-label\" for=\"wpforms-118-field_3\" >sp\u00e9ciales de personnes<\/label>\n\t\t\t<input type=\"text\" id=\"wpforms-118-field_3\" class=\"wpforms-field-medium\" name=\"wpforms[fields][3]\" >\n\t\t<\/div>\n\t\t<div id=\"wpforms-118-field_7-container\" class=\"wpforms-field wpforms-field-textarea\" data-field-id=\"7\"><label class=\"wpforms-field-label\" for=\"wpforms-118-field_7\">Allergies ou demandes sp\u00e9ciales<\/label><textarea id=\"wpforms-118-field_7\" class=\"wpforms-field-medium\" name=\"wpforms[fields][7]\" aria-errormessage=\"wpforms-118-field_7-error\" ><\/textarea><\/div><script>\n\t\t\t\t( function() {\n\t\t\t\t\tconst style = document.createElement( 'style' );\n\t\t\t\t\tstyle.appendChild( document.createTextNode( '#wpforms-118-field_3-container { position: absolute !important; overflow: hidden !important; display: inline !important; height: 1px !important; width: 1px !important; z-index: -1000 !important; padding: 0 !important; } #wpforms-118-field_3-container input { visibility: hidden; } #wpforms-conversational-form-page #wpforms-118-field_3-container label { counter-increment: none; }' ) );\n\t\t\t\t\tdocument.head.appendChild( style );\n\t\t\t\t\tdocument.currentScript?.remove();\n\t\t\t\t} )();\n\t\t\t<\/script><\/div><!-- .wpforms-field-container --><div class=\"wpforms-submit-container\" ><input type=\"hidden\" name=\"wpforms[id]\" value=\"118\"><input type=\"hidden\" name=\"page_title\" value=\"\"><input type=\"hidden\" name=\"page_url\" value=\"https:\/\/remiguyon.techniquesmedia.com\/sgc1\/wp-json\/wp\/v2\/pages\/43\"><input type=\"hidden\" name=\"url_referer\" value=\"\"><button type=\"submit\" name=\"wpforms[submit]\" id=\"wpforms-submit-118\" class=\"wpforms-submit\" data-alt-text=\"Envoi...\" data-submit-text=\"R\u00e9server ma table\" aria-live=\"assertive\" value=\"wpforms-submit\">R\u00e9server ma table<\/button><img loading=\"lazy\" decoding=\"async\" src=\"https:\/\/remiguyon.techniquesmedia.com\/sgc1\/wp-content\/plugins\/wpforms-lite\/assets\/images\/submit-spin.svg\" class=\"wpforms-submit-spinner\" style=\"display: none;\" width=\"26\" height=\"26\" alt=\"Chargement en cours\"><\/div><\/form><\/div>  <!-- .wpforms-container -->","protected":false},"excerpt":{"rendered":"<p>Guide du d\u00e9butant en caf\u00e9 de sp\u00e9cialit\u00e9 L&rsquo;univers du caf\u00e9 artisanal transcende la simple habitude matinale pour devenir une v\u00e9ritable exploration sensorielle, o\u00f9 chaque grain raconte l&rsquo;histoire unique de son terroir. Loin des standards industriels, ce mouvement privil\u00e9gie la tra\u00e7abilit\u00e9, une torr\u00e9faction m\u00e9ticuleuse et des m\u00e9thodes d&rsquo;extraction pr\u00e9cises visant \u00e0 sublimer des profils aromatiques complexes. [&hellip;]<\/p>\n","protected":false},"author":1,"featured_media":0,"parent":0,"menu_order":0,"comment_status":"closed","ping_status":"closed","template":"","meta":{"footnotes":""},"class_list":["post-43","page","type-page","status-publish","hentry"],"_links":{"self":[{"href":"https:\/\/remiguyon.techniquesmedia.com\/sgc1\/wp-json\/wp\/v2\/pages\/43","targetHints":{"allow":["GET"]}}],"collection":[{"href":"https:\/\/remiguyon.techniquesmedia.com\/sgc1\/wp-json\/wp\/v2\/pages"}],"about":[{"href":"https:\/\/remiguyon.techniquesmedia.com\/sgc1\/wp-json\/wp\/v2\/types\/page"}],"author":[{"embeddable":true,"href":"https:\/\/remiguyon.techniquesmedia.com\/sgc1\/wp-json\/wp\/v2\/users\/1"}],"replies":[{"embeddable":true,"href":"https:\/\/remiguyon.techniquesmedia.com\/sgc1\/wp-json\/wp\/v2\/comments?post=43"}],"version-history":[{"count":6,"href":"https:\/\/remiguyon.techniquesmedia.com\/sgc1\/wp-json\/wp\/v2\/pages\/43\/revisions"}],"predecessor-version":[{"id":122,"href":"https:\/\/remiguyon.techniquesmedia.com\/sgc1\/wp-json\/wp\/v2\/pages\/43\/revisions\/122"}],"wp:attachment":[{"href":"https:\/\/remiguyon.techniquesmedia.com\/sgc1\/wp-json\/wp\/v2\/media?parent=43"}],"curies":[{"name":"wp","href":"https:\/\/api.w.org\/{rel}","templated":true}]}}