{"id":100,"date":"2026-03-19T16:49:01","date_gmt":"2026-03-19T20:49:01","guid":{"rendered":"https:\/\/remiguyon.techniquesmedia.com\/sgc1-labo3\/?page_id=100"},"modified":"2026-03-19T17:02:18","modified_gmt":"2026-03-19T21:02:18","slug":"guide-de-securite-mycologique","status":"publish","type":"page","link":"https:\/\/remiguyon.techniquesmedia.com\/sgc1-labo3\/guide-de-securite-mycologique\/","title":{"rendered":"Guide de s\u00e9curit\u00e9 mycologique"},"content":{"rendered":"\n<p class=\"has-extra-large-font-size\">La cueillette de champignons sauvages peut \u00eatre une activit\u00e9 enrichissante et passionnante, mais elle comporte des risques s\u00e9rieux. Ce guide vous pr\u00e9sente les r\u00e8gles essentielles pour pratiquer la mycologie en toute s\u00e9curit\u00e9.<\/p>\n\n\n\n<div style=\"height:100px\" aria-hidden=\"true\" class=\"wp-block-spacer\"><\/div>\n\n\n\n<div class=\"wp-block-group alignfull has-quaternary-background-color has-background has-global-padding is-layout-constrained wp-block-group-is-layout-constrained\" style=\"padding-top:var(--wp--preset--spacing--70);padding-bottom:var(--wp--preset--spacing--70)\">\n<div class=\"wp-block-group alignwide has-global-padding is-layout-constrained wp-block-group-is-layout-constrained\">\n<h4 class=\"wp-block-heading alignwide has-hubot-sans-font-family\" style=\"margin-bottom:64px\">Les 10 r\u00e8gles d\u2019or de la cueillette s\u00e9curitaire<\/h4>\n\n\n\n<div class=\"wp-block-group alignwide has-global-padding is-layout-constrained wp-block-group-is-layout-constrained\">\n<hr class=\"wp-block-separator alignwide has-text-color has-tertiary-color has-alpha-channel-opacity has-tertiary-background-color has-background is-style-wide\"\/>\n\n\n\n<div class=\"wp-block-columns alignwide are-vertically-aligned-center is-layout-flex wp-container-core-columns-is-layout-28f84493 wp-block-columns-is-layout-flex\">\n<div class=\"wp-block-column is-vertically-aligned-center is-layout-flow wp-block-column-is-layout-flow\" style=\"flex-basis:8%\">\n<h4 class=\"wp-block-heading has-primary-color has-text-color has-link-color has-hubot-sans-font-family wp-elements-a146984f9b1969e548bad92fce68b17c\">1.<\/h4>\n<\/div>\n\n\n\n<div class=\"wp-block-column is-vertically-aligned-center is-layout-flow wp-block-column-is-layout-flow\" style=\"flex-basis:42%\">\n<h4 class=\"wp-block-heading has-hubot-sans-font-family has-large-font-size\">Ne jamais consommer un champignon sans identification certaine<\/h4>\n<\/div>\n\n\n\n<div class=\"wp-block-column is-vertically-aligned-center is-layout-flow wp-block-column-is-layout-flow\" style=\"flex-basis:50%\">\n<p>La r\u00e8gle la plus importante. En cas de doute, m\u00eame minime, abstenez-vous.<\/p>\n<\/div>\n<\/div>\n<\/div>\n\n\n\n<div class=\"wp-block-group alignwide has-global-padding is-layout-constrained wp-block-group-is-layout-constrained\">\n<hr class=\"wp-block-separator alignwide has-text-color has-tertiary-color has-alpha-channel-opacity has-tertiary-background-color has-background is-style-wide\"\/>\n\n\n\n<div class=\"wp-block-columns alignwide are-vertically-aligned-center is-layout-flex wp-container-core-columns-is-layout-28f84493 wp-block-columns-is-layout-flex\">\n<div class=\"wp-block-column is-vertically-aligned-center is-layout-flow wp-block-column-is-layout-flow\" style=\"flex-basis:8%\">\n<h4 class=\"wp-block-heading has-primary-color has-text-color has-link-color has-hubot-sans-font-family wp-elements-45b02598d2960d0c23ade4f10f6dc468\">2.<\/h4>\n<\/div>\n\n\n\n<div class=\"wp-block-column is-vertically-aligned-center is-layout-flow wp-block-column-is-layout-flow\" style=\"flex-basis:42%\">\n<h4 class=\"wp-block-heading has-hubot-sans-font-family has-large-font-size\">Faire valider votre identification par un expert<\/h4>\n<\/div>\n\n\n\n<div class=\"wp-block-column is-vertically-aligned-center is-layout-flow wp-block-column-is-layout-flow\" style=\"flex-basis:50%\">\n<p>Rejoignez un cercle de mycologues ou consultez un mycologue certifi\u00e9 avant toute consommation.<\/p>\n<\/div>\n<\/div>\n<\/div>\n\n\n\n<div class=\"wp-block-group alignwide has-global-padding is-layout-constrained wp-block-group-is-layout-constrained\">\n<hr class=\"wp-block-separator alignwide has-text-color has-tertiary-color has-alpha-channel-opacity has-tertiary-background-color has-background is-style-wide\"\/>\n\n\n\n<div class=\"wp-block-columns alignwide are-vertically-aligned-center is-layout-flex wp-container-core-columns-is-layout-28f84493 wp-block-columns-is-layout-flex\">\n<div class=\"wp-block-column is-vertically-aligned-center is-layout-flow wp-block-column-is-layout-flow\" style=\"flex-basis:8%\">\n<h4 class=\"wp-block-heading has-primary-color has-text-color has-link-color has-hubot-sans-font-family wp-elements-785c3c923319c33ee423d35244d82419\">3.<\/h4>\n<\/div>\n\n\n\n<div class=\"wp-block-column is-vertically-aligned-center is-layout-flow wp-block-column-is-layout-flow\" style=\"flex-basis:42%\">\n<h4 class=\"wp-block-heading has-hubot-sans-font-family has-large-font-size\">Cueillir uniquement ce que vous connaissez parfaitement<\/h4>\n<\/div>\n\n\n\n<div class=\"wp-block-column is-vertically-aligned-center is-layout-flow wp-block-column-is-layout-flow\" style=\"flex-basis:50%\">\n<p>Ne vous fiez jamais uniquement \u00e0 des photos ou descriptions en ligne.<\/p>\n<\/div>\n<\/div>\n<\/div>\n\n\n\n<div class=\"wp-block-group alignwide has-global-padding is-layout-constrained wp-block-group-is-layout-constrained\">\n<hr class=\"wp-block-separator alignwide has-text-color has-tertiary-color has-alpha-channel-opacity has-tertiary-background-color has-background is-style-wide\"\/>\n\n\n\n<div class=\"wp-block-columns alignwide are-vertically-aligned-center is-layout-flex wp-container-core-columns-is-layout-28f84493 wp-block-columns-is-layout-flex\">\n<div class=\"wp-block-column is-vertically-aligned-center is-layout-flow wp-block-column-is-layout-flow\" style=\"flex-basis:8%\">\n<h4 class=\"wp-block-heading has-primary-color has-text-color has-link-color has-hubot-sans-font-family wp-elements-47b258415b617a68b79b199dc2a40196\">4.<\/h4>\n<\/div>\n\n\n\n<div class=\"wp-block-column is-vertically-aligned-center is-layout-flow wp-block-column-is-layout-flow\" style=\"flex-basis:42%\">\n<h4 class=\"wp-block-heading has-hubot-sans-font-family has-large-font-size\">Examiner tous les crit\u00e8res d\u2019identification<\/h4>\n<\/div>\n\n\n\n<div class=\"wp-block-column is-vertically-aligned-center is-layout-flow wp-block-column-is-layout-flow\" style=\"flex-basis:50%\">\n<p>Couleur, forme, texture, odeur, habitat, p\u00e9riode, spor\u00e9e, et tous les d\u00e9tails microscopiques si n\u00e9cessaire.<\/p>\n<\/div>\n<\/div>\n<\/div>\n\n\n\n<div class=\"wp-block-group alignwide has-global-padding is-layout-constrained wp-block-group-is-layout-constrained\">\n<hr class=\"wp-block-separator alignwide has-text-color has-tertiary-color has-alpha-channel-opacity has-tertiary-background-color has-background is-style-wide\"\/>\n\n\n\n<div class=\"wp-block-columns alignwide are-vertically-aligned-center is-layout-flex wp-container-core-columns-is-layout-28f84493 wp-block-columns-is-layout-flex\">\n<div class=\"wp-block-column is-vertically-aligned-center is-layout-flow wp-block-column-is-layout-flow\" style=\"flex-basis:8%\">\n<h4 class=\"wp-block-heading has-primary-color has-text-color has-link-color has-hubot-sans-font-family wp-elements-569db32f94ffb3f654ccaf6196f29cea\">5.<\/h4>\n<\/div>\n\n\n\n<div class=\"wp-block-column is-vertically-aligned-center is-layout-flow wp-block-column-is-layout-flow\" style=\"flex-basis:42%\">\n<h4 class=\"wp-block-heading has-hubot-sans-font-family has-large-font-size\">M\u00e9fiez-vous des \u00ab trucs \u00bb populaires<\/h4>\n<\/div>\n\n\n\n<div class=\"wp-block-column is-vertically-aligned-center is-layout-flow wp-block-column-is-layout-flow\" style=\"flex-basis:50%\">\n<p>Les mythes comme \u00ab si \u00e7a noircit une cuill\u00e8re en argent, c\u2019est toxique \u00bb sont faux et dangereux.<\/p>\n<\/div>\n<\/div>\n<\/div>\n\n\n\n<div class=\"wp-block-group alignwide has-global-padding is-layout-constrained wp-block-group-is-layout-constrained\">\n<hr class=\"wp-block-separator alignwide has-text-color has-tertiary-color has-alpha-channel-opacity has-tertiary-background-color has-background is-style-wide\"\/>\n\n\n\n<div class=\"wp-block-columns alignwide are-vertically-aligned-center is-layout-flex wp-container-core-columns-is-layout-28f84493 wp-block-columns-is-layout-flex\">\n<div class=\"wp-block-column is-vertically-aligned-center is-layout-flow wp-block-column-is-layout-flow\" style=\"flex-basis:8%\">\n<h4 class=\"wp-block-heading has-primary-color has-text-color has-link-color has-hubot-sans-font-family wp-elements-f03b3f6832a8b06067714d71bc4b48c7\">6.<\/h4>\n<\/div>\n\n\n\n<div class=\"wp-block-column is-vertically-aligned-center is-layout-flow wp-block-column-is-layout-flow\" style=\"flex-basis:42%\">\n<h4 class=\"wp-block-heading has-hubot-sans-font-family has-large-font-size\">Photographier vos trouvailles sous tous les angles<\/h4>\n<\/div>\n\n\n\n<div class=\"wp-block-column is-vertically-aligned-center is-layout-flow wp-block-column-is-layout-flow\" style=\"flex-basis:50%\">\n<p>Chapeau (dessus et dessous), pied, contexte, coupe longitudinale. Cela aide \u00e0 l\u2019identification.<\/p>\n<\/div>\n<\/div>\n<\/div>\n\n\n\n<div class=\"wp-block-group alignwide has-global-padding is-layout-constrained wp-block-group-is-layout-constrained\">\n<hr class=\"wp-block-separator alignwide has-text-color has-tertiary-color has-alpha-channel-opacity has-tertiary-background-color has-background is-style-wide\"\/>\n\n\n\n<div class=\"wp-block-columns alignwide are-vertically-aligned-center is-layout-flex wp-container-core-columns-is-layout-28f84493 wp-block-columns-is-layout-flex\">\n<div class=\"wp-block-column is-vertically-aligned-center is-layout-flow wp-block-column-is-layout-flow\" style=\"flex-basis:8%\">\n<h4 class=\"wp-block-heading has-primary-color has-text-color has-link-color has-hubot-sans-font-family wp-elements-e1e4ac951ef7641737654a5bcd29a1ec\">7.<\/h4>\n<\/div>\n\n\n\n<div class=\"wp-block-column is-vertically-aligned-center is-layout-flow wp-block-column-is-layout-flow\" style=\"flex-basis:42%\">\n<h4 class=\"wp-block-heading has-hubot-sans-font-family has-large-font-size\">Noter le contexte \u00e9cologique<\/h4>\n<\/div>\n\n\n\n<div class=\"wp-block-column is-vertically-aligned-center is-layout-flow wp-block-column-is-layout-flow\" style=\"flex-basis:50%\">\n<p>Type de for\u00eat, arbres environnants, type de sol, saison. Ces informations sont cruciales.<\/p>\n<\/div>\n<\/div>\n<\/div>\n\n\n\n<div class=\"wp-block-group alignwide has-global-padding is-layout-constrained wp-block-group-is-layout-constrained\">\n<hr class=\"wp-block-separator alignwide has-text-color has-tertiary-color has-alpha-channel-opacity has-tertiary-background-color has-background is-style-wide\"\/>\n\n\n\n<div class=\"wp-block-columns alignwide are-vertically-aligned-center is-layout-flex wp-container-core-columns-is-layout-28f84493 wp-block-columns-is-layout-flex\">\n<div class=\"wp-block-column is-vertically-aligned-center is-layout-flow wp-block-column-is-layout-flow\" style=\"flex-basis:8%\">\n<h4 class=\"wp-block-heading has-primary-color has-text-color has-link-color has-hubot-sans-font-family wp-elements-7abf96f617cabcf6fa33da0d711209b0\">8.<\/h4>\n<\/div>\n\n\n\n<div class=\"wp-block-column is-vertically-aligned-center is-layout-flow wp-block-column-is-layout-flow\" style=\"flex-basis:42%\">\n<h4 class=\"wp-block-heading has-hubot-sans-font-family has-large-font-size\">Commencer par des esp\u00e8ces faciles \u00e0 identifier<\/h4>\n<\/div>\n\n\n\n<div class=\"wp-block-column is-vertically-aligned-center is-layout-flow wp-block-column-is-layout-flow\" style=\"flex-basis:50%\">\n<p>Privil\u00e9giez les esp\u00e8ces sans sosies toxiques pour d\u00e9buter.<\/p>\n<\/div>\n<\/div>\n<\/div>\n\n\n\n<div class=\"wp-block-group alignwide has-global-padding is-layout-constrained wp-block-group-is-layout-constrained\">\n<hr class=\"wp-block-separator alignwide has-text-color has-tertiary-color has-alpha-channel-opacity has-tertiary-background-color has-background is-style-wide\"\/>\n\n\n\n<div class=\"wp-block-columns alignwide are-vertically-aligned-center is-layout-flex wp-container-core-columns-is-layout-28f84493 wp-block-columns-is-layout-flex\">\n<div class=\"wp-block-column is-vertically-aligned-center is-layout-flow wp-block-column-is-layout-flow\" style=\"flex-basis:8%\">\n<h4 class=\"wp-block-heading has-primary-color has-text-color has-link-color has-hubot-sans-font-family wp-elements-313f214842b31002871b4baac2b1ca45\">9.<\/h4>\n<\/div>\n\n\n\n<div class=\"wp-block-column is-vertically-aligned-center is-layout-flow wp-block-column-is-layout-flow\" style=\"flex-basis:42%\">\n<h4 class=\"wp-block-heading has-hubot-sans-font-family has-large-font-size\">Cueillir responsablement<\/h4>\n<\/div>\n\n\n\n<div class=\"wp-block-column is-vertically-aligned-center is-layout-flow wp-block-column-is-layout-flow\" style=\"flex-basis:50%\">\n<p>Prenez seulement ce dont vous avez besoin, coupez au couteau, laissez des sp\u00e9cimens pour la reproduction.<\/p>\n<\/div>\n<\/div>\n<\/div>\n\n\n\n<div class=\"wp-block-group alignwide has-global-padding is-layout-constrained wp-block-group-is-layout-constrained\">\n<hr class=\"wp-block-separator alignwide has-text-color has-tertiary-color has-alpha-channel-opacity has-tertiary-background-color has-background is-style-wide\"\/>\n\n\n\n<div class=\"wp-block-columns alignwide are-vertically-aligned-center is-layout-flex wp-container-core-columns-is-layout-28f84493 wp-block-columns-is-layout-flex\">\n<div class=\"wp-block-column is-vertically-aligned-center is-layout-flow wp-block-column-is-layout-flow\" style=\"flex-basis:8%\">\n<h4 class=\"wp-block-heading has-primary-color has-text-color has-link-color has-hubot-sans-font-family wp-elements-1569a1d4a85388f81df2d839ce78bcb8\">10.<\/h4>\n<\/div>\n\n\n\n<div class=\"wp-block-column is-vertically-aligned-center is-layout-flow wp-block-column-is-layout-flow\" style=\"flex-basis:42%\">\n<h4 class=\"wp-block-heading has-hubot-sans-font-family has-large-font-size\">Conserver des \u00e9chantillons crus au r\u00e9frig\u00e9rateur<\/h4>\n<\/div>\n\n\n\n<div class=\"wp-block-column is-vertically-aligned-center is-layout-flow wp-block-column-is-layout-flow\" style=\"flex-basis:50%\">\n<p>En cas d\u2019intoxication, les m\u00e9decins pourront identifier l\u2019esp\u00e8ce consomm\u00e9e.<\/p>\n<\/div>\n<\/div>\n<\/div>\n<\/div>\n<\/div>\n\n\n\n<div class=\"wp-block-cover alignfull has-parallax\" style=\"margin-top:0;min-height:35vh;aspect-ratio:unset;\"><div class=\"wp-block-cover__image-background wp-image-101 size-full has-parallax\" style=\"background-position:50% 50%;background-image:url(https:\/\/remiguyon.techniquesmedia.com\/sgc1-labo3\/wp-content\/uploads\/2026\/03\/pexels-carboxaldehyde-1978340-3672955-scaled-1.jpg)\"><\/div><span aria-hidden=\"true\" class=\"wp-block-cover__background has-background-dim-0 has-background-dim\"><\/span><div class=\"wp-block-cover__inner-container has-global-padding is-layout-constrained wp-block-cover-is-layout-constrained\">\n<p class=\"has-text-align-center has-large-font-size\"><\/p>\n<\/div><\/div>\n","protected":false},"excerpt":{"rendered":"<p>La cueillette de champignons sauvages peut \u00eatre une activit\u00e9 enrichissante et passionnante, mais elle comporte des risques s\u00e9rieux. Ce guide vous pr\u00e9sente les r\u00e8gles essentielles pour pratiquer la mycologie en toute s\u00e9curit\u00e9. Les 10 r\u00e8gles d\u2019or de la cueillette s\u00e9curitaire 1. Ne jamais consommer un champignon sans identification certaine La r\u00e8gle la plus importante. En [&hellip;]<\/p>\n","protected":false},"author":1,"featured_media":0,"parent":0,"menu_order":0,"comment_status":"closed","ping_status":"closed","template":"","meta":{"footnotes":""},"class_list":["post-100","page","type-page","status-publish","hentry"],"_links":{"self":[{"href":"https:\/\/remiguyon.techniquesmedia.com\/sgc1-labo3\/wp-json\/wp\/v2\/pages\/100","targetHints":{"allow":["GET"]}}],"collection":[{"href":"https:\/\/remiguyon.techniquesmedia.com\/sgc1-labo3\/wp-json\/wp\/v2\/pages"}],"about":[{"href":"https:\/\/remiguyon.techniquesmedia.com\/sgc1-labo3\/wp-json\/wp\/v2\/types\/page"}],"author":[{"embeddable":true,"href":"https:\/\/remiguyon.techniquesmedia.com\/sgc1-labo3\/wp-json\/wp\/v2\/users\/1"}],"replies":[{"embeddable":true,"href":"https:\/\/remiguyon.techniquesmedia.com\/sgc1-labo3\/wp-json\/wp\/v2\/comments?post=100"}],"version-history":[{"count":4,"href":"https:\/\/remiguyon.techniquesmedia.com\/sgc1-labo3\/wp-json\/wp\/v2\/pages\/100\/revisions"}],"predecessor-version":[{"id":109,"href":"https:\/\/remiguyon.techniquesmedia.com\/sgc1-labo3\/wp-json\/wp\/v2\/pages\/100\/revisions\/109"}],"wp:attachment":[{"href":"https:\/\/remiguyon.techniquesmedia.com\/sgc1-labo3\/wp-json\/wp\/v2\/media?parent=100"}],"curies":[{"name":"wp","href":"https:\/\/api.w.org\/{rel}","templated":true}]}}