{"id":50,"date":"2026-02-20T10:47:56","date_gmt":"2026-02-20T15:47:56","guid":{"rendered":"https:\/\/remiguyon.techniquesmedia.com\/sgc1-labo2\/?page_id=50"},"modified":"2026-02-22T13:07:39","modified_gmt":"2026-02-22T18:07:39","slug":"piltover-2","status":"publish","type":"page","link":"https:\/\/remiguyon.techniquesmedia.com\/sgc1-labo2\/piltover-2\/","title":{"rendered":"Piltover"},"content":{"rendered":"\n<div class=\"wp-block-cover alignfull wp-duotone-unset-1\"><img loading=\"lazy\" decoding=\"async\" width=\"1024\" height=\"429\" class=\"wp-block-cover__image-background wp-image-29 size-large\" alt=\"\" src=\"https:\/\/remiguyon.techniquesmedia.com\/sgc1-labo2\/wp-content\/uploads\/2026\/02\/Piltover-1024x429.jpg\" data-object-fit=\"cover\" srcset=\"https:\/\/remiguyon.techniquesmedia.com\/sgc1-labo2\/wp-content\/uploads\/2026\/02\/Piltover-1024x429.jpg 1024w, https:\/\/remiguyon.techniquesmedia.com\/sgc1-labo2\/wp-content\/uploads\/2026\/02\/Piltover-300x126.jpg 300w, https:\/\/remiguyon.techniquesmedia.com\/sgc1-labo2\/wp-content\/uploads\/2026\/02\/Piltover-768x322.jpg 768w, https:\/\/remiguyon.techniquesmedia.com\/sgc1-labo2\/wp-content\/uploads\/2026\/02\/Piltover-1536x644.jpg 1536w, https:\/\/remiguyon.techniquesmedia.com\/sgc1-labo2\/wp-content\/uploads\/2026\/02\/Piltover-2048x858.jpg 2048w, https:\/\/remiguyon.techniquesmedia.com\/sgc1-labo2\/wp-content\/uploads\/2026\/02\/Piltover-1800x754.jpg 1800w\" sizes=\"auto, (max-width: 1024px) 100vw, 1024px\" \/><span aria-hidden=\"true\" class=\"wp-block-cover__background has-background-dim-0 has-background-dim\" style=\"background-color:#8b775b\"><\/span><div class=\"wp-block-cover__inner-container is-layout-flow wp-block-cover-is-layout-flow\">\n<p class=\"has-text-align-center has-large-font-size\"><\/p>\n<\/div><\/div>\n\n\n\n<div style=\"height:60px\" aria-hidden=\"true\" class=\"wp-block-spacer\"><\/div>\n\n\n\n<div class=\"wp-block-group is-layout-constrained wp-block-group-is-layout-constrained\">\n<h2 class=\"wp-block-heading has-pale-pink-color has-text-color has-link-color wp-elements-5d8a7c55fee9d123548b2ea27b3a2c81\">La cit\u00e9 du progr\u00e8s et de l\u2019innovation<\/h2>\n\n\n\n<p>Piltover est une m\u00e9tropole commer\u00e7ante et technologique consid\u00e9r\u00e9e comme le joyau de la modernit\u00e9 dans Runeterra. Perch\u00e9e sur des falaises dominant la mer, cette cit\u00e9 est le centre mondial du commerce, de la science et de l\u2019innovation magico-technologique.<\/p>\n\n\n\n<p>Ses inventeurs les plus brillants, appel\u00e9s les \u00ab Prodigies \u00bb, ont d\u00e9velopp\u00e9 une technologie unique : l\u2019Hextech, qui permet d\u2019exploiter la magie des cristaux pour alimenter des machines d\u2019une puissance inou\u00efe. Mais sous ses tours \u00e9tincelantes se cache une r\u00e9alit\u00e9 sombre \u2014 la cit\u00e9 basse de Zaun, o\u00f9 vivent ceux que le progr\u00e8s a laiss\u00e9s pour compte.<\/p>\n<\/div>\n\n\n\n<div style=\"height:60px\" aria-hidden=\"true\" class=\"wp-block-spacer\"><\/div>\n\n\n\n<hr class=\"wp-block-separator has-text-color has-pale-pink-color has-alpha-channel-opacity has-pale-pink-background-color has-background is-style-wide\"\/>\n\n\n\n<div style=\"height:60px\" aria-hidden=\"true\" class=\"wp-block-spacer\"><\/div>\n\n\n\n<div class=\"wp-block-columns alignwide is-layout-flex wp-container-core-columns-is-layout-28f84493 wp-block-columns-is-layout-flex\">\n<div class=\"wp-block-column is-vertically-aligned-center is-layout-flow wp-block-column-is-layout-flow\" style=\"flex-basis:33.33%\">\n<h3 class=\"wp-block-heading has-pale-pink-color has-text-color has-link-color wp-elements-27726e18e3f0374c363057fbc78886fc\">Histoire<\/h3>\n\n\n\n<p><em><em>Du comptoir marchand \u00e0 la capitale de l\u2019innovation<\/em><\/em><\/p>\n<\/div>\n\n\n\n<div class=\"wp-block-column is-layout-flow wp-block-column-is-layout-flow\" style=\"flex-basis:66.66%\">\n<p>Piltover a d\u2019abord \u00e9t\u00e9 un simple port de commerce, tirant profit de sa position g\u00e9ographique entre plusieurs grandes r\u00e9gions. Mais avec la d\u00e9couverte des cristaux Hextech et leur potentiel \u00e9nerg\u00e9tique, la ville a connu une r\u00e9volution industrielle et scientifique sans pr\u00e9c\u00e9dent.<\/p>\n\n\n\n<p>Des familles de marchands sont devenues des dynasties de savants. Des ateliers artisanaux ont c\u00e9d\u00e9 la place \u00e0 des usines ronflantes. En quelques g\u00e9n\u00e9rations, Piltover est devenue la ville la plus riche et la plus puissante technologiquement de Runeterra.<\/p>\n\n\n\n<p>Mais ce progr\u00e8s a un co\u00fbt : les fum\u00e9es des usines empoisonnent les quartiers inf\u00e9rieurs de Zaun, et la fracture entre riches et pauvres ne cesse de cro\u00eetre, alimentant la col\u00e8re et la r\u00e9sistance.<\/p>\n<\/div>\n<\/div>\n\n\n\n<div style=\"height:60px\" aria-hidden=\"true\" class=\"wp-block-spacer\"><\/div>\n\n\n\n<hr class=\"wp-block-separator has-text-color has-pale-pink-color has-alpha-channel-opacity has-pale-pink-background-color has-background is-style-wide\"\/>\n\n\n\n<div style=\"height:60px\" aria-hidden=\"true\" class=\"wp-block-spacer\"><\/div>\n\n\n\n<div class=\"wp-block-group alignwide is-layout-constrained wp-block-group-is-layout-constrained\">\n<h3 class=\"wp-block-heading has-text-align-center has-pale-pink-color has-text-color has-link-color wp-elements-9bcb57ffef811839873decd62e8913ba\">Champions<\/h3>\n\n\n\n<div class=\"wp-block-columns alignwide is-layout-flex wp-container-core-columns-is-layout-28f84493 wp-block-columns-is-layout-flex\">\n<div class=\"wp-block-column has-border-color has-pale-pink-border-color is-layout-flow wp-block-column-is-layout-flow\" style=\"border-width:1px;border-top-left-radius:16px;border-top-right-radius:16px;border-bottom-left-radius:16px;border-bottom-right-radius:16px;padding-top:var(--wp--preset--spacing--70);padding-right:var(--wp--preset--spacing--70);padding-bottom:var(--wp--preset--spacing--70);padding-left:var(--wp--preset--spacing--70)\">\n<figure class=\"wp-block-image aligncenter size-lol-champion is-style-rounded wp-duotone-unset-2\"><img loading=\"lazy\" decoding=\"async\" width=\"400\" height=\"400\" src=\"https:\/\/remiguyon.techniquesmedia.com\/sgc1-labo2\/wp-content\/uploads\/2026\/02\/piltover-jinx-400x400.jpg\" alt=\"\" class=\"wp-image-32\" srcset=\"https:\/\/remiguyon.techniquesmedia.com\/sgc1-labo2\/wp-content\/uploads\/2026\/02\/piltover-jinx-400x400.jpg 400w, https:\/\/remiguyon.techniquesmedia.com\/sgc1-labo2\/wp-content\/uploads\/2026\/02\/piltover-jinx-150x150.jpg 150w\" sizes=\"auto, (max-width: 400px) 100vw, 400px\" \/><\/figure>\n\n\n\n<h4 class=\"wp-block-heading has-text-align-center has-pale-pink-color has-text-color has-link-color wp-elements-d32f1d2560e6553c5357abca7de98295\">Jinx<\/h4>\n\n\n\n<h5 class=\"wp-block-heading has-text-align-center has-text-color has-link-color wp-elements-9af639b51b8e88741044b407ea1c7295\" style=\"color:#c0c0c0\">Tireur<\/h5>\n\n\n\n<p class=\"has-text-align-center has-small-font-size\">Criminelle impr\u00e9visible et g\u00e9nie explosif, Jinx s\u00e8me le chaos \u00e0 travers Piltover avec ses armes bizarres et son rire fou. (Originaire de Zaun)<\/p>\n<\/div>\n\n\n\n<div class=\"wp-block-column has-border-color has-pale-pink-border-color is-layout-flow wp-block-column-is-layout-flow\" style=\"border-width:1px;border-top-left-radius:16px;border-top-right-radius:16px;border-bottom-left-radius:16px;border-bottom-right-radius:16px;padding-top:var(--wp--preset--spacing--70);padding-right:var(--wp--preset--spacing--70);padding-bottom:var(--wp--preset--spacing--70);padding-left:var(--wp--preset--spacing--70)\">\n<figure class=\"wp-block-image aligncenter size-lol-champion is-style-rounded wp-duotone-unset-3\"><img loading=\"lazy\" decoding=\"async\" width=\"400\" height=\"400\" src=\"https:\/\/remiguyon.techniquesmedia.com\/sgc1-labo2\/wp-content\/uploads\/2026\/02\/piltover-vi-400x400.jpg\" alt=\"\" class=\"wp-image-33\" srcset=\"https:\/\/remiguyon.techniquesmedia.com\/sgc1-labo2\/wp-content\/uploads\/2026\/02\/piltover-vi-400x400.jpg 400w, https:\/\/remiguyon.techniquesmedia.com\/sgc1-labo2\/wp-content\/uploads\/2026\/02\/piltover-vi-150x150.jpg 150w\" sizes=\"auto, (max-width: 400px) 100vw, 400px\" \/><\/figure>\n\n\n\n<h4 class=\"wp-block-heading has-text-align-center has-pale-pink-color has-text-color has-link-color wp-elements-055db1d611a83d75fb0d066143e0c051\">Vi<\/h4>\n\n\n\n<h5 class=\"wp-block-heading has-text-align-center has-text-color has-link-color wp-elements-1885f0b620f58380b39f75146a667353\" style=\"color:#c0c0c0\">Combattante<\/h5>\n\n\n\n<p class=\"has-text-align-center has-small-font-size\">Ancienne habitante des bas-fonds, Vi est devenue une offici\u00e8re de l\u2019Ex\u00e9cutif de Piltover. Elle frappe d\u2019abord et pose les questions ensuite.<\/p>\n<\/div>\n<\/div>\n\n\n\n<div class=\"wp-block-columns alignwide is-layout-flex wp-container-core-columns-is-layout-28f84493 wp-block-columns-is-layout-flex\">\n<div class=\"wp-block-column has-border-color has-pale-pink-border-color is-layout-flow wp-block-column-is-layout-flow\" style=\"border-width:1px;border-top-left-radius:16px;border-top-right-radius:16px;border-bottom-left-radius:16px;border-bottom-right-radius:16px;padding-top:var(--wp--preset--spacing--70);padding-right:var(--wp--preset--spacing--70);padding-bottom:var(--wp--preset--spacing--70);padding-left:var(--wp--preset--spacing--70)\">\n<figure class=\"wp-block-image aligncenter size-lol-champion is-style-rounded wp-duotone-unset-4\"><img loading=\"lazy\" decoding=\"async\" width=\"400\" height=\"400\" src=\"https:\/\/remiguyon.techniquesmedia.com\/sgc1-labo2\/wp-content\/uploads\/2026\/02\/piltover-jayce-400x400.jpg\" alt=\"\" class=\"wp-image-31\" srcset=\"https:\/\/remiguyon.techniquesmedia.com\/sgc1-labo2\/wp-content\/uploads\/2026\/02\/piltover-jayce-400x400.jpg 400w, https:\/\/remiguyon.techniquesmedia.com\/sgc1-labo2\/wp-content\/uploads\/2026\/02\/piltover-jayce-150x150.jpg 150w\" sizes=\"auto, (max-width: 400px) 100vw, 400px\" \/><\/figure>\n\n\n\n<h4 class=\"wp-block-heading has-text-align-center has-pale-pink-color has-text-color has-link-color wp-elements-cfbfc058f6e2158c64e02d40eadb0c75\">Jayce<\/h4>\n\n\n\n<h5 class=\"wp-block-heading has-text-align-center has-text-color has-link-color wp-elements-d85218529c45bd531c9d8f643559b49b\" style=\"color:#c0c0c0\">Combattant \/ tireur<\/h5>\n\n\n\n<p class=\"has-text-align-center has-small-font-size\">Inventeur de g\u00e9nie et politicien de Piltover, Jayce se bat pour d\u00e9fendre le progr\u00e8s de sa cit\u00e9 gr\u00e2ce \u00e0 son marteau transformable.<\/p>\n<\/div>\n\n\n\n<div class=\"wp-block-column has-border-color has-pale-pink-border-color is-layout-flow wp-block-column-is-layout-flow\" style=\"border-width:1px;border-top-left-radius:16px;border-top-right-radius:16px;border-bottom-left-radius:16px;border-bottom-right-radius:16px;padding-top:var(--wp--preset--spacing--70);padding-right:var(--wp--preset--spacing--70);padding-bottom:var(--wp--preset--spacing--70);padding-left:var(--wp--preset--spacing--70)\">\n<figure class=\"wp-block-image aligncenter size-lol-champion is-style-rounded wp-duotone-unset-5\"><img loading=\"lazy\" decoding=\"async\" width=\"400\" height=\"400\" src=\"https:\/\/remiguyon.techniquesmedia.com\/sgc1-labo2\/wp-content\/uploads\/2026\/02\/piltover-caitlyn-400x400.jpg\" alt=\"\" class=\"wp-image-30\" srcset=\"https:\/\/remiguyon.techniquesmedia.com\/sgc1-labo2\/wp-content\/uploads\/2026\/02\/piltover-caitlyn-400x400.jpg 400w, https:\/\/remiguyon.techniquesmedia.com\/sgc1-labo2\/wp-content\/uploads\/2026\/02\/piltover-caitlyn-150x150.jpg 150w\" sizes=\"auto, (max-width: 400px) 100vw, 400px\" \/><\/figure>\n\n\n\n<h4 class=\"wp-block-heading has-text-align-center has-pale-pink-color has-text-color has-link-color wp-elements-ba0512ec95b403eedff061ac6a614d28\">Caitlyn<\/h4>\n\n\n\n<h5 class=\"wp-block-heading has-text-align-center has-text-color has-link-color wp-elements-9af639b51b8e88741044b407ea1c7295\" style=\"color:#c0c0c0\">Tireur<\/h5>\n\n\n\n<p class=\"has-text-align-center has-small-font-size\">La meilleure tireuse de Piltover et chef de l\u2019Ex\u00e9cutif. Caitlyn traque les criminels avec une pr\u00e9cision chirurgicale et une grande intelligence tactique.<\/p>\n<\/div>\n<\/div>\n<\/div>\n\n\n\n<div style=\"height:60px\" aria-hidden=\"true\" class=\"wp-block-spacer\"><\/div>\n\n\n\n<div class=\"wp-block-group is-layout-constrained wp-block-group-is-layout-constrained\">\n<h3 class=\"wp-block-heading has-pale-pink-color has-text-color has-link-color wp-elements-9b0074b4286419d34eaffe8d3e8d48b2\">Faits cl\u00e9s<\/h3>\n\n\n\n<div style=\"height:30px\" aria-hidden=\"true\" class=\"wp-block-spacer\"><\/div>\n\n\n\n<div class=\"wp-block-columns is-layout-flex wp-container-core-columns-is-layout-54e19f1e wp-block-columns-is-layout-flex\" style=\"border-top-style:none;border-top-width:0px;border-right-style:none;border-right-width:0px;border-bottom-color:var(--wp--preset--color--pale-pink);border-bottom-width:1px;border-left-style:none;border-left-width:0px;margin-top:0;margin-bottom:0;padding-top:var(--wp--preset--spacing--30);padding-bottom:var(--wp--preset--spacing--30)\">\n<div class=\"wp-block-column is-layout-flow wp-block-column-is-layout-flow\" style=\"border-style:none;border-width:0px\">\n<p class=\"has-pale-pink-color has-text-color has-link-color wp-elements-7ad6f6f5bfb5f4f649891615875def72\"><strong>Capitale<\/strong><\/p>\n<\/div>\n\n\n\n<div class=\"wp-block-column is-layout-flow wp-block-column-is-layout-flow\">\n<p>Piltover (la cit\u00e9 elle-m\u00eame)<\/p>\n<\/div>\n<\/div>\n\n\n\n<div class=\"wp-block-columns is-layout-flex wp-container-core-columns-is-layout-54e19f1e wp-block-columns-is-layout-flex\" style=\"border-top-style:none;border-top-width:0px;border-right-style:none;border-right-width:0px;border-bottom-color:var(--wp--preset--color--pale-pink);border-bottom-width:1px;border-left-style:none;border-left-width:0px;margin-top:0;margin-bottom:0;padding-top:var(--wp--preset--spacing--30);padding-bottom:var(--wp--preset--spacing--30)\">\n<div class=\"wp-block-column is-layout-flow wp-block-column-is-layout-flow\" style=\"border-style:none;border-width:0px\">\n<p class=\"has-pale-pink-color has-text-color has-link-color wp-elements-fcda25dab895a4c01e79e451c0e57070\"><strong>Gouvernement<\/strong><\/p>\n<\/div>\n\n\n\n<div class=\"wp-block-column is-layout-flow wp-block-column-is-layout-flow\">\n<p>Conseil des Familles marchandes<\/p>\n<\/div>\n<\/div>\n\n\n\n<div class=\"wp-block-columns is-layout-flex wp-container-core-columns-is-layout-54e19f1e wp-block-columns-is-layout-flex\" style=\"border-top-style:none;border-top-width:0px;border-right-style:none;border-right-width:0px;border-bottom-color:var(--wp--preset--color--pale-pink);border-bottom-width:1px;border-left-style:none;border-left-width:0px;margin-top:0;margin-bottom:0;padding-top:var(--wp--preset--spacing--30);padding-bottom:var(--wp--preset--spacing--30)\">\n<div class=\"wp-block-column is-layout-flow wp-block-column-is-layout-flow\" style=\"border-style:none;border-width:0px\">\n<p class=\"has-pale-pink-color has-text-color has-link-color wp-elements-c08bf4ccccc4eb1cb0372c93e533cb31\"><strong><strong>Terrain<\/strong><\/strong><\/p>\n<\/div>\n\n\n\n<div class=\"wp-block-column is-layout-flow wp-block-column-is-layout-flow\">\n<p>Falaises c\u00f4ti\u00e8res, ville haute et ville basse (Zaun)<\/p>\n<\/div>\n<\/div>\n\n\n\n<div class=\"wp-block-columns is-layout-flex wp-container-core-columns-is-layout-54e19f1e wp-block-columns-is-layout-flex\" style=\"border-top-style:none;border-top-width:0px;border-right-style:none;border-right-width:0px;border-bottom-color:var(--wp--preset--color--pale-pink);border-bottom-width:1px;border-left-style:none;border-left-width:0px;margin-top:0;margin-bottom:0;padding-top:var(--wp--preset--spacing--30);padding-bottom:var(--wp--preset--spacing--30)\">\n<div class=\"wp-block-column is-layout-flow wp-block-column-is-layout-flow\" style=\"border-style:none;border-width:0px\">\n<p class=\"has-pale-pink-color has-text-color has-link-color wp-elements-83e1872965290004bfb36195b6c07985\"><strong><strong>Mentalit\u00e9<\/strong><\/strong><\/p>\n<\/div>\n\n\n\n<div class=\"wp-block-column is-layout-flow wp-block-column-is-layout-flow\">\n<p>Progr\u00e8s, innovation, commerce, comp\u00e9tition intellectuelle<\/p>\n<\/div>\n<\/div>\n\n\n\n<div class=\"wp-block-columns is-layout-flex wp-container-core-columns-is-layout-54e19f1e wp-block-columns-is-layout-flex\" style=\"border-top-style:none;border-top-width:0px;border-right-style:none;border-right-width:0px;border-bottom-color:var(--wp--preset--color--pale-pink);border-bottom-width:1px;border-left-style:none;border-left-width:0px;margin-top:0;margin-bottom:0;padding-top:var(--wp--preset--spacing--30);padding-bottom:var(--wp--preset--spacing--30)\">\n<div class=\"wp-block-column is-layout-flow wp-block-column-is-layout-flow\" style=\"border-style:none;border-width:0px\">\n<p class=\"has-pale-pink-color has-text-color has-link-color wp-elements-fd96af8b2702dd82261ddda27e2f7966\"><strong>Technologie phare<\/strong><\/p>\n<\/div>\n\n\n\n<div class=\"wp-block-column is-layout-flow wp-block-column-is-layout-flow\">\n<p>L\u2019Hextech (magie cristalline m\u00e9canis\u00e9e)<\/p>\n<\/div>\n<\/div>\n<\/div>\n\n\n\n<div style=\"height:60px\" aria-hidden=\"true\" class=\"wp-block-spacer\"><\/div>\n\n\n\n<blockquote class=\"wp-block-quote is-layout-flow wp-block-quote-is-layout-flow\">\n<p class=\"has-pale-pink-color has-text-color has-link-color has-large-font-size wp-elements-97210a26026aacb22bc5759f6e0a4d77\">\u00ab Le progr\u00e8s n\u2019a pas de limite. Seulement des esprits trop petits pour l\u2019imaginer.<\/p>\n\n\n\n<p>\u2014&nbsp;<em>Jayce, D\u00e9fenseur du Futur<\/em><\/p>\n<\/blockquote>\n\n\n\n<div style=\"height:100px\" aria-hidden=\"true\" class=\"wp-block-spacer\"><\/div>\n\n\n\n<div class=\"wp-block-cover alignfull wp-duotone-unset-10\"><img loading=\"lazy\" decoding=\"async\" width=\"1024\" height=\"745\" class=\"wp-block-cover__image-background wp-image-34 size-large\" alt=\"\" src=\"https:\/\/remiguyon.techniquesmedia.com\/sgc1-labo2\/wp-content\/uploads\/2026\/02\/regions-1024x745.png\" data-object-fit=\"cover\" srcset=\"https:\/\/remiguyon.techniquesmedia.com\/sgc1-labo2\/wp-content\/uploads\/2026\/02\/regions-1024x745.png 1024w, https:\/\/remiguyon.techniquesmedia.com\/sgc1-labo2\/wp-content\/uploads\/2026\/02\/regions-300x218.png 300w, https:\/\/remiguyon.techniquesmedia.com\/sgc1-labo2\/wp-content\/uploads\/2026\/02\/regions-768x559.png 768w, https:\/\/remiguyon.techniquesmedia.com\/sgc1-labo2\/wp-content\/uploads\/2026\/02\/regions-1536x1118.png 1536w, https:\/\/remiguyon.techniquesmedia.com\/sgc1-labo2\/wp-content\/uploads\/2026\/02\/regions-1649x1200.png 1649w, https:\/\/remiguyon.techniquesmedia.com\/sgc1-labo2\/wp-content\/uploads\/2026\/02\/regions.png 2048w\" sizes=\"auto, (max-width: 1024px) 100vw, 1024px\" \/><span aria-hidden=\"true\" class=\"wp-block-cover__background has-background-dim\" style=\"background-color:#4a524b\"><\/span><div class=\"wp-block-cover__inner-container is-layout-constrained wp-block-cover-is-layout-constrained\">\n<h3 class=\"wp-block-heading has-text-align-center has-large-font-size\">Explorer les autres r\u00e9gions<\/h3>\n\n\n\n<div class=\"wp-block-buttons is-content-justification-center is-layout-flex wp-container-core-buttons-is-layout-a89b3969 wp-block-buttons-is-layout-flex\">\n<div class=\"wp-block-button is-style-outline is-style-outline--6\"><a class=\"wp-block-button__link has-text-color has-link-color has-border-color wp-element-button\" href=\"https:\/\/remiguyon.techniquesmedia.com\/sgc1-labo2\/demacia-2\/\" style=\"border-color:#beaf90;border-top-left-radius:16px;border-top-right-radius:16px;border-bottom-left-radius:16px;border-bottom-right-radius:16px;color:#beaf90\">Demacia<\/a><\/div>\n\n\n\n<div class=\"wp-block-button is-style-outline is-style-outline--7\"><a class=\"wp-block-button__link has-text-color has-link-color has-border-color wp-element-button\" href=\"https:\/\/remiguyon.techniquesmedia.com\/sgc1-labo2\/noxus-2\/\" style=\"border-color:#beaf90;border-top-left-radius:16px;border-top-right-radius:16px;border-bottom-left-radius:16px;border-bottom-right-radius:16px;color:#beaf90\">Noxus<\/a><\/div>\n\n\n\n<div class=\"wp-block-button is-style-outline is-style-outline--8\"><a class=\"wp-block-button__link has-text-color has-link-color has-border-color wp-element-button\" href=\"https:\/\/remiguyon.techniquesmedia.com\/sgc1-labo2\/ionia-2\/\" style=\"border-color:#beaf90;border-top-left-radius:16px;border-top-right-radius:16px;border-bottom-left-radius:16px;border-bottom-right-radius:16px;color:#beaf90\">Ionia<\/a><\/div>\n\n\n\n<div class=\"wp-block-button is-style-outline is-style-outline--9\"><a class=\"wp-block-button__link has-text-color has-link-color has-border-color wp-element-button\" href=\"https:\/\/remiguyon.techniquesmedia.com\/sgc1-labo2\/piltover-2\/\" style=\"border-color:#beaf90;border-top-left-radius:16px;border-top-right-radius:16px;border-bottom-left-radius:16px;border-bottom-right-radius:16px;color:#beaf90\">Piltover<\/a><\/div>\n<\/div>\n<\/div><\/div>\n\n\n\n<div style=\"height:60px\" aria-hidden=\"true\" class=\"wp-block-spacer\"><\/div>\n\n\n\n<div class=\"wp-block-group has-black-color has-text-color has-background has-link-color wp-elements-f3c4c3ac686a578ee998504c7ca0c366 is-layout-constrained wp-container-core-group-is-layout-04169bb1 wp-block-group-is-layout-constrained\" style=\"border-top-left-radius:16px;border-top-right-radius:16px;border-bottom-left-radius:16px;border-bottom-right-radius:16px;background-color:#beaf90;padding-top:36px;padding-right:36px;padding-bottom:36px;padding-left:36px\">\n<h6 class=\"wp-block-heading\">\u00e0 PROPOS DE CE SITE<\/h6>\n\n\n\n<p>Ce site est un guide non officiel consacr\u00e9 aux r\u00e9gions de l\u2019univers de League of Legends. Il a \u00e9t\u00e9&nbsp;<strong>cr\u00e9\u00e9 \u00e0 des fins \u00e9ducatives<\/strong>&nbsp;dans le cadre du cours SGC 1.<\/p>\n\n\n\n<hr class=\"wp-block-separator has-text-color has-black-color has-alpha-channel-opacity has-black-background-color has-background is-style-wide\" style=\"margin-top:24px;margin-bottom:24px\"\/>\n\n\n\n<p class=\"has-small-font-size\">Tous les droits sur les personnages et l\u2019univers appartiennent \u00e0 Riot Games.<\/p>\n<\/div>\n","protected":false},"excerpt":{"rendered":"<p>La cit\u00e9 du progr\u00e8s et de l\u2019innovation Piltover est une m\u00e9tropole commer\u00e7ante et technologique consid\u00e9r\u00e9e comme le joyau de la modernit\u00e9 dans Runeterra. Perch\u00e9e sur des falaises dominant la mer, cette cit\u00e9 est le centre mondial du commerce, de la science et de l\u2019innovation magico-technologique. Ses inventeurs les plus brillants, appel\u00e9s les \u00ab Prodigies \u00bb, [&hellip;]<\/p>\n","protected":false},"author":1,"featured_media":0,"parent":0,"menu_order":0,"comment_status":"closed","ping_status":"closed","template":"","meta":{"footnotes":""},"class_list":["post-50","page","type-page","status-publish","hentry"],"_links":{"self":[{"href":"https:\/\/remiguyon.techniquesmedia.com\/sgc1-labo2\/wp-json\/wp\/v2\/pages\/50","targetHints":{"allow":["GET"]}}],"collection":[{"href":"https:\/\/remiguyon.techniquesmedia.com\/sgc1-labo2\/wp-json\/wp\/v2\/pages"}],"about":[{"href":"https:\/\/remiguyon.techniquesmedia.com\/sgc1-labo2\/wp-json\/wp\/v2\/types\/page"}],"author":[{"embeddable":true,"href":"https:\/\/remiguyon.techniquesmedia.com\/sgc1-labo2\/wp-json\/wp\/v2\/users\/1"}],"replies":[{"embeddable":true,"href":"https:\/\/remiguyon.techniquesmedia.com\/sgc1-labo2\/wp-json\/wp\/v2\/comments?post=50"}],"version-history":[{"count":3,"href":"https:\/\/remiguyon.techniquesmedia.com\/sgc1-labo2\/wp-json\/wp\/v2\/pages\/50\/revisions"}],"predecessor-version":[{"id":95,"href":"https:\/\/remiguyon.techniquesmedia.com\/sgc1-labo2\/wp-json\/wp\/v2\/pages\/50\/revisions\/95"}],"wp:attachment":[{"href":"https:\/\/remiguyon.techniquesmedia.com\/sgc1-labo2\/wp-json\/wp\/v2\/media?parent=50"}],"curies":[{"name":"wp","href":"https:\/\/api.w.org\/{rel}","templated":true}]}}