{"id":48,"date":"2026-02-20T10:47:07","date_gmt":"2026-02-20T15:47:07","guid":{"rendered":"https:\/\/remiguyon.techniquesmedia.com\/sgc1-labo2\/?page_id=48"},"modified":"2026-02-22T12:56:13","modified_gmt":"2026-02-22T17:56:13","slug":"ionia-2","status":"publish","type":"page","link":"https:\/\/remiguyon.techniquesmedia.com\/sgc1-labo2\/ionia-2\/","title":{"rendered":"Ionia"},"content":{"rendered":"\n<div class=\"wp-block-cover alignfull wp-duotone-unset-1\"><img loading=\"lazy\" decoding=\"async\" width=\"1024\" height=\"474\" class=\"wp-block-cover__image-background wp-image-19 size-large\" alt=\"\" src=\"https:\/\/remiguyon.techniquesmedia.com\/sgc1-labo2\/wp-content\/uploads\/2026\/02\/Ionia-1024x474.jpg\" data-object-fit=\"cover\" srcset=\"https:\/\/remiguyon.techniquesmedia.com\/sgc1-labo2\/wp-content\/uploads\/2026\/02\/Ionia-1024x474.jpg 1024w, https:\/\/remiguyon.techniquesmedia.com\/sgc1-labo2\/wp-content\/uploads\/2026\/02\/Ionia-300x139.jpg 300w, https:\/\/remiguyon.techniquesmedia.com\/sgc1-labo2\/wp-content\/uploads\/2026\/02\/Ionia-768x355.jpg 768w, https:\/\/remiguyon.techniquesmedia.com\/sgc1-labo2\/wp-content\/uploads\/2026\/02\/Ionia-1536x711.jpg 1536w, https:\/\/remiguyon.techniquesmedia.com\/sgc1-labo2\/wp-content\/uploads\/2026\/02\/Ionia-2048x948.jpg 2048w, https:\/\/remiguyon.techniquesmedia.com\/sgc1-labo2\/wp-content\/uploads\/2026\/02\/Ionia-1800x833.jpg 1800w\" sizes=\"auto, (max-width: 1024px) 100vw, 1024px\" \/><span aria-hidden=\"true\" class=\"wp-block-cover__background has-background-dim-0 has-background-dim\" style=\"background-color:#7a716e\"><\/span><div class=\"wp-block-cover__inner-container is-layout-flow wp-block-cover-is-layout-flow\">\n<p class=\"has-text-align-center has-large-font-size\"><\/p>\n<\/div><\/div>\n\n\n\n<div style=\"height:60px\" aria-hidden=\"true\" class=\"wp-block-spacer\"><\/div>\n\n\n\n<div class=\"wp-block-group is-layout-constrained wp-block-group-is-layout-constrained\">\n<h2 class=\"wp-block-heading has-pale-pink-color has-text-color has-link-color wp-elements-955660c2ac40be4c705f7c137e629613\">La terre de l\u2019\u00e9quilibre et de la magie ancestrale<\/h2>\n\n\n\n<p>Ionia est un archipel d\u2019\u00eeles situ\u00e9es \u00e0 l\u2019est de Runeterra, dont la beaut\u00e9 naturelle cache une magie profonde et ancienne. C\u2019est peut-\u00eatre la r\u00e9gion la plus spirituellement avanc\u00e9e du monde connu : ses habitants vivent en harmonie avec les \u00e9nergies du monde et ma\u00eetrisent des arts martiaux et magiques mill\u00e9naires.<\/p>\n\n\n\n<p>Longtemps isol\u00e9e par choix, Ionia a subi l\u2019invasion de l\u2019empire Noxien et en porte encore les cicatrices. Mais dans l\u2019adversit\u00e9, de nombreux champions ioniens ont \u00e9merg\u00e9 \u2014 certains pour prot\u00e9ger leur terre, d\u2019autres pour se venger, et d\u2019autres encore pour trouver une voie vers la paix.<\/p>\n<\/div>\n\n\n\n<div style=\"height:60px\" aria-hidden=\"true\" class=\"wp-block-spacer\"><\/div>\n\n\n\n<hr class=\"wp-block-separator has-text-color has-pale-pink-color has-alpha-channel-opacity has-pale-pink-background-color has-background is-style-wide\"\/>\n\n\n\n<div style=\"height:60px\" aria-hidden=\"true\" class=\"wp-block-spacer\"><\/div>\n\n\n\n<div class=\"wp-block-group alignwide is-layout-constrained wp-block-group-is-layout-constrained\">\n<h3 class=\"wp-block-heading has-text-align-center has-pale-pink-color has-text-color has-link-color wp-elements-9bcb57ffef811839873decd62e8913ba\">Champions<\/h3>\n\n\n\n<div class=\"wp-block-columns alignwide is-layout-flex wp-container-core-columns-is-layout-28f84493 wp-block-columns-is-layout-flex\">\n<div class=\"wp-block-column has-border-color has-pale-pink-border-color is-layout-flow wp-block-column-is-layout-flow\" style=\"border-width:1px;border-top-left-radius:16px;border-top-right-radius:16px;border-bottom-left-radius:16px;border-bottom-right-radius:16px;padding-top:var(--wp--preset--spacing--70);padding-right:var(--wp--preset--spacing--70);padding-bottom:var(--wp--preset--spacing--70);padding-left:var(--wp--preset--spacing--70)\">\n<figure class=\"wp-block-image aligncenter size-lol-champion is-style-rounded wp-duotone-unset-2\"><img loading=\"lazy\" decoding=\"async\" width=\"400\" height=\"400\" src=\"https:\/\/remiguyon.techniquesmedia.com\/sgc1-labo2\/wp-content\/uploads\/2026\/02\/ionia-yasuo-400x400.jpg\" alt=\"\" class=\"wp-image-23\" srcset=\"https:\/\/remiguyon.techniquesmedia.com\/sgc1-labo2\/wp-content\/uploads\/2026\/02\/ionia-yasuo-400x400.jpg 400w, https:\/\/remiguyon.techniquesmedia.com\/sgc1-labo2\/wp-content\/uploads\/2026\/02\/ionia-yasuo-150x150.jpg 150w\" sizes=\"auto, (max-width: 400px) 100vw, 400px\" \/><\/figure>\n\n\n\n<h4 class=\"wp-block-heading has-text-align-center has-pale-pink-color has-text-color has-link-color wp-elements-93084b7851a89582480dda58836214e8\">Yasuo<\/h4>\n\n\n\n<h5 class=\"wp-block-heading has-text-align-center has-text-color has-link-color wp-elements-0949146d3c1e6f5174019e13d92e8269\" style=\"color:#c0c0c0\">Combattant \/ Assassin<\/h5>\n\n\n\n<p class=\"has-text-align-center has-small-font-size\">Samoura\u00ef banni et accus\u00e9 \u00e0 tort d\u2019un meurtre qu\u2019il n\u2019a pas commis, Yasuo erre \u00e0 travers Ionia en cherchant la v\u00e9rit\u00e9 et la r\u00e9demption.<\/p>\n<\/div>\n\n\n\n<div class=\"wp-block-column has-border-color has-pale-pink-border-color is-layout-flow wp-block-column-is-layout-flow\" style=\"border-width:1px;border-top-left-radius:16px;border-top-right-radius:16px;border-bottom-left-radius:16px;border-bottom-right-radius:16px;padding-top:var(--wp--preset--spacing--70);padding-right:var(--wp--preset--spacing--70);padding-bottom:var(--wp--preset--spacing--70);padding-left:var(--wp--preset--spacing--70)\">\n<figure class=\"wp-block-image aligncenter size-lol-champion is-style-rounded wp-duotone-unset-3\"><img loading=\"lazy\" decoding=\"async\" width=\"400\" height=\"400\" src=\"https:\/\/remiguyon.techniquesmedia.com\/sgc1-labo2\/wp-content\/uploads\/2026\/02\/ionia-irelia-400x400.jpg\" alt=\"\" class=\"wp-image-21\" srcset=\"https:\/\/remiguyon.techniquesmedia.com\/sgc1-labo2\/wp-content\/uploads\/2026\/02\/ionia-irelia-400x400.jpg 400w, https:\/\/remiguyon.techniquesmedia.com\/sgc1-labo2\/wp-content\/uploads\/2026\/02\/ionia-irelia-150x150.jpg 150w\" sizes=\"auto, (max-width: 400px) 100vw, 400px\" \/><\/figure>\n\n\n\n<h4 class=\"wp-block-heading has-text-align-center has-pale-pink-color has-text-color has-link-color wp-elements-1209ae0a6f8d99c2aac196540b135a56\">Irelia<\/h4>\n\n\n\n<h5 class=\"wp-block-heading has-text-align-center has-text-color has-link-color wp-elements-1885f0b620f58380b39f75146a667353\" style=\"color:#c0c0c0\">Combattante<\/h5>\n\n\n\n<p class=\"has-text-align-center has-small-font-size\">Ancienne danseuse devenue chef de la r\u00e9sistance ionienne, Irelia contr\u00f4le des lames flottantes avec une pr\u00e9cision et une gr\u00e2ce mortelles.<\/p>\n<\/div>\n<\/div>\n\n\n\n<div class=\"wp-block-columns alignwide is-layout-flex wp-container-core-columns-is-layout-28f84493 wp-block-columns-is-layout-flex\">\n<div class=\"wp-block-column has-border-color has-pale-pink-border-color is-layout-flow wp-block-column-is-layout-flow\" style=\"border-width:1px;border-top-left-radius:16px;border-top-right-radius:16px;border-bottom-left-radius:16px;border-bottom-right-radius:16px;padding-top:var(--wp--preset--spacing--70);padding-right:var(--wp--preset--spacing--70);padding-bottom:var(--wp--preset--spacing--70);padding-left:var(--wp--preset--spacing--70)\">\n<figure class=\"wp-block-image aligncenter size-lol-champion is-style-rounded wp-duotone-unset-4\"><img loading=\"lazy\" decoding=\"async\" width=\"400\" height=\"400\" src=\"https:\/\/remiguyon.techniquesmedia.com\/sgc1-labo2\/wp-content\/uploads\/2026\/02\/ionia-karma-400x400.jpg\" alt=\"\" class=\"wp-image-22\" srcset=\"https:\/\/remiguyon.techniquesmedia.com\/sgc1-labo2\/wp-content\/uploads\/2026\/02\/ionia-karma-400x400.jpg 400w, https:\/\/remiguyon.techniquesmedia.com\/sgc1-labo2\/wp-content\/uploads\/2026\/02\/ionia-karma-150x150.jpg 150w\" sizes=\"auto, (max-width: 400px) 100vw, 400px\" \/><\/figure>\n\n\n\n<h4 class=\"wp-block-heading has-text-align-center has-pale-pink-color has-text-color has-link-color wp-elements-168141057c1de599436cdef68f2705c7\">Fiora<\/h4>\n\n\n\n<h5 class=\"wp-block-heading has-text-align-center has-text-color has-link-color wp-elements-e4bab1a3799e5769194c94b121a8a5ee\" style=\"color:#c0c0c0\">Mage \/ support<\/h5>\n\n\n\n<p class=\"has-text-align-center has-small-font-size\">Karma est l\u2019incarnation de l\u2019\u00e2me d\u2019Ionia \u2014 une ma\u00eetresse spirituelle qui porte le poids de ses vies pass\u00e9es et pr\u00e9sentes pour guider son peuple.<\/p>\n<\/div>\n\n\n\n<div class=\"wp-block-column has-border-color has-pale-pink-border-color is-layout-flow wp-block-column-is-layout-flow\" style=\"border-width:1px;border-top-left-radius:16px;border-top-right-radius:16px;border-bottom-left-radius:16px;border-bottom-right-radius:16px;padding-top:var(--wp--preset--spacing--70);padding-right:var(--wp--preset--spacing--70);padding-bottom:var(--wp--preset--spacing--70);padding-left:var(--wp--preset--spacing--70)\">\n<figure class=\"wp-block-image aligncenter size-lol-champion is-style-rounded wp-duotone-unset-5\"><img loading=\"lazy\" decoding=\"async\" width=\"400\" height=\"400\" src=\"https:\/\/remiguyon.techniquesmedia.com\/sgc1-labo2\/wp-content\/uploads\/2026\/02\/ionia-akali-400x400.jpg\" alt=\"\" class=\"wp-image-20\" srcset=\"https:\/\/remiguyon.techniquesmedia.com\/sgc1-labo2\/wp-content\/uploads\/2026\/02\/ionia-akali-400x400.jpg 400w, https:\/\/remiguyon.techniquesmedia.com\/sgc1-labo2\/wp-content\/uploads\/2026\/02\/ionia-akali-150x150.jpg 150w\" sizes=\"auto, (max-width: 400px) 100vw, 400px\" \/><\/figure>\n\n\n\n<h4 class=\"wp-block-heading has-text-align-center has-pale-pink-color has-text-color has-link-color wp-elements-ee46dda2c0d216e71fd751caab331e69\">Senna<\/h4>\n\n\n\n<h5 class=\"wp-block-heading has-text-align-center has-text-color has-link-color wp-elements-915d3adf049b472a2b5f39da1d6272e5\" style=\"color:#c0c0c0\">Assassin<\/h5>\n\n\n\n<p class=\"has-text-align-center has-small-font-size\">Ancienne \u00e9l\u00e8ve de la Guilde des Tueurs, Akali a bris\u00e9 ses cha\u00eenes pour agir selon sa propre justice, rapide et impitoyable.<\/p>\n<\/div>\n<\/div>\n<\/div>\n\n\n\n<div style=\"height:60px\" aria-hidden=\"true\" class=\"wp-block-spacer\"><\/div>\n\n\n\n<hr class=\"wp-block-separator has-text-color has-pale-pink-color has-alpha-channel-opacity has-pale-pink-background-color has-background is-style-wide\"\/>\n\n\n\n<div style=\"height:60px\" aria-hidden=\"true\" class=\"wp-block-spacer\"><\/div>\n\n\n\n<div class=\"wp-block-columns alignwide is-layout-flex wp-container-core-columns-is-layout-28f84493 wp-block-columns-is-layout-flex\">\n<div class=\"wp-block-column is-vertically-aligned-center is-layout-flow wp-block-column-is-layout-flow\" style=\"flex-basis:33.33%\">\n<h3 class=\"wp-block-heading has-pale-pink-color has-text-color has-link-color wp-elements-27726e18e3f0374c363057fbc78886fc\">Histoire<\/h3>\n\n\n\n<p><em><em>L\u2019invasion et la r\u00e9sistance<\/em><\/em><\/p>\n<\/div>\n\n\n\n<div class=\"wp-block-column is-layout-flow wp-block-column-is-layout-flow\" style=\"flex-basis:66.66%\">\n<p>Pendant des si\u00e8cles, Ionia a v\u00e9cu repli\u00e9e sur elle-m\u00eame, valorisant la contemplation, la nature et l\u2019\u00e9quilibre spirituel plut\u00f4t que la politique militaire. Cette ouverture au monde devint sa vuln\u00e9rabilit\u00e9 quand Noxus y d\u00e9barqua ses arm\u00e9es.<\/p>\n\n\n\n<p>La guerre fut longue et douloureuse. Des villages entiers furent br\u00fbl\u00e9s, des temples profan\u00e9s, et des milliers de civils massacr\u00e9s. C\u2019est dans ce contexte que des figures comme Irelia, Yasuo et Karma \u00e9merg\u00e8rent, chacun portant sa propre r\u00e9ponse \u00e0 la violence subie.<\/p>\n\n\n\n<p>Aujourd\u2019hui, Noxus a retir\u00e9 ses troupes, mais les blessures demeurent. La question de l\u2019\u00e9quilibre entre vengeance et r\u00e9conciliation divise encore les c\u0153urs ioniens.<\/p>\n<\/div>\n<\/div>\n\n\n\n<div style=\"height:60px\" aria-hidden=\"true\" class=\"wp-block-spacer\"><\/div>\n\n\n\n<div class=\"wp-block-cover alignfull is-light wp-duotone-default-filter\" style=\"margin-top:0;margin-bottom:0;padding-top:var(--wp--preset--spacing--70);padding-right:var(--wp--preset--spacing--70);padding-bottom:var(--wp--preset--spacing--70);padding-left:var(--wp--preset--spacing--70);min-height:50px;aspect-ratio:unset;\"><span aria-hidden=\"true\" class=\"wp-block-cover__background has-pale-pink-background-color has-background-dim-100 has-background-dim\"><\/span><div class=\"wp-block-cover__inner-container is-layout-constrained wp-container-core-cover-is-layout-30926413 wp-block-cover-is-layout-constrained\">\n<blockquote class=\"wp-block-quote has-black-color has-text-color has-link-color wp-elements-a798639464e6a27fb858e5cf891c7f3c is-layout-flow wp-block-quote-is-layout-flow\">\n<p class=\"has-black-color has-text-color has-link-color has-large-font-size wp-elements-0f8cbe8579998a678fa6d6873f156322\">\u00ab M\u00eame le vent le plus violent finit par se calmer. C\u2019est dans le calme que la vraie force se r\u00e9v\u00e8le. \u00bb<\/p>\n\n\n\n<p>\u2014\u00a0<em>Karma, l\u2019Illumin\u00e9e<\/em><\/p>\n<\/blockquote>\n<\/div><\/div>\n\n\n\n<div style=\"height:80px\" aria-hidden=\"true\" class=\"wp-block-spacer\"><\/div>\n\n\n\n<div class=\"wp-block-group is-layout-constrained wp-block-group-is-layout-constrained\">\n<h3 class=\"wp-block-heading has-pale-pink-color has-text-color has-link-color wp-elements-9b0074b4286419d34eaffe8d3e8d48b2\">Faits cl\u00e9s<\/h3>\n\n\n\n<div style=\"height:30px\" aria-hidden=\"true\" class=\"wp-block-spacer\"><\/div>\n\n\n\n<div class=\"wp-block-columns is-layout-flex wp-container-core-columns-is-layout-54e19f1e wp-block-columns-is-layout-flex\" style=\"border-top-style:none;border-top-width:0px;border-right-style:none;border-right-width:0px;border-bottom-color:var(--wp--preset--color--pale-pink);border-bottom-width:1px;border-left-style:none;border-left-width:0px;margin-top:0;margin-bottom:0;padding-top:var(--wp--preset--spacing--30);padding-bottom:var(--wp--preset--spacing--30)\">\n<div class=\"wp-block-column is-layout-flow wp-block-column-is-layout-flow\" style=\"border-style:none;border-width:0px\">\n<p class=\"has-pale-pink-color has-text-color has-link-color wp-elements-7ad6f6f5bfb5f4f649891615875def72\"><strong>Capitale<\/strong><\/p>\n<\/div>\n\n\n\n<div class=\"wp-block-column is-layout-flow wp-block-column-is-layout-flow\">\n<p>Navori (province principale)<\/p>\n<\/div>\n<\/div>\n\n\n\n<div class=\"wp-block-columns is-layout-flex wp-container-core-columns-is-layout-54e19f1e wp-block-columns-is-layout-flex\" style=\"border-top-style:none;border-top-width:0px;border-right-style:none;border-right-width:0px;border-bottom-color:var(--wp--preset--color--pale-pink);border-bottom-width:1px;border-left-style:none;border-left-width:0px;margin-top:0;margin-bottom:0;padding-top:var(--wp--preset--spacing--30);padding-bottom:var(--wp--preset--spacing--30)\">\n<div class=\"wp-block-column is-layout-flow wp-block-column-is-layout-flow\" style=\"border-style:none;border-width:0px\">\n<p class=\"has-pale-pink-color has-text-color has-link-color wp-elements-fcda25dab895a4c01e79e451c0e57070\"><strong>Gouvernement<\/strong><\/p>\n<\/div>\n\n\n\n<div class=\"wp-block-column is-layout-flow wp-block-column-is-layout-flow\">\n<p>Conseil des a\u00een\u00e9s spirituels<\/p>\n<\/div>\n<\/div>\n\n\n\n<div class=\"wp-block-columns is-layout-flex wp-container-core-columns-is-layout-54e19f1e wp-block-columns-is-layout-flex\" style=\"border-top-style:none;border-top-width:0px;border-right-style:none;border-right-width:0px;border-bottom-color:var(--wp--preset--color--pale-pink);border-bottom-width:1px;border-left-style:none;border-left-width:0px;margin-top:0;margin-bottom:0;padding-top:var(--wp--preset--spacing--30);padding-bottom:var(--wp--preset--spacing--30)\">\n<div class=\"wp-block-column is-layout-flow wp-block-column-is-layout-flow\" style=\"border-style:none;border-width:0px\">\n<p class=\"has-pale-pink-color has-text-color has-link-color wp-elements-c08bf4ccccc4eb1cb0372c93e533cb31\"><strong><strong>Terrain<\/strong><\/strong><\/p>\n<\/div>\n\n\n\n<div class=\"wp-block-column is-layout-flow wp-block-column-is-layout-flow\">\n<p>Archipel d\u2019\u00eeles verdoyantes, for\u00eats, montagnes brumeuses<\/p>\n<\/div>\n<\/div>\n\n\n\n<div class=\"wp-block-columns is-layout-flex wp-container-core-columns-is-layout-54e19f1e wp-block-columns-is-layout-flex\" style=\"border-top-style:none;border-top-width:0px;border-right-style:none;border-right-width:0px;border-bottom-color:var(--wp--preset--color--pale-pink);border-bottom-width:1px;border-left-style:none;border-left-width:0px;margin-top:0;margin-bottom:0;padding-top:var(--wp--preset--spacing--30);padding-bottom:var(--wp--preset--spacing--30)\">\n<div class=\"wp-block-column is-layout-flow wp-block-column-is-layout-flow\" style=\"border-style:none;border-width:0px\">\n<p class=\"has-pale-pink-color has-text-color has-link-color wp-elements-83e1872965290004bfb36195b6c07985\"><strong><strong>Mentalit\u00e9<\/strong><\/strong><\/p>\n<\/div>\n\n\n\n<div class=\"wp-block-column is-layout-flow wp-block-column-is-layout-flow\">\n<p>\u00c9quilibre, spiritualit\u00e9, arts martiaux, connexion \u00e0 la nature<\/p>\n<\/div>\n<\/div>\n\n\n\n<div class=\"wp-block-columns is-layout-flex wp-container-core-columns-is-layout-54e19f1e wp-block-columns-is-layout-flex\" style=\"border-top-style:none;border-top-width:0px;border-right-style:none;border-right-width:0px;border-bottom-color:var(--wp--preset--color--pale-pink);border-bottom-width:1px;border-left-style:none;border-left-width:0px;margin-top:0;margin-bottom:0;padding-top:var(--wp--preset--spacing--30);padding-bottom:var(--wp--preset--spacing--30)\">\n<div class=\"wp-block-column is-layout-flow wp-block-column-is-layout-flow\" style=\"border-style:none;border-width:0px\">\n<p class=\"has-pale-pink-color has-text-color has-link-color wp-elements-3188d9221d6a4763f5264c38deb81599\"><strong>Magie sp\u00e9cifique<\/strong><\/p>\n<\/div>\n\n\n\n<div class=\"wp-block-column is-layout-flow wp-block-column-is-layout-flow\">\n<p>Le Vastaya (magie animale) et la magie du vent<\/p>\n<\/div>\n<\/div>\n<\/div>\n\n\n\n<div style=\"height:100px\" aria-hidden=\"true\" class=\"wp-block-spacer\"><\/div>\n\n\n\n<div class=\"wp-block-cover alignfull wp-duotone-unset-10\"><img loading=\"lazy\" decoding=\"async\" width=\"1024\" height=\"745\" class=\"wp-block-cover__image-background wp-image-34 size-large\" alt=\"\" src=\"https:\/\/remiguyon.techniquesmedia.com\/sgc1-labo2\/wp-content\/uploads\/2026\/02\/regions-1024x745.png\" data-object-fit=\"cover\" srcset=\"https:\/\/remiguyon.techniquesmedia.com\/sgc1-labo2\/wp-content\/uploads\/2026\/02\/regions-1024x745.png 1024w, https:\/\/remiguyon.techniquesmedia.com\/sgc1-labo2\/wp-content\/uploads\/2026\/02\/regions-300x218.png 300w, https:\/\/remiguyon.techniquesmedia.com\/sgc1-labo2\/wp-content\/uploads\/2026\/02\/regions-768x559.png 768w, https:\/\/remiguyon.techniquesmedia.com\/sgc1-labo2\/wp-content\/uploads\/2026\/02\/regions-1536x1118.png 1536w, https:\/\/remiguyon.techniquesmedia.com\/sgc1-labo2\/wp-content\/uploads\/2026\/02\/regions-1649x1200.png 1649w, https:\/\/remiguyon.techniquesmedia.com\/sgc1-labo2\/wp-content\/uploads\/2026\/02\/regions.png 2048w\" sizes=\"auto, (max-width: 1024px) 100vw, 1024px\" \/><span aria-hidden=\"true\" class=\"wp-block-cover__background has-background-dim\" style=\"background-color:#4a524b\"><\/span><div class=\"wp-block-cover__inner-container is-layout-constrained wp-block-cover-is-layout-constrained\">\n<h3 class=\"wp-block-heading has-text-align-center has-large-font-size\">Explorer les autres r\u00e9gions<\/h3>\n\n\n\n<div class=\"wp-block-buttons is-content-justification-center is-layout-flex wp-container-core-buttons-is-layout-a89b3969 wp-block-buttons-is-layout-flex\">\n<div class=\"wp-block-button is-style-outline is-style-outline--6\"><a class=\"wp-block-button__link has-text-color has-link-color has-border-color wp-element-button\" href=\"https:\/\/remiguyon.techniquesmedia.com\/sgc1-labo2\/demacia-2\/\" style=\"border-color:#beaf90;border-top-left-radius:16px;border-top-right-radius:16px;border-bottom-left-radius:16px;border-bottom-right-radius:16px;color:#beaf90\">Demacia<\/a><\/div>\n\n\n\n<div class=\"wp-block-button is-style-outline is-style-outline--7\"><a class=\"wp-block-button__link has-text-color has-link-color has-border-color wp-element-button\" href=\"https:\/\/remiguyon.techniquesmedia.com\/sgc1-labo2\/noxus-2\/\" style=\"border-color:#beaf90;border-top-left-radius:16px;border-top-right-radius:16px;border-bottom-left-radius:16px;border-bottom-right-radius:16px;color:#beaf90\">Noxus<\/a><\/div>\n\n\n\n<div class=\"wp-block-button is-style-outline is-style-outline--8\"><a class=\"wp-block-button__link has-text-color has-link-color has-border-color wp-element-button\" href=\"https:\/\/remiguyon.techniquesmedia.com\/sgc1-labo2\/ionia-2\/\" style=\"border-color:#beaf90;border-top-left-radius:16px;border-top-right-radius:16px;border-bottom-left-radius:16px;border-bottom-right-radius:16px;color:#beaf90\">Ionia<\/a><\/div>\n\n\n\n<div class=\"wp-block-button is-style-outline is-style-outline--9\"><a class=\"wp-block-button__link has-text-color has-link-color has-border-color wp-element-button\" href=\"https:\/\/remiguyon.techniquesmedia.com\/sgc1-labo2\/piltover-2\/\" style=\"border-color:#beaf90;border-top-left-radius:16px;border-top-right-radius:16px;border-bottom-left-radius:16px;border-bottom-right-radius:16px;color:#beaf90\">Piltover<\/a><\/div>\n<\/div>\n<\/div><\/div>\n\n\n\n<div style=\"height:100px\" aria-hidden=\"true\" class=\"wp-block-spacer\"><\/div>\n\n\n\n<div class=\"wp-block-group has-black-color has-text-color has-background has-link-color wp-elements-f3c4c3ac686a578ee998504c7ca0c366 is-layout-constrained wp-container-core-group-is-layout-04169bb1 wp-block-group-is-layout-constrained\" style=\"border-top-left-radius:16px;border-top-right-radius:16px;border-bottom-left-radius:16px;border-bottom-right-radius:16px;background-color:#beaf90;padding-top:36px;padding-right:36px;padding-bottom:36px;padding-left:36px\">\n<h6 class=\"wp-block-heading\">\u00e0 PROPOS DE CE SITE<\/h6>\n\n\n\n<p>Ce site est un guide non officiel consacr\u00e9 aux r\u00e9gions de l\u2019univers de League of Legends. Il a \u00e9t\u00e9&nbsp;<strong>cr\u00e9\u00e9 \u00e0 des fins \u00e9ducatives<\/strong>&nbsp;dans le cadre du cours SGC 1.<\/p>\n\n\n\n<hr class=\"wp-block-separator has-text-color has-black-color has-alpha-channel-opacity has-black-background-color has-background is-style-wide\" style=\"margin-top:24px;margin-bottom:24px\"\/>\n\n\n\n<p class=\"has-small-font-size\">Tous les droits sur les personnages et l\u2019univers appartiennent \u00e0 Riot Games.<\/p>\n<\/div>\n","protected":false},"excerpt":{"rendered":"<p>La terre de l\u2019\u00e9quilibre et de la magie ancestrale Ionia est un archipel d\u2019\u00eeles situ\u00e9es \u00e0 l\u2019est de Runeterra, dont la beaut\u00e9 naturelle cache une magie profonde et ancienne. C\u2019est peut-\u00eatre la r\u00e9gion la plus spirituellement avanc\u00e9e du monde connu : ses habitants vivent en harmonie avec les \u00e9nergies du monde et ma\u00eetrisent des arts [&hellip;]<\/p>\n","protected":false},"author":1,"featured_media":0,"parent":0,"menu_order":0,"comment_status":"closed","ping_status":"closed","template":"","meta":{"footnotes":""},"class_list":["post-48","page","type-page","status-publish","hentry"],"_links":{"self":[{"href":"https:\/\/remiguyon.techniquesmedia.com\/sgc1-labo2\/wp-json\/wp\/v2\/pages\/48","targetHints":{"allow":["GET"]}}],"collection":[{"href":"https:\/\/remiguyon.techniquesmedia.com\/sgc1-labo2\/wp-json\/wp\/v2\/pages"}],"about":[{"href":"https:\/\/remiguyon.techniquesmedia.com\/sgc1-labo2\/wp-json\/wp\/v2\/types\/page"}],"author":[{"embeddable":true,"href":"https:\/\/remiguyon.techniquesmedia.com\/sgc1-labo2\/wp-json\/wp\/v2\/users\/1"}],"replies":[{"embeddable":true,"href":"https:\/\/remiguyon.techniquesmedia.com\/sgc1-labo2\/wp-json\/wp\/v2\/comments?post=48"}],"version-history":[{"count":4,"href":"https:\/\/remiguyon.techniquesmedia.com\/sgc1-labo2\/wp-json\/wp\/v2\/pages\/48\/revisions"}],"predecessor-version":[{"id":91,"href":"https:\/\/remiguyon.techniquesmedia.com\/sgc1-labo2\/wp-json\/wp\/v2\/pages\/48\/revisions\/91"}],"wp:attachment":[{"href":"https:\/\/remiguyon.techniquesmedia.com\/sgc1-labo2\/wp-json\/wp\/v2\/media?parent=48"}],"curies":[{"name":"wp","href":"https:\/\/api.w.org\/{rel}","templated":true}]}}