{"id":36,"date":"2026-02-20T10:20:35","date_gmt":"2026-02-20T15:20:35","guid":{"rendered":"https:\/\/remiguyon.techniquesmedia.com\/sgc1-labo2\/?page_id=36"},"modified":"2026-02-22T12:38:21","modified_gmt":"2026-02-22T17:38:21","slug":"demacia-2","status":"publish","type":"page","link":"https:\/\/remiguyon.techniquesmedia.com\/sgc1-labo2\/demacia-2\/","title":{"rendered":"Demacia"},"content":{"rendered":"\n<div class=\"wp-block-cover alignfull wp-duotone-unset-1\"><img loading=\"lazy\" decoding=\"async\" width=\"1800\" height=\"832\" class=\"wp-block-cover__image-background wp-image-14\" alt=\"\" src=\"https:\/\/remiguyon.techniquesmedia.com\/sgc1-labo2\/wp-content\/uploads\/2026\/02\/Demacia-1800x832.jpg\" data-object-fit=\"cover\" srcset=\"https:\/\/remiguyon.techniquesmedia.com\/sgc1-labo2\/wp-content\/uploads\/2026\/02\/Demacia-1800x832.jpg 1800w, https:\/\/remiguyon.techniquesmedia.com\/sgc1-labo2\/wp-content\/uploads\/2026\/02\/Demacia-300x139.jpg 300w, https:\/\/remiguyon.techniquesmedia.com\/sgc1-labo2\/wp-content\/uploads\/2026\/02\/Demacia-1024x473.jpg 1024w, https:\/\/remiguyon.techniquesmedia.com\/sgc1-labo2\/wp-content\/uploads\/2026\/02\/Demacia-768x355.jpg 768w, https:\/\/remiguyon.techniquesmedia.com\/sgc1-labo2\/wp-content\/uploads\/2026\/02\/Demacia-1536x710.jpg 1536w, https:\/\/remiguyon.techniquesmedia.com\/sgc1-labo2\/wp-content\/uploads\/2026\/02\/Demacia.jpg 1920w\" sizes=\"auto, (max-width: 1800px) 100vw, 1800px\" \/><span aria-hidden=\"true\" class=\"wp-block-cover__background has-background-dim-0 has-background-dim\"><\/span><div class=\"wp-block-cover__inner-container is-layout-flow wp-block-cover-is-layout-flow\">\n<p class=\"has-text-align-center has-large-font-size\"><\/p>\n<\/div><\/div>\n\n\n\n<div style=\"height:60px\" aria-hidden=\"true\" class=\"wp-block-spacer\"><\/div>\n\n\n\n<div class=\"wp-block-group is-layout-constrained wp-block-group-is-layout-constrained\">\n<h2 class=\"wp-block-heading has-pale-pink-color has-text-color has-link-color wp-elements-37d608bc87ba2c06f75e6d12d991e002\">La nation de la vertu et de l\u2019honneur<\/h2>\n\n\n\n<p>D\u00e9macia est un royaume guerrier qui pr\u00f4ne la justice, l\u2019honneur et la loi par-dessus tout. Fond\u00e9 par des r\u00e9fugi\u00e9s fuyant des si\u00e8cles de guerres magiques, le pays est devenu l\u2019un des \u00c9tats les plus puissants de Runeterra, fort d\u2019une arm\u00e9e disciplin\u00e9e et d\u2019une culture profond\u00e9ment ancr\u00e9e dans le sacrifice pour le bien commun.<\/p>\n\n\n\n<p>Ses habitants se m\u00e9fient de la magie \u2014 \u00e0 tel point que son utilisation est consid\u00e9r\u00e9e comme un crime passible de prison. Ce rejet de l\u2019arcane a fa\u00e7onn\u00e9 une soci\u00e9t\u00e9 o\u00f9 la bravoure, la force physique et la loyaut\u00e9 sont les plus grandes vertus.<\/p>\n<\/div>\n\n\n\n<div style=\"height:60px\" aria-hidden=\"true\" class=\"wp-block-spacer\"><\/div>\n\n\n\n<hr class=\"wp-block-separator has-text-color has-pale-pink-color has-alpha-channel-opacity has-pale-pink-background-color has-background is-style-wide\"\/>\n\n\n\n<div style=\"height:60px\" aria-hidden=\"true\" class=\"wp-block-spacer\"><\/div>\n\n\n\n<div class=\"wp-block-columns alignwide is-layout-flex wp-container-core-columns-is-layout-28f84493 wp-block-columns-is-layout-flex\">\n<div class=\"wp-block-column is-vertically-aligned-center is-layout-flow wp-block-column-is-layout-flow\" style=\"flex-basis:33.33%\">\n<h3 class=\"wp-block-heading has-pale-pink-color has-text-color has-link-color wp-elements-27726e18e3f0374c363057fbc78886fc\">Histoire<\/h3>\n\n\n\n<p><em>Une nation n\u00e9e du chaos<\/em><\/p>\n<\/div>\n\n\n\n<div class=\"wp-block-column is-layout-flow wp-block-column-is-layout-flow\" style=\"flex-basis:66.66%\">\n<p>Il y a des mill\u00e9naires, des groupes de survivants fuyant des guerres runiques d\u00e9vastatrices se r\u00e9fugi\u00e8rent dans les for\u00eats du nord. Ils construisirent des communaut\u00e9s fortifi\u00e9es, \u00e9chang\u00e8rent leurs serments de protection mutuelle, et rejet\u00e8rent collectivement la magie qu\u2019ils consid\u00e9raient comme la source de tous leurs malheurs.<\/p>\n\n\n\n<p>Au fil des g\u00e9n\u00e9rations, ces clans fusionn\u00e8rent sous l\u2019\u00e9tendard d\u2019un royaume unifi\u00e9. Leurs lois, grav\u00e9es dans la pierre, devinrent le fondement d\u2019une culture qui valorise l\u2019ordre, la hi\u00e9rarchie et la r\u00e9sistance.<\/p>\n\n\n\n<p>Aujourd\u2019hui, D\u00e9macia est \u00e0 la fois admir\u00e9e pour sa rigueur et crainte pour ses m\u00e9thodes parfois brutales envers les mages qu\u2019elle traque au sein de ses propres fronti\u00e8res.<\/p>\n<\/div>\n<\/div>\n\n\n\n<div style=\"height:60px\" aria-hidden=\"true\" class=\"wp-block-spacer\"><\/div>\n\n\n\n<hr class=\"wp-block-separator has-text-color has-pale-pink-color has-alpha-channel-opacity has-pale-pink-background-color has-background is-style-wide\"\/>\n\n\n\n<div style=\"height:60px\" aria-hidden=\"true\" class=\"wp-block-spacer\"><\/div>\n\n\n\n<div class=\"wp-block-group is-layout-constrained wp-block-group-is-layout-constrained\">\n<h3 class=\"wp-block-heading has-pale-pink-color has-text-color has-link-color wp-elements-9b0074b4286419d34eaffe8d3e8d48b2\">Faits cl\u00e9s<\/h3>\n\n\n\n<div style=\"height:30px\" aria-hidden=\"true\" class=\"wp-block-spacer\"><\/div>\n\n\n\n<div class=\"wp-block-columns is-layout-flex wp-container-core-columns-is-layout-54e19f1e wp-block-columns-is-layout-flex\" style=\"border-top-style:none;border-top-width:0px;border-right-style:none;border-right-width:0px;border-bottom-color:var(--wp--preset--color--pale-pink);border-bottom-width:1px;border-left-style:none;border-left-width:0px;margin-top:0;margin-bottom:0;padding-top:var(--wp--preset--spacing--30);padding-bottom:var(--wp--preset--spacing--30)\">\n<div class=\"wp-block-column is-layout-flow wp-block-column-is-layout-flow\" style=\"border-style:none;border-width:0px\">\n<p class=\"has-pale-pink-color has-text-color has-link-color wp-elements-7ad6f6f5bfb5f4f649891615875def72\"><strong>Capitale<\/strong><\/p>\n<\/div>\n\n\n\n<div class=\"wp-block-column is-layout-flow wp-block-column-is-layout-flow\">\n<p>D\u00e9macia (la ville)<\/p>\n<\/div>\n<\/div>\n\n\n\n<div class=\"wp-block-columns is-layout-flex wp-container-core-columns-is-layout-54e19f1e wp-block-columns-is-layout-flex\" style=\"border-top-style:none;border-top-width:0px;border-right-style:none;border-right-width:0px;border-bottom-color:var(--wp--preset--color--pale-pink);border-bottom-width:1px;border-left-style:none;border-left-width:0px;margin-top:0;margin-bottom:0;padding-top:var(--wp--preset--spacing--30);padding-bottom:var(--wp--preset--spacing--30)\">\n<div class=\"wp-block-column is-layout-flow wp-block-column-is-layout-flow\" style=\"border-style:none;border-width:0px\">\n<p class=\"has-pale-pink-color has-text-color has-link-color wp-elements-fcda25dab895a4c01e79e451c0e57070\"><strong>Gouvernement<\/strong><\/p>\n<\/div>\n\n\n\n<div class=\"wp-block-column is-layout-flow wp-block-column-is-layout-flow\">\n<p>Monarchie absolue<\/p>\n<\/div>\n<\/div>\n\n\n\n<div class=\"wp-block-columns is-layout-flex wp-container-core-columns-is-layout-54e19f1e wp-block-columns-is-layout-flex\" style=\"border-top-style:none;border-top-width:0px;border-right-style:none;border-right-width:0px;border-bottom-color:var(--wp--preset--color--pale-pink);border-bottom-width:1px;border-left-style:none;border-left-width:0px;margin-top:0;margin-bottom:0;padding-top:var(--wp--preset--spacing--30);padding-bottom:var(--wp--preset--spacing--30)\">\n<div class=\"wp-block-column is-layout-flow wp-block-column-is-layout-flow\" style=\"border-style:none;border-width:0px\">\n<p class=\"has-pale-pink-color has-text-color has-link-color wp-elements-c08bf4ccccc4eb1cb0372c93e533cb31\"><strong><strong>Terrain<\/strong><\/strong><\/p>\n<\/div>\n\n\n\n<div class=\"wp-block-column is-layout-flow wp-block-column-is-layout-flow\">\n<p>Plaines agricoles, for\u00eats denses, montagnes au nord<\/p>\n<\/div>\n<\/div>\n\n\n\n<div class=\"wp-block-columns is-layout-flex wp-container-core-columns-is-layout-54e19f1e wp-block-columns-is-layout-flex\" style=\"border-top-style:none;border-top-width:0px;border-right-style:none;border-right-width:0px;border-bottom-color:var(--wp--preset--color--pale-pink);border-bottom-width:1px;border-left-style:none;border-left-width:0px;margin-top:0;margin-bottom:0;padding-top:var(--wp--preset--spacing--30);padding-bottom:var(--wp--preset--spacing--30)\">\n<div class=\"wp-block-column is-layout-flow wp-block-column-is-layout-flow\" style=\"border-style:none;border-width:0px\">\n<p class=\"has-pale-pink-color has-text-color has-link-color wp-elements-83e1872965290004bfb36195b6c07985\"><strong><strong>Mentalit\u00e9<\/strong><\/strong><\/p>\n<\/div>\n\n\n\n<div class=\"wp-block-column is-layout-flow wp-block-column-is-layout-flow\">\n<p>Honneur, discipline militaire, m\u00e9fiance envers la magie<\/p>\n<\/div>\n<\/div>\n\n\n\n<div class=\"wp-block-columns is-layout-flex wp-container-core-columns-is-layout-54e19f1e wp-block-columns-is-layout-flex\" style=\"border-top-style:none;border-top-width:0px;border-right-style:none;border-right-width:0px;border-bottom-color:var(--wp--preset--color--pale-pink);border-bottom-width:1px;border-left-style:none;border-left-width:0px;margin-top:0;margin-bottom:0;padding-top:var(--wp--preset--spacing--30);padding-bottom:var(--wp--preset--spacing--30)\">\n<div class=\"wp-block-column is-layout-flow wp-block-column-is-layout-flow\" style=\"border-style:none;border-width:0px\">\n<p class=\"has-pale-pink-color has-text-color has-link-color wp-elements-1f1771977813c44c6fa64a84291dc998\"><strong>Ressource principale<\/strong><\/p>\n<\/div>\n\n\n\n<div class=\"wp-block-column is-layout-flow wp-block-column-is-layout-flow\">\n<p>Petricite (pierre anti-magie)<\/p>\n<\/div>\n<\/div>\n<\/div>\n\n\n\n<div style=\"height:100px\" aria-hidden=\"true\" class=\"wp-block-spacer\"><\/div>\n\n\n\n<div class=\"wp-block-group alignwide is-layout-constrained wp-block-group-is-layout-constrained\">\n<h3 class=\"wp-block-heading has-text-align-center has-pale-pink-color has-text-color has-link-color wp-elements-9bcb57ffef811839873decd62e8913ba\">Champions<\/h3>\n\n\n\n<div class=\"wp-block-columns alignwide is-layout-flex wp-container-core-columns-is-layout-28f84493 wp-block-columns-is-layout-flex\">\n<div class=\"wp-block-column has-border-color has-pale-pink-border-color is-layout-flow wp-block-column-is-layout-flow\" style=\"border-width:1px;border-top-left-radius:16px;border-top-right-radius:16px;border-bottom-left-radius:16px;border-bottom-right-radius:16px;padding-top:var(--wp--preset--spacing--70);padding-right:var(--wp--preset--spacing--70);padding-bottom:var(--wp--preset--spacing--70);padding-left:var(--wp--preset--spacing--70)\">\n<figure class=\"wp-block-image aligncenter size-lol-champion is-style-rounded wp-duotone-unset-2\"><img loading=\"lazy\" decoding=\"async\" width=\"400\" height=\"400\" src=\"https:\/\/remiguyon.techniquesmedia.com\/sgc1-labo2\/wp-content\/uploads\/2026\/02\/demacia-garen-400x400.jpg\" alt=\"\" class=\"wp-image-16\" srcset=\"https:\/\/remiguyon.techniquesmedia.com\/sgc1-labo2\/wp-content\/uploads\/2026\/02\/demacia-garen-400x400.jpg 400w, https:\/\/remiguyon.techniquesmedia.com\/sgc1-labo2\/wp-content\/uploads\/2026\/02\/demacia-garen-150x150.jpg 150w\" sizes=\"auto, (max-width: 400px) 100vw, 400px\" \/><\/figure>\n\n\n\n<h4 class=\"wp-block-heading has-text-align-center has-pale-pink-color has-text-color has-link-color wp-elements-2ac0a1a4eb68e0b8b80cb633f98ed682\">Garen<\/h4>\n\n\n\n<h5 class=\"wp-block-heading has-text-align-center has-text-color has-link-color wp-elements-917dee615aaa47b9999a5fb99964fc9b\" style=\"color:#c0c0c0\">Guerrier \/ tank<\/h5>\n\n\n\n<p class=\"has-text-align-center has-small-font-size\">Symbole de la justice d\u00e9macienne, Garen est un chevalier implacable qui d\u00e9fend son royaume contre toute menace, magique ou non.<\/p>\n<\/div>\n\n\n\n<div class=\"wp-block-column has-border-color has-pale-pink-border-color is-layout-flow wp-block-column-is-layout-flow\" style=\"border-width:1px;border-top-left-radius:16px;border-top-right-radius:16px;border-bottom-left-radius:16px;border-bottom-right-radius:16px;padding-top:var(--wp--preset--spacing--70);padding-right:var(--wp--preset--spacing--70);padding-bottom:var(--wp--preset--spacing--70);padding-left:var(--wp--preset--spacing--70)\">\n<figure class=\"wp-block-image aligncenter size-lol-champion is-style-rounded wp-duotone-unset-3\"><img loading=\"lazy\" decoding=\"async\" width=\"400\" height=\"400\" src=\"https:\/\/remiguyon.techniquesmedia.com\/sgc1-labo2\/wp-content\/uploads\/2026\/02\/demacia-lux-400x400.jpg\" alt=\"\" class=\"wp-image-17\" srcset=\"https:\/\/remiguyon.techniquesmedia.com\/sgc1-labo2\/wp-content\/uploads\/2026\/02\/demacia-lux-400x400.jpg 400w, https:\/\/remiguyon.techniquesmedia.com\/sgc1-labo2\/wp-content\/uploads\/2026\/02\/demacia-lux-150x150.jpg 150w\" sizes=\"auto, (max-width: 400px) 100vw, 400px\" \/><\/figure>\n\n\n\n<h4 class=\"wp-block-heading has-text-align-center has-pale-pink-color has-text-color has-link-color wp-elements-eed6bf59aa9f45a1537f4632f993f0e5\">Lux<\/h4>\n\n\n\n<h5 class=\"wp-block-heading has-text-align-center has-text-color has-link-color wp-elements-7ff3c346ef543df805bd40b75d9654e5\" style=\"color:#c0c0c0\">Mage \/ Support<\/h5>\n\n\n\n<p class=\"has-text-align-center has-small-font-size\">Princesse d\u00e9macienne cachant un secret interdit : elle poss\u00e8de des pouvoirs magiques lumineux. Elle sert son royaume tout en vivant dans la peur d\u2019\u00eatre d\u00e9couverte.<\/p>\n<\/div>\n<\/div>\n\n\n\n<div class=\"wp-block-columns alignwide is-layout-flex wp-container-core-columns-is-layout-28f84493 wp-block-columns-is-layout-flex\">\n<div class=\"wp-block-column has-border-color has-pale-pink-border-color is-layout-flow wp-block-column-is-layout-flow\" style=\"border-width:1px;border-top-left-radius:16px;border-top-right-radius:16px;border-bottom-left-radius:16px;border-bottom-right-radius:16px;padding-top:var(--wp--preset--spacing--70);padding-right:var(--wp--preset--spacing--70);padding-bottom:var(--wp--preset--spacing--70);padding-left:var(--wp--preset--spacing--70)\">\n<figure class=\"wp-block-image aligncenter size-lol-champion is-style-rounded wp-duotone-unset-4\"><img loading=\"lazy\" decoding=\"async\" width=\"400\" height=\"400\" src=\"https:\/\/remiguyon.techniquesmedia.com\/sgc1-labo2\/wp-content\/uploads\/2026\/02\/demacia-fiora-400x400.jpg\" alt=\"\" class=\"wp-image-15\" srcset=\"https:\/\/remiguyon.techniquesmedia.com\/sgc1-labo2\/wp-content\/uploads\/2026\/02\/demacia-fiora-400x400.jpg 400w, https:\/\/remiguyon.techniquesmedia.com\/sgc1-labo2\/wp-content\/uploads\/2026\/02\/demacia-fiora-150x150.jpg 150w\" sizes=\"auto, (max-width: 400px) 100vw, 400px\" \/><\/figure>\n\n\n\n<h4 class=\"wp-block-heading has-text-align-center has-pale-pink-color has-text-color has-link-color wp-elements-168141057c1de599436cdef68f2705c7\">Fiora<\/h4>\n\n\n\n<h5 class=\"wp-block-heading has-text-align-center has-text-color has-link-color wp-elements-ddeefe394328596548e2b106566af723\" style=\"color:#c0c0c0\">Duelliste<\/h5>\n\n\n\n<p class=\"has-text-align-center has-small-font-size\">Ma\u00eetresse de l\u2019escrime issue d\u2019une grande maison d\u00e9macienne, Fiora cherche \u00e0 redorer le blason de sa famille par la perfection du combat singulier.<\/p>\n<\/div>\n\n\n\n<div class=\"wp-block-column has-border-color has-pale-pink-border-color is-layout-flow wp-block-column-is-layout-flow\" style=\"border-width:1px;border-top-left-radius:16px;border-top-right-radius:16px;border-bottom-left-radius:16px;border-bottom-right-radius:16px;padding-top:var(--wp--preset--spacing--70);padding-right:var(--wp--preset--spacing--70);padding-bottom:var(--wp--preset--spacing--70);padding-left:var(--wp--preset--spacing--70)\">\n<figure class=\"wp-block-image aligncenter size-lol-champion is-style-rounded wp-duotone-unset-5\"><img loading=\"lazy\" decoding=\"async\" width=\"400\" height=\"400\" src=\"https:\/\/remiguyon.techniquesmedia.com\/sgc1-labo2\/wp-content\/uploads\/2026\/02\/demacia-senna-400x400.jpg\" alt=\"\" class=\"wp-image-18\" srcset=\"https:\/\/remiguyon.techniquesmedia.com\/sgc1-labo2\/wp-content\/uploads\/2026\/02\/demacia-senna-400x400.jpg 400w, https:\/\/remiguyon.techniquesmedia.com\/sgc1-labo2\/wp-content\/uploads\/2026\/02\/demacia-senna-150x150.jpg 150w\" sizes=\"auto, (max-width: 400px) 100vw, 400px\" \/><\/figure>\n\n\n\n<h4 class=\"wp-block-heading has-text-align-center has-pale-pink-color has-text-color has-link-color wp-elements-ee46dda2c0d216e71fd751caab331e69\">Senna<\/h4>\n\n\n\n<h5 class=\"wp-block-heading has-text-align-center has-text-color has-link-color wp-elements-5a3dccb1c4e3231d9d2d6e526fb1d44a\" style=\"color:#c0c0c0\">Tireur \/ Support<\/h5>\n\n\n\n<p class=\"has-text-align-center has-small-font-size\">Ancienne sentinelle emprisonn\u00e9e dans la lanterne d\u2019un d\u00e9mon pendant des ann\u00e9es. Elle revient pour se battre aux c\u00f4t\u00e9s de son mari Lucian.<\/p>\n<\/div>\n<\/div>\n<\/div>\n\n\n\n<div style=\"height:100px\" aria-hidden=\"true\" class=\"wp-block-spacer\"><\/div>\n\n\n\n<blockquote class=\"wp-block-quote is-layout-flow wp-block-quote-is-layout-flow\">\n<p class=\"has-pale-pink-color has-text-color has-link-color has-large-font-size wp-elements-e69a05d23052736d0bea313818f5639f\">\u00ab M\u00eame face \u00e0 la nuit la plus sombre, la lumi\u00e8re de D\u00e9macia ne s\u2019\u00e9teindra jamais. \u00bb<\/p>\n\n\n\n<p>\u2014\u00a0<em>Garen, Porteur de la Volont\u00e9 D\u00e9macienne<\/em><\/p>\n<\/blockquote>\n\n\n\n<div style=\"height:100px\" aria-hidden=\"true\" class=\"wp-block-spacer\"><\/div>\n\n\n\n<div class=\"wp-block-cover alignfull wp-duotone-unset-10\"><img loading=\"lazy\" decoding=\"async\" width=\"1024\" height=\"745\" class=\"wp-block-cover__image-background wp-image-34 size-large\" alt=\"\" src=\"https:\/\/remiguyon.techniquesmedia.com\/sgc1-labo2\/wp-content\/uploads\/2026\/02\/regions-1024x745.png\" data-object-fit=\"cover\" srcset=\"https:\/\/remiguyon.techniquesmedia.com\/sgc1-labo2\/wp-content\/uploads\/2026\/02\/regions-1024x745.png 1024w, https:\/\/remiguyon.techniquesmedia.com\/sgc1-labo2\/wp-content\/uploads\/2026\/02\/regions-300x218.png 300w, https:\/\/remiguyon.techniquesmedia.com\/sgc1-labo2\/wp-content\/uploads\/2026\/02\/regions-768x559.png 768w, https:\/\/remiguyon.techniquesmedia.com\/sgc1-labo2\/wp-content\/uploads\/2026\/02\/regions-1536x1118.png 1536w, https:\/\/remiguyon.techniquesmedia.com\/sgc1-labo2\/wp-content\/uploads\/2026\/02\/regions-1649x1200.png 1649w, https:\/\/remiguyon.techniquesmedia.com\/sgc1-labo2\/wp-content\/uploads\/2026\/02\/regions.png 2048w\" sizes=\"auto, (max-width: 1024px) 100vw, 1024px\" \/><span aria-hidden=\"true\" class=\"wp-block-cover__background has-background-dim\" style=\"background-color:#4a524b\"><\/span><div class=\"wp-block-cover__inner-container is-layout-constrained wp-block-cover-is-layout-constrained\">\n<h3 class=\"wp-block-heading has-text-align-center has-large-font-size\">Explorer les autres r\u00e9gions<\/h3>\n\n\n\n<div class=\"wp-block-buttons is-content-justification-center is-layout-flex wp-container-core-buttons-is-layout-a89b3969 wp-block-buttons-is-layout-flex\">\n<div class=\"wp-block-button is-style-outline is-style-outline--6\"><a class=\"wp-block-button__link has-text-color has-link-color has-border-color wp-element-button\" href=\"https:\/\/remiguyon.techniquesmedia.com\/sgc1-labo2\/demacia-2\/\" style=\"border-color:#beaf90;border-top-left-radius:16px;border-top-right-radius:16px;border-bottom-left-radius:16px;border-bottom-right-radius:16px;color:#beaf90\">Demacia<\/a><\/div>\n\n\n\n<div class=\"wp-block-button is-style-outline is-style-outline--7\"><a class=\"wp-block-button__link has-text-color has-link-color has-border-color wp-element-button\" href=\"https:\/\/remiguyon.techniquesmedia.com\/sgc1-labo2\/noxus-2\/\" style=\"border-color:#beaf90;border-top-left-radius:16px;border-top-right-radius:16px;border-bottom-left-radius:16px;border-bottom-right-radius:16px;color:#beaf90\">Noxus<\/a><\/div>\n\n\n\n<div class=\"wp-block-button is-style-outline is-style-outline--8\"><a class=\"wp-block-button__link has-text-color has-link-color has-border-color wp-element-button\" href=\"https:\/\/remiguyon.techniquesmedia.com\/sgc1-labo2\/ionia-2\/\" style=\"border-color:#beaf90;border-top-left-radius:16px;border-top-right-radius:16px;border-bottom-left-radius:16px;border-bottom-right-radius:16px;color:#beaf90\">Ionia<\/a><\/div>\n\n\n\n<div class=\"wp-block-button is-style-outline is-style-outline--9\"><a class=\"wp-block-button__link has-text-color has-link-color has-border-color wp-element-button\" href=\"https:\/\/remiguyon.techniquesmedia.com\/sgc1-labo2\/piltover-2\/\" style=\"border-color:#beaf90;border-top-left-radius:16px;border-top-right-radius:16px;border-bottom-left-radius:16px;border-bottom-right-radius:16px;color:#beaf90\">Piltover<\/a><\/div>\n<\/div>\n<\/div><\/div>\n\n\n\n<div style=\"height:60px\" aria-hidden=\"true\" class=\"wp-block-spacer\"><\/div>\n\n\n\n<div class=\"wp-block-group has-black-color has-text-color has-background has-link-color wp-elements-f3c4c3ac686a578ee998504c7ca0c366 is-layout-constrained wp-container-core-group-is-layout-04169bb1 wp-block-group-is-layout-constrained\" style=\"border-top-left-radius:16px;border-top-right-radius:16px;border-bottom-left-radius:16px;border-bottom-right-radius:16px;background-color:#beaf90;padding-top:36px;padding-right:36px;padding-bottom:36px;padding-left:36px\">\n<h6 class=\"wp-block-heading\">\u00e0 PROPOS DE CE SITE<\/h6>\n\n\n\n<p>Ce site est un guide non officiel consacr\u00e9 aux r\u00e9gions de l\u2019univers de League of Legends. Il a \u00e9t\u00e9&nbsp;<strong>cr\u00e9\u00e9 \u00e0 des fins \u00e9ducatives<\/strong>&nbsp;dans le cadre du cours SGC 1.<\/p>\n\n\n\n<hr class=\"wp-block-separator has-text-color has-black-color has-alpha-channel-opacity has-black-background-color has-background is-style-wide\" style=\"margin-top:24px;margin-bottom:24px\"\/>\n\n\n\n<p class=\"has-small-font-size\">Tous les droits sur les personnages et l\u2019univers appartiennent \u00e0 Riot Games.<\/p>\n<\/div>\n","protected":false},"excerpt":{"rendered":"<p>La nation de la vertu et de l\u2019honneur D\u00e9macia est un royaume guerrier qui pr\u00f4ne la justice, l\u2019honneur et la loi par-dessus tout. Fond\u00e9 par des r\u00e9fugi\u00e9s fuyant des si\u00e8cles de guerres magiques, le pays est devenu l\u2019un des \u00c9tats les plus puissants de Runeterra, fort d\u2019une arm\u00e9e disciplin\u00e9e et d\u2019une culture profond\u00e9ment ancr\u00e9e dans [&hellip;]<\/p>\n","protected":false},"author":1,"featured_media":0,"parent":0,"menu_order":0,"comment_status":"closed","ping_status":"closed","template":"","meta":{"footnotes":""},"class_list":["post-36","page","type-page","status-publish","hentry"],"_links":{"self":[{"href":"https:\/\/remiguyon.techniquesmedia.com\/sgc1-labo2\/wp-json\/wp\/v2\/pages\/36","targetHints":{"allow":["GET"]}}],"collection":[{"href":"https:\/\/remiguyon.techniquesmedia.com\/sgc1-labo2\/wp-json\/wp\/v2\/pages"}],"about":[{"href":"https:\/\/remiguyon.techniquesmedia.com\/sgc1-labo2\/wp-json\/wp\/v2\/types\/page"}],"author":[{"embeddable":true,"href":"https:\/\/remiguyon.techniquesmedia.com\/sgc1-labo2\/wp-json\/wp\/v2\/users\/1"}],"replies":[{"embeddable":true,"href":"https:\/\/remiguyon.techniquesmedia.com\/sgc1-labo2\/wp-json\/wp\/v2\/comments?post=36"}],"version-history":[{"count":13,"href":"https:\/\/remiguyon.techniquesmedia.com\/sgc1-labo2\/wp-json\/wp\/v2\/pages\/36\/revisions"}],"predecessor-version":[{"id":87,"href":"https:\/\/remiguyon.techniquesmedia.com\/sgc1-labo2\/wp-json\/wp\/v2\/pages\/36\/revisions\/87"}],"wp:attachment":[{"href":"https:\/\/remiguyon.techniquesmedia.com\/sgc1-labo2\/wp-json\/wp\/v2\/media?parent=36"}],"curies":[{"name":"wp","href":"https:\/\/api.w.org\/{rel}","templated":true}]}}