{"id":11,"date":"2026-02-20T10:05:08","date_gmt":"2026-02-20T15:05:08","guid":{"rendered":"https:\/\/remiguyon.techniquesmedia.com\/sgc1-labo2\/?page_id=11"},"modified":"2026-02-20T15:24:11","modified_gmt":"2026-02-20T20:24:11","slug":"accueil","status":"publish","type":"page","link":"https:\/\/remiguyon.techniquesmedia.com\/sgc1-labo2\/","title":{"rendered":"Accueil"},"content":{"rendered":"\n<div class=\"wp-block-cover alignfull wp-duotone-unset-1\"><img loading=\"lazy\" decoding=\"async\" width=\"1800\" height=\"1195\" class=\"wp-block-cover__image-background wp-image-13 size-lol-hero\" alt=\"\" src=\"https:\/\/remiguyon.techniquesmedia.com\/sgc1-labo2\/wp-content\/uploads\/2026\/02\/accueil-league-of-legends-1800x1195.jpg\" data-object-fit=\"cover\" srcset=\"https:\/\/remiguyon.techniquesmedia.com\/sgc1-labo2\/wp-content\/uploads\/2026\/02\/accueil-league-of-legends-1800x1195.jpg 1800w, https:\/\/remiguyon.techniquesmedia.com\/sgc1-labo2\/wp-content\/uploads\/2026\/02\/accueil-league-of-legends-300x199.jpg 300w, https:\/\/remiguyon.techniquesmedia.com\/sgc1-labo2\/wp-content\/uploads\/2026\/02\/accueil-league-of-legends-1024x680.jpg 1024w, https:\/\/remiguyon.techniquesmedia.com\/sgc1-labo2\/wp-content\/uploads\/2026\/02\/accueil-league-of-legends-768x510.jpg 768w, https:\/\/remiguyon.techniquesmedia.com\/sgc1-labo2\/wp-content\/uploads\/2026\/02\/accueil-league-of-legends-1536x1020.jpg 1536w, https:\/\/remiguyon.techniquesmedia.com\/sgc1-labo2\/wp-content\/uploads\/2026\/02\/accueil-league-of-legends-2048x1359.jpg 2048w\" sizes=\"auto, (max-width: 1800px) 100vw, 1800px\" \/><span aria-hidden=\"true\" class=\"wp-block-cover__background has-black-background-color has-background-dim\"><\/span><div class=\"wp-block-cover__inner-container is-layout-constrained wp-block-cover-is-layout-constrained\">\n<h3 class=\"wp-block-heading has-text-align-center has-foreground-color has-text-color has-link-color has-x-large-font-size wp-elements-cd1b89ff761c3eb1375b8295da2aa582\"><em>Explorez les r\u00e9gions, les l\u00e9gendes et les champions de l\u2019univers de League of Legends<\/em><\/h3>\n<\/div><\/div>\n\n\n\n<div style=\"height:80px\" aria-hidden=\"true\" class=\"wp-block-spacer\"><\/div>\n\n\n\n<div class=\"wp-block-group alignwide is-layout-constrained wp-block-group-is-layout-constrained\">\n<div class=\"wp-block-columns alignwide is-layout-flex wp-container-core-columns-is-layout-28f84493 wp-block-columns-is-layout-flex\">\n<div class=\"wp-block-column is-layout-flow wp-block-column-is-layout-flow\" style=\"flex-basis:33.33%\">\n<h2 class=\"wp-block-heading has-pale-pink-color has-text-color has-link-color wp-elements-89c72a425a3c021971a2d5fc874e5085\">Un monde aux mille visages<\/h2>\n<\/div>\n\n\n\n<div class=\"wp-block-column is-layout-flow wp-block-column-is-layout-flow\" style=\"flex-basis:66.66%\">\n<p>Runeterra est un monde riche et complexe, fa\u00e7onn\u00e9 par des mill\u00e9naires de conflits, de magie et de civilisations qui s\u2019affrontent ou coexistent. Des for\u00eats mystiques d\u2019Ionia aux tours m\u00e9caniques de Piltover, chaque r\u00e9gion poss\u00e8de sa propre identit\u00e9, ses propres h\u00e9ros et ses propres secrets.<\/p>\n\n\n\n<p>Ce wiki vous invite \u00e0 plonger dans cet univers fascinant pour mieux comprendre les forces qui s\u2019y affrontent et les personnages qui en font la richesse.<\/p>\n<\/div>\n<\/div>\n<\/div>\n\n\n\n<div style=\"height:60px\" aria-hidden=\"true\" class=\"wp-block-spacer\"><\/div>\n\n\n\n<div class=\"wp-block-columns alignwide is-layout-flex wp-container-core-columns-is-layout-28f84493 wp-block-columns-is-layout-flex\">\n<div class=\"wp-block-column has-border-color is-layout-flow wp-block-column-is-layout-flow\" style=\"border-color:#beaf90;border-width:1px;border-top-left-radius:16px;border-top-right-radius:16px;border-bottom-left-radius:16px;border-bottom-right-radius:16px;padding-top:var(--wp--preset--spacing--60);padding-right:var(--wp--preset--spacing--60);padding-bottom:var(--wp--preset--spacing--60);padding-left:var(--wp--preset--spacing--60);flex-basis:25%\">\n<h3 class=\"wp-block-heading has-pale-pink-color has-text-color has-link-color has-x-large-font-size wp-elements-2269580f94f93c1806bf3899b5ff9309\">Demacia<\/h3>\n\n\n\n<p class=\"has-small-font-size\">L\u2019honneur chevaleresque<\/p>\n\n\n\n<p><a href=\"https:\/\/remiguyon.techniquesmedia.com\/sgc1-labo2\/demacia-2\/\" data-type=\"page\" data-id=\"36\">En savoir plus \u2192<\/a><\/p>\n<\/div>\n\n\n\n<div class=\"wp-block-column has-border-color is-layout-flow wp-block-column-is-layout-flow\" style=\"border-color:#beaf90;border-width:1px;border-top-left-radius:16px;border-top-right-radius:16px;border-bottom-left-radius:16px;border-bottom-right-radius:16px;padding-top:36px;padding-right:36px;padding-bottom:36px;padding-left:36px;flex-basis:25%\">\n<h3 class=\"wp-block-heading has-pale-pink-color has-text-color has-link-color has-x-large-font-size wp-elements-ea39a31654b30b44756fa6a3f65abf4e\">Noxus<\/h3>\n\n\n\n<p class=\"has-small-font-size\">La force et la conqu\u00eate<\/p>\n\n\n\n<p class=\"has-small-font-size\"><a href=\"https:\/\/remiguyon.techniquesmedia.com\/sgc1-labo2\/noxus-2\/\" data-type=\"page\" data-id=\"46\">En savoir plus \u2192<\/a><\/p>\n<\/div>\n\n\n\n<div class=\"wp-block-column has-border-color is-layout-flow wp-block-column-is-layout-flow\" style=\"border-color:#beaf90;border-width:1px;border-top-left-radius:16px;border-top-right-radius:16px;border-bottom-left-radius:16px;border-bottom-right-radius:16px;padding-top:36px;padding-right:36px;padding-bottom:36px;padding-left:36px;flex-basis:25%\">\n<h3 class=\"wp-block-heading has-pale-pink-color has-text-color has-link-color has-x-large-font-size wp-elements-b3d59447d6a395e7d48ed4cf3bf5f966\">Ionia<\/h3>\n\n\n\n<p class=\"has-small-font-size\">La magie et l\u2019\u00e9quilibre<\/p>\n\n\n\n<p class=\"has-small-font-size\"><a href=\"https:\/\/remiguyon.techniquesmedia.com\/sgc1-labo2\/ionia-2\/\" data-type=\"page\" data-id=\"48\">En savoir plus \u2192<\/a><\/p>\n<\/div>\n\n\n\n<div class=\"wp-block-column has-border-color is-layout-flow wp-block-column-is-layout-flow\" style=\"border-color:#beaf90;border-width:1px;border-top-left-radius:16px;border-top-right-radius:16px;border-bottom-left-radius:16px;border-bottom-right-radius:16px;padding-top:36px;padding-right:36px;padding-bottom:36px;padding-left:36px;flex-basis:25%\">\n<h3 class=\"wp-block-heading has-pale-pink-color has-text-color has-link-color has-x-large-font-size wp-elements-93dc703e817fda0fb2285fb0d9e00cb2\">Piltover<\/h3>\n\n\n\n<p class=\"has-small-font-size\">L\u2019ing\u00e9niosit\u00e9 et le progr\u00e8s<\/p>\n\n\n\n<p class=\"has-small-font-size\"><a href=\"https:\/\/remiguyon.techniquesmedia.com\/sgc1-labo2\/piltover-2\/\" data-type=\"page\" data-id=\"50\">En savoir plus \u2192<\/a><\/p>\n<\/div>\n<\/div>\n\n\n\n<div style=\"height:80px\" aria-hidden=\"true\" class=\"wp-block-spacer\"><\/div>\n\n\n\n<blockquote class=\"wp-block-quote is-layout-flow wp-block-quote-is-layout-flow\">\n<p class=\"has-pale-pink-color has-text-color has-link-color has-large-font-size wp-elements-cc86508155a851bd9491f1f665ff0497\">\u00ab La force d\u2019une nation ne se mesure pas \u00e0 la taille de son arm\u00e9e, mais \u00e0 la valeur de ses convictions. \u00bb<\/p>\n\n\n\n<p>\u2014&nbsp;<em>Proverbe de Demacia<\/em><\/p>\n<\/blockquote>\n\n\n\n<div style=\"height:100px\" aria-hidden=\"true\" class=\"wp-block-spacer\"><\/div>\n\n\n\n<div class=\"wp-block-group has-black-color has-text-color has-background has-link-color wp-elements-f3c4c3ac686a578ee998504c7ca0c366 is-layout-constrained wp-container-core-group-is-layout-04169bb1 wp-block-group-is-layout-constrained\" style=\"border-top-left-radius:16px;border-top-right-radius:16px;border-bottom-left-radius:16px;border-bottom-right-radius:16px;background-color:#beaf90;padding-top:36px;padding-right:36px;padding-bottom:36px;padding-left:36px\">\n<h6 class=\"wp-block-heading\">\u00e0 PROPOS DE CE SITE<\/h6>\n\n\n\n<p>Ce site est un guide non officiel consacr\u00e9 aux r\u00e9gions de l\u2019univers de League of Legends. Il a \u00e9t\u00e9&nbsp;<strong>cr\u00e9\u00e9 \u00e0 des fins \u00e9ducatives<\/strong>&nbsp;dans le cadre du cours SGC 1.<\/p>\n\n\n\n<hr class=\"wp-block-separator has-text-color has-black-color has-alpha-channel-opacity has-black-background-color has-background is-style-wide\" style=\"margin-top:24px;margin-bottom:24px\"\/>\n\n\n\n<p class=\"has-small-font-size\">Tous les droits sur les personnages et l\u2019univers appartiennent \u00e0 Riot Games.<\/p>\n<\/div>\n","protected":false},"excerpt":{"rendered":"<p>Un monde aux mille visages Runeterra est un monde riche et complexe, fa\u00e7onn\u00e9 par des mill\u00e9naires de conflits, de magie et de civilisations qui s\u2019affrontent ou coexistent. Des for\u00eats mystiques d\u2019Ionia aux tours m\u00e9caniques de Piltover, chaque r\u00e9gion poss\u00e8de sa propre identit\u00e9, ses propres h\u00e9ros et ses propres secrets. Ce wiki vous invite \u00e0 plonger [&hellip;]<\/p>\n","protected":false},"author":1,"featured_media":0,"parent":0,"menu_order":0,"comment_status":"closed","ping_status":"closed","template":"","meta":{"footnotes":""},"class_list":["post-11","page","type-page","status-publish","hentry"],"_links":{"self":[{"href":"https:\/\/remiguyon.techniquesmedia.com\/sgc1-labo2\/wp-json\/wp\/v2\/pages\/11","targetHints":{"allow":["GET"]}}],"collection":[{"href":"https:\/\/remiguyon.techniquesmedia.com\/sgc1-labo2\/wp-json\/wp\/v2\/pages"}],"about":[{"href":"https:\/\/remiguyon.techniquesmedia.com\/sgc1-labo2\/wp-json\/wp\/v2\/types\/page"}],"author":[{"embeddable":true,"href":"https:\/\/remiguyon.techniquesmedia.com\/sgc1-labo2\/wp-json\/wp\/v2\/users\/1"}],"replies":[{"embeddable":true,"href":"https:\/\/remiguyon.techniquesmedia.com\/sgc1-labo2\/wp-json\/wp\/v2\/comments?post=11"}],"version-history":[{"count":10,"href":"https:\/\/remiguyon.techniquesmedia.com\/sgc1-labo2\/wp-json\/wp\/v2\/pages\/11\/revisions"}],"predecessor-version":[{"id":73,"href":"https:\/\/remiguyon.techniquesmedia.com\/sgc1-labo2\/wp-json\/wp\/v2\/pages\/11\/revisions\/73"}],"wp:attachment":[{"href":"https:\/\/remiguyon.techniquesmedia.com\/sgc1-labo2\/wp-json\/wp\/v2\/media?parent=11"}],"curies":[{"name":"wp","href":"https:\/\/api.w.org\/{rel}","templated":true}]}}