{"id":9,"date":"2026-02-06T10:08:41","date_gmt":"2026-02-06T15:08:41","guid":{"rendered":"https:\/\/remiguyon.techniquesmedia.com\/sgc1-labo1\/?page_id=9"},"modified":"2026-02-13T07:51:00","modified_gmt":"2026-02-13T12:51:00","slug":"accueil","status":"publish","type":"page","link":"https:\/\/remiguyon.techniquesmedia.com\/sgc1-labo1\/","title":{"rendered":"Accueil"},"content":{"rendered":"\n<div class=\"wp-block-cover\"><img loading=\"lazy\" decoding=\"async\" width=\"819\" height=\"1024\" class=\"wp-block-cover__image-background wp-image-23 size-large\" alt=\"\" src=\"https:\/\/remiguyon.techniquesmedia.com\/sgc1-labo1\/wp-content\/uploads\/2026\/02\/accueil-banniere-819x1024.jpg\" data-object-fit=\"cover\" srcset=\"https:\/\/remiguyon.techniquesmedia.com\/sgc1-labo1\/wp-content\/uploads\/2026\/02\/accueil-banniere-819x1024.jpg 819w, https:\/\/remiguyon.techniquesmedia.com\/sgc1-labo1\/wp-content\/uploads\/2026\/02\/accueil-banniere-240x300.jpg 240w, https:\/\/remiguyon.techniquesmedia.com\/sgc1-labo1\/wp-content\/uploads\/2026\/02\/accueil-banniere-768x960.jpg 768w, https:\/\/remiguyon.techniquesmedia.com\/sgc1-labo1\/wp-content\/uploads\/2026\/02\/accueil-banniere-1229x1536.jpg 1229w, https:\/\/remiguyon.techniquesmedia.com\/sgc1-labo1\/wp-content\/uploads\/2026\/02\/accueil-banniere.jpg 1600w\" sizes=\"auto, (max-width: 819px) 100vw, 819px\" \/><span aria-hidden=\"true\" class=\"wp-block-cover__background has-background-dim\" style=\"background-color:#565450\"><\/span><div class=\"wp-block-cover__inner-container is-layout-constrained wp-block-cover-is-layout-constrained\">\n<p class=\"has-text-align-center has-large-font-size\">Bienvenue chez Cr\u00e9a Studio<\/p>\n\n\n\n<p class=\"has-text-align-center\">Agence de design cr\u00e9ative sp\u00e9cialis\u00e9e en branding et identit\u00e9 visuelle<\/p>\n\n\n\n<div class=\"wp-block-buttons is-content-justification-center is-layout-flex wp-container-core-buttons-is-layout-8057eaf3 wp-block-buttons-is-layout-flex\">\n<div class=\"wp-block-button\"><a class=\"wp-block-button__link has-white-color has-text-color has-background has-link-color wp-element-button\" href=\"https:\/\/remiguyon.techniquesmedia.com\/sgc1-labo1\/services\" style=\"border-top-left-radius:100px;border-top-right-radius:100px;border-bottom-left-radius:100px;border-bottom-right-radius:100px;background-color:#e07a1b\"><strong>D\u00e9couvrir nos services<\/strong><\/a><\/div>\n<\/div>\n<\/div><\/div>\n\n\n\n<div style=\"height:80px\" aria-hidden=\"true\" class=\"wp-block-spacer\"><\/div>\n\n\n\n<h2 class=\"wp-block-heading has-text-align-center has-text-color has-link-color wp-elements-9ece8614ab6141302fafb93aae8b87ca\" style=\"color:#2e6da4\">Transformez vos id\u00e9es en exp\u00e9riences visuelles<\/h2>\n\n\n\n<p class=\"has-text-align-center is-style-text-subtitle has-text-color has-link-color wp-elements-486dc623d3a4a35fc673b997f39e94cc\" style=\"color:#212529\">Depuis 2015, nous accompagnons les entreprises dans leur transformation visuelle en combinant cr\u00e9ativit\u00e9, strat\u00e9gie et expertise technique.<\/p>\n\n\n\n<div style=\"height:80px\" aria-hidden=\"true\" class=\"wp-block-spacer\"><\/div>\n\n\n\n<div class=\"wp-block-columns is-layout-flex wp-container-core-columns-is-layout-9d6595d7 wp-block-columns-is-layout-flex\">\n<div class=\"wp-block-column is-layout-flow wp-block-column-is-layout-flow\">\n<figure class=\"wp-block-image size-full\"><img loading=\"lazy\" decoding=\"async\" width=\"800\" height=\"533\" src=\"https:\/\/remiguyon.techniquesmedia.com\/sgc1-labo1\/wp-content\/uploads\/2026\/02\/accueil-rencontre.jpg\" alt=\"\" class=\"wp-image-24\" srcset=\"https:\/\/remiguyon.techniquesmedia.com\/sgc1-labo1\/wp-content\/uploads\/2026\/02\/accueil-rencontre.jpg 800w, https:\/\/remiguyon.techniquesmedia.com\/sgc1-labo1\/wp-content\/uploads\/2026\/02\/accueil-rencontre-300x200.jpg 300w, https:\/\/remiguyon.techniquesmedia.com\/sgc1-labo1\/wp-content\/uploads\/2026\/02\/accueil-rencontre-768x512.jpg 768w\" sizes=\"auto, (max-width: 800px) 100vw, 800px\" \/><\/figure>\n<\/div>\n\n\n\n<div class=\"wp-block-column is-vertically-aligned-center is-layout-flow wp-block-column-is-layout-flow\">\n<h3 class=\"wp-block-heading has-text-color has-link-color wp-elements-7ae44b9c606a057e77c011ccb648cac1\" style=\"color:#1b3a5c\">Une approche collaborative<\/h3>\n\n\n\n<p class=\"has-text-color has-link-color wp-elements-0fd07c564500d9293363388ae8c365ef\" style=\"color:#212529\">Notre \u00e9quipe passionn\u00e9e travaille avec vous pour cr\u00e9er des solutions qui d\u00e9passent vos attentes.<\/p>\n\n\n\n<ul class=\"wp-block-list\">\n<li><strong>Design de marque<\/strong>&nbsp;et identit\u00e9 visuelle<\/li>\n\n\n\n<li class=\"has-text-color has-link-color wp-elements-739533d3452d481f34c18604db5b5747\" style=\"color:#212529\"><strong>Conception web<\/strong>&nbsp;moderne et responsive<\/li>\n\n\n\n<li><strong>UX\/UI Design<\/strong>&nbsp;centr\u00e9 utilisateur<\/li>\n<\/ul>\n<\/div>\n<\/div>\n\n\n\n<div style=\"height:80px\" aria-hidden=\"true\" class=\"wp-block-spacer\"><\/div>\n\n\n\n<div class=\"wp-block-cover\" style=\"min-height:339px;aspect-ratio:unset;\"><span aria-hidden=\"true\" class=\"wp-block-cover__background has-background-dim-100 has-background-dim has-background-gradient\" style=\"background:linear-gradient(135deg,rgb(46,109,164) 0%,rgb(27,58,92) 100%)\"><\/span><div class=\"wp-block-cover__inner-container is-layout-constrained wp-block-cover-is-layout-constrained\">\n<p class=\"has-text-align-center has-large-font-size\">Pr\u00eat \u00e0 d\u00e9marrer votre projet ?<\/p>\n\n\n\n<p class=\"has-text-align-center\">Contactez-nous pour discuter de vos besoins<\/p>\n\n\n\n<div style=\"height:30px\" aria-hidden=\"true\" class=\"wp-block-spacer\"><\/div>\n\n\n\n<div class=\"wp-block-buttons is-content-justification-center is-layout-flex wp-container-core-buttons-is-layout-16018d1d wp-block-buttons-is-layout-flex\">\n<div class=\"wp-block-button\"><a class=\"wp-block-button__link has-gray-dark-color has-white-background-color has-text-color has-background has-link-color wp-element-button\">Nous contacter<\/a><\/div>\n<\/div>\n<\/div><\/div>\n\n\n\n<p><\/p>\n","protected":false},"excerpt":{"rendered":"<p>Transformez vos id\u00e9es en exp\u00e9riences visuelles Depuis 2015, nous accompagnons les entreprises dans leur transformation visuelle en combinant cr\u00e9ativit\u00e9, strat\u00e9gie et expertise technique. Une approche collaborative Notre \u00e9quipe passionn\u00e9e travaille avec vous pour cr\u00e9er des solutions qui d\u00e9passent vos attentes. [&#8230;]<\/p>\n<p><a class=\"btn btn-secondary understrap-read-more-link\" href=\"https:\/\/remiguyon.techniquesmedia.com\/sgc1-labo1\/\">Lire la suite\u2026<span class=\"screen-reader-text\"> from Accueil<\/span><\/a><\/p>\n","protected":false},"author":1,"featured_media":0,"parent":0,"menu_order":0,"comment_status":"closed","ping_status":"closed","template":"","meta":{"footnotes":""},"class_list":["post-9","page","type-page","status-publish","hentry"],"_links":{"self":[{"href":"https:\/\/remiguyon.techniquesmedia.com\/sgc1-labo1\/wp-json\/wp\/v2\/pages\/9","targetHints":{"allow":["GET"]}}],"collection":[{"href":"https:\/\/remiguyon.techniquesmedia.com\/sgc1-labo1\/wp-json\/wp\/v2\/pages"}],"about":[{"href":"https:\/\/remiguyon.techniquesmedia.com\/sgc1-labo1\/wp-json\/wp\/v2\/types\/page"}],"author":[{"embeddable":true,"href":"https:\/\/remiguyon.techniquesmedia.com\/sgc1-labo1\/wp-json\/wp\/v2\/users\/1"}],"replies":[{"embeddable":true,"href":"https:\/\/remiguyon.techniquesmedia.com\/sgc1-labo1\/wp-json\/wp\/v2\/comments?post=9"}],"version-history":[{"count":21,"href":"https:\/\/remiguyon.techniquesmedia.com\/sgc1-labo1\/wp-json\/wp\/v2\/pages\/9\/revisions"}],"predecessor-version":[{"id":97,"href":"https:\/\/remiguyon.techniquesmedia.com\/sgc1-labo1\/wp-json\/wp\/v2\/pages\/9\/revisions\/97"}],"wp:attachment":[{"href":"https:\/\/remiguyon.techniquesmedia.com\/sgc1-labo1\/wp-json\/wp\/v2\/media?parent=9"}],"curies":[{"name":"wp","href":"https:\/\/api.w.org\/{rel}","templated":true}]}}