{"id":19,"date":"2026-02-06T10:11:35","date_gmt":"2026-02-06T15:11:35","guid":{"rendered":"https:\/\/remiguyon.techniquesmedia.com\/sgc1-labo1\/?page_id=19"},"modified":"2026-02-12T16:06:57","modified_gmt":"2026-02-12T21:06:57","slug":"contact","status":"publish","type":"page","link":"https:\/\/remiguyon.techniquesmedia.com\/sgc1-labo1\/contact\/","title":{"rendered":"Contact"},"content":{"rendered":"\n<div style=\"height:40px\" aria-hidden=\"true\" class=\"wp-block-spacer\"><\/div>\n\n\n\n<figure class=\"wp-block-image size-full\"><img loading=\"lazy\" decoding=\"async\" width=\"1920\" height=\"1280\" src=\"https:\/\/remiguyon.techniquesmedia.com\/sgc1-labo1\/wp-content\/uploads\/2026\/02\/contact.jpg\" alt=\"\" class=\"wp-image-29\" style=\"aspect-ratio:16\/9;object-fit:cover\" srcset=\"https:\/\/remiguyon.techniquesmedia.com\/sgc1-labo1\/wp-content\/uploads\/2026\/02\/contact.jpg 1920w, https:\/\/remiguyon.techniquesmedia.com\/sgc1-labo1\/wp-content\/uploads\/2026\/02\/contact-300x200.jpg 300w, https:\/\/remiguyon.techniquesmedia.com\/sgc1-labo1\/wp-content\/uploads\/2026\/02\/contact-1024x683.jpg 1024w, https:\/\/remiguyon.techniquesmedia.com\/sgc1-labo1\/wp-content\/uploads\/2026\/02\/contact-768x512.jpg 768w, https:\/\/remiguyon.techniquesmedia.com\/sgc1-labo1\/wp-content\/uploads\/2026\/02\/contact-1536x1024.jpg 1536w\" sizes=\"auto, (max-width: 1920px) 100vw, 1920px\" \/><\/figure>\n\n\n\n<div style=\"height:40px\" aria-hidden=\"true\" class=\"wp-block-spacer\"><\/div>\n\n\n\n<p class=\"has-text-align-center has-text-color has-link-color wp-elements-6b244a31c4b894d6ad3a347ed2417f98\" style=\"color:#212529;font-size:36px\">Nos bureaux sont situ\u00e9s au c\u0153ur du Plateau Mont-Royal, dans un espace cr\u00e9atif et inspirant. N\u2019h\u00e9sitez pas \u00e0 prendre rendez-vous pour venir nous rencontrer !<\/p>\n\n\n\n<div style=\"height:40px\" aria-hidden=\"true\" class=\"wp-block-spacer\"><\/div>\n\n\n\n<div class=\"wp-block-columns is-layout-flex wp-container-core-columns-is-layout-9d6595d7 wp-block-columns-is-layout-flex\">\n<div class=\"wp-block-column is-vertically-aligned-top is-layout-flow wp-block-column-is-layout-flow\"><div class=\"wp-block-image\">\n<figure class=\"aligncenter size-large is-resized\"><img decoding=\"async\" src=\"https:\/\/s.w.org\/images\/core\/emoji\/17.0.2\/svg\/1f4cd.svg\" alt=\"\" style=\"width:48px\"\/><\/figure>\n<\/div>\n\n\n<h2 class=\"wp-block-heading has-text-align-center has-text-color has-link-color wp-elements-1bba61102dae5c003ec11f22ea478b51\" style=\"color:#1b3a5c\">Adresse<\/h2>\n\n\n\n<p class=\"has-text-align-center\">123 rue des Cr\u00e9ateurs<br>Montr\u00e9al, QC<br>H2X 1Y5<\/p>\n<\/div>\n\n\n\n<div class=\"wp-block-column is-layout-flow wp-block-column-is-layout-flow\"><div class=\"wp-block-image\">\n<figure class=\"aligncenter size-large is-resized\"><img decoding=\"async\" src=\"https:\/\/s.w.org\/images\/core\/emoji\/17.0.2\/svg\/1f4de.svg\" alt=\"\" style=\"width:48px\"\/><\/figure>\n<\/div>\n\n\n<h3 class=\"wp-block-heading has-text-align-center has-text-color has-link-color wp-elements-b5338eba1632acbf36d430c0a0af68fc\" style=\"color:#1b3a5c\">T\u00e9l\u00e9phone<\/h3>\n\n\n\n<p class=\"has-text-align-center\">(514) 555-0123<\/p>\n<\/div>\n\n\n\n<div class=\"wp-block-column is-layout-flow wp-block-column-is-layout-flow\"><div class=\"wp-block-image\">\n<figure class=\"aligncenter size-large is-resized\"><img decoding=\"async\" src=\"https:\/\/s.w.org\/images\/core\/emoji\/17.0.2\/svg\/2709.svg\" alt=\"\" style=\"width:48px\"\/><\/figure>\n<\/div>\n\n\n<h3 class=\"wp-block-heading has-text-align-center has-text-color has-link-color wp-elements-a148e2de85201a552a1e476a508399a4\" style=\"color:#1b3a5c\">Email<\/h3>\n\n\n\n<p class=\"has-text-align-center\">info@creastudio.ca<\/p>\n<\/div>\n<\/div>\n","protected":false},"excerpt":{"rendered":"<p>Nos bureaux sont situ\u00e9s au c\u0153ur du Plateau Mont-Royal, dans un espace cr\u00e9atif et inspirant. N\u2019h\u00e9sitez pas \u00e0 prendre rendez-vous pour venir nous rencontrer ! Adresse 123 rue des Cr\u00e9ateursMontr\u00e9al, QCH2X 1Y5 T\u00e9l\u00e9phone (514) 555-0123 Email info@creastudio.ca [&#8230;]<\/p>\n<p><a class=\"btn btn-secondary understrap-read-more-link\" href=\"https:\/\/remiguyon.techniquesmedia.com\/sgc1-labo1\/contact\/\">Lire la suite\u2026<span class=\"screen-reader-text\"> from Contact<\/span><\/a><\/p>\n","protected":false},"author":1,"featured_media":0,"parent":0,"menu_order":0,"comment_status":"closed","ping_status":"closed","template":"","meta":{"footnotes":""},"class_list":["post-19","page","type-page","status-publish","hentry"],"_links":{"self":[{"href":"https:\/\/remiguyon.techniquesmedia.com\/sgc1-labo1\/wp-json\/wp\/v2\/pages\/19","targetHints":{"allow":["GET"]}}],"collection":[{"href":"https:\/\/remiguyon.techniquesmedia.com\/sgc1-labo1\/wp-json\/wp\/v2\/pages"}],"about":[{"href":"https:\/\/remiguyon.techniquesmedia.com\/sgc1-labo1\/wp-json\/wp\/v2\/types\/page"}],"author":[{"embeddable":true,"href":"https:\/\/remiguyon.techniquesmedia.com\/sgc1-labo1\/wp-json\/wp\/v2\/users\/1"}],"replies":[{"embeddable":true,"href":"https:\/\/remiguyon.techniquesmedia.com\/sgc1-labo1\/wp-json\/wp\/v2\/comments?post=19"}],"version-history":[{"count":7,"href":"https:\/\/remiguyon.techniquesmedia.com\/sgc1-labo1\/wp-json\/wp\/v2\/pages\/19\/revisions"}],"predecessor-version":[{"id":92,"href":"https:\/\/remiguyon.techniquesmedia.com\/sgc1-labo1\/wp-json\/wp\/v2\/pages\/19\/revisions\/92"}],"wp:attachment":[{"href":"https:\/\/remiguyon.techniquesmedia.com\/sgc1-labo1\/wp-json\/wp\/v2\/media?parent=19"}],"curies":[{"name":"wp","href":"https:\/\/api.w.org\/{rel}","templated":true}]}}