{"id":15,"date":"2026-02-06T10:10:39","date_gmt":"2026-02-06T15:10:39","guid":{"rendered":"https:\/\/remiguyon.techniquesmedia.com\/sgc1-labo1\/?page_id=15"},"modified":"2026-02-12T16:08:04","modified_gmt":"2026-02-12T21:08:04","slug":"services","status":"publish","type":"page","link":"https:\/\/remiguyon.techniquesmedia.com\/sgc1-labo1\/services\/","title":{"rendered":"Services"},"content":{"rendered":"\n<div class=\"wp-block-columns is-layout-flex wp-container-core-columns-is-layout-9d6595d7 wp-block-columns-is-layout-flex\">\n<div class=\"wp-block-column is-vertically-aligned-center is-layout-flow wp-block-column-is-layout-flow\"><div class=\"wp-block-image is-style-rounded\">\n<figure class=\"aligncenter size-full is-resized\"><img loading=\"lazy\" decoding=\"async\" width=\"600\" height=\"750\" src=\"https:\/\/remiguyon.techniquesmedia.com\/sgc1-labo1\/wp-content\/uploads\/2026\/02\/services-1.jpg\" alt=\"\" class=\"wp-image-30\" style=\"aspect-ratio:2\/3;object-fit:cover;width:400px\" srcset=\"https:\/\/remiguyon.techniquesmedia.com\/sgc1-labo1\/wp-content\/uploads\/2026\/02\/services-1.jpg 600w, https:\/\/remiguyon.techniquesmedia.com\/sgc1-labo1\/wp-content\/uploads\/2026\/02\/services-1-240x300.jpg 240w\" sizes=\"auto, (max-width: 600px) 100vw, 600px\" \/><\/figure>\n<\/div><\/div>\n\n\n\n<div class=\"wp-block-column is-vertically-aligned-center is-layout-flow wp-block-column-is-layout-flow\">\n<h3 class=\"wp-block-heading has-text-color has-link-color wp-elements-d3f85e2504e6578c31b6fe299c2a6dbb\" style=\"color:#1b3a5c\">Design de marque et identit\u00e9 visuelle<\/h3>\n\n\n\n<p>Nous cr\u00e9ons des identit\u00e9s de marque coh\u00e9rentes et m\u00e9morables qui refl\u00e8tent les valeurs de votre entreprise. Du logo aux couleurs, en passant par la typographie, chaque \u00e9l\u00e9ment est pens\u00e9 pour raconter votre histoire de mani\u00e8re authentique et impactante.<\/p>\n\n\n\n<ul class=\"wp-block-list\">\n<li>Cr\u00e9ation de logo et charte graphique<\/li>\n\n\n\n<li>Identit\u00e9 visuelle compl\u00e8te<\/li>\n\n\n\n<li>Guide de style de marque<\/li>\n\n\n\n<li>Supports de communication<\/li>\n<\/ul>\n<\/div>\n<\/div>\n\n\n\n<div class=\"wp-block-columns is-layout-flex wp-container-core-columns-is-layout-9d6595d7 wp-block-columns-is-layout-flex\">\n<div class=\"wp-block-column is-vertically-aligned-center is-layout-flow wp-block-column-is-layout-flow\">\n<h3 class=\"wp-block-heading has-text-color has-link-color wp-elements-0d24e7cae76d9b85cce758c9ad8d5a5d\" style=\"color:#1b3a5c\">Conception de sites web modernes<\/h3>\n\n\n\n<p>Nous concevons des sites web responsive, performants et esth\u00e9tiques qui offrent une exp\u00e9rience utilisateur exceptionnelle. Nos designs s\u2019adaptent \u00e0 tous les appareils et mettent en valeur votre contenu tout en respectant votre identit\u00e9 de marque.<\/p>\n\n\n\n<ul class=\"wp-block-list\">\n<li>Sites web responsive et modernes<\/li>\n\n\n\n<li>E-commerce et boutiques en ligne<\/li>\n\n\n\n<li>Sites corporatifs et portfolios<\/li>\n\n\n\n<li>Optimisation performance et SEO<\/li>\n<\/ul>\n<\/div>\n\n\n\n<div class=\"wp-block-column is-vertically-aligned-center is-layout-flow wp-block-column-is-layout-flow\"><div class=\"wp-block-image is-style-rounded\">\n<figure class=\"aligncenter size-full is-resized\"><img loading=\"lazy\" decoding=\"async\" width=\"600\" height=\"401\" src=\"https:\/\/remiguyon.techniquesmedia.com\/sgc1-labo1\/wp-content\/uploads\/2026\/02\/services-2.jpg\" alt=\"\" class=\"wp-image-31\" style=\"aspect-ratio:2\/3;object-fit:cover;width:400px\" srcset=\"https:\/\/remiguyon.techniquesmedia.com\/sgc1-labo1\/wp-content\/uploads\/2026\/02\/services-2.jpg 600w, https:\/\/remiguyon.techniquesmedia.com\/sgc1-labo1\/wp-content\/uploads\/2026\/02\/services-2-300x201.jpg 300w\" sizes=\"auto, (max-width: 600px) 100vw, 600px\" \/><\/figure>\n<\/div><\/div>\n<\/div>\n\n\n\n<div class=\"wp-block-columns are-vertically-aligned-center is-layout-flex wp-container-core-columns-is-layout-9d6595d7 wp-block-columns-is-layout-flex\">\n<div class=\"wp-block-column is-vertically-aligned-center is-layout-flow wp-block-column-is-layout-flow\"><div class=\"wp-block-image is-style-rounded\">\n<figure class=\"aligncenter size-full is-resized\"><img loading=\"lazy\" decoding=\"async\" width=\"600\" height=\"473\" src=\"https:\/\/remiguyon.techniquesmedia.com\/sgc1-labo1\/wp-content\/uploads\/2026\/02\/services-3.jpg\" alt=\"\" class=\"wp-image-32\" style=\"aspect-ratio:2\/3;object-fit:cover;width:400px\" srcset=\"https:\/\/remiguyon.techniquesmedia.com\/sgc1-labo1\/wp-content\/uploads\/2026\/02\/services-3.jpg 600w, https:\/\/remiguyon.techniquesmedia.com\/sgc1-labo1\/wp-content\/uploads\/2026\/02\/services-3-300x237.jpg 300w\" sizes=\"auto, (max-width: 600px) 100vw, 600px\" \/><\/figure>\n<\/div><\/div>\n\n\n\n<div class=\"wp-block-column is-vertically-aligned-center is-layout-flow wp-block-column-is-layout-flow\">\n<h3 class=\"wp-block-heading has-text-color has-link-color wp-elements-c0cd892b18504f6d8d21eb0765eca285\" style=\"color:#1b3a5c\">Design d\u2019interfaces et UX\/UI<\/h3>\n\n\n\n<p>Nous cr\u00e9ons des interfaces intuitives et engageantes pour vos applications et plateformes digitales. Notre approche centr\u00e9e sur l\u2019utilisateur garantit des exp\u00e9riences fluides et agr\u00e9ables qui fid\u00e9lisent vos utilisateurs et maximisent les conversions.<\/p>\n\n\n\n<ul class=\"wp-block-list\">\n<li>Design d\u2019applications mobiles<\/li>\n\n\n\n<li>Interfaces web et dashboards<\/li>\n\n\n\n<li>Recherche et tests utilisateurs<\/li>\n\n\n\n<li>Prototypage et wireframing<\/li>\n<\/ul>\n<\/div>\n<\/div>\n\n\n\n<p><\/p>\n","protected":false},"excerpt":{"rendered":"<p>Design de marque et identit\u00e9 visuelle Nous cr\u00e9ons des identit\u00e9s de marque coh\u00e9rentes et m\u00e9morables qui refl\u00e8tent les valeurs de votre entreprise. Du logo aux couleurs, en passant par la typographie, chaque \u00e9l\u00e9ment est pens\u00e9 pour raconter votre histoire de mani\u00e8re authentique et impactante. Conception de sites web modernes Nous concevons des sites web responsive, [&#8230;]<\/p>\n<p><a class=\"btn btn-secondary understrap-read-more-link\" href=\"https:\/\/remiguyon.techniquesmedia.com\/sgc1-labo1\/services\/\">Lire la suite\u2026<span class=\"screen-reader-text\"> from Services<\/span><\/a><\/p>\n","protected":false},"author":1,"featured_media":0,"parent":0,"menu_order":0,"comment_status":"closed","ping_status":"closed","template":"","meta":{"footnotes":""},"class_list":["post-15","page","type-page","status-publish","hentry"],"_links":{"self":[{"href":"https:\/\/remiguyon.techniquesmedia.com\/sgc1-labo1\/wp-json\/wp\/v2\/pages\/15","targetHints":{"allow":["GET"]}}],"collection":[{"href":"https:\/\/remiguyon.techniquesmedia.com\/sgc1-labo1\/wp-json\/wp\/v2\/pages"}],"about":[{"href":"https:\/\/remiguyon.techniquesmedia.com\/sgc1-labo1\/wp-json\/wp\/v2\/types\/page"}],"author":[{"embeddable":true,"href":"https:\/\/remiguyon.techniquesmedia.com\/sgc1-labo1\/wp-json\/wp\/v2\/users\/1"}],"replies":[{"embeddable":true,"href":"https:\/\/remiguyon.techniquesmedia.com\/sgc1-labo1\/wp-json\/wp\/v2\/comments?post=15"}],"version-history":[{"count":12,"href":"https:\/\/remiguyon.techniquesmedia.com\/sgc1-labo1\/wp-json\/wp\/v2\/pages\/15\/revisions"}],"predecessor-version":[{"id":94,"href":"https:\/\/remiguyon.techniquesmedia.com\/sgc1-labo1\/wp-json\/wp\/v2\/pages\/15\/revisions\/94"}],"wp:attachment":[{"href":"https:\/\/remiguyon.techniquesmedia.com\/sgc1-labo1\/wp-json\/wp\/v2\/media?parent=15"}],"curies":[{"name":"wp","href":"https:\/\/api.w.org\/{rel}","templated":true}]}}