{"id":16,"date":"2026-02-27T15:36:07","date_gmt":"2026-02-27T14:36:07","guid":{"rendered":"https:\/\/remiguyon.techniquesmedia.com\/sgc1-examen\/?page_id=16"},"modified":"2026-02-27T16:29:25","modified_gmt":"2026-02-27T15:29:25","slug":"blocs","status":"publish","type":"page","link":"https:\/\/remiguyon.techniquesmedia.com\/sgc1-examen\/","title":{"rendered":"Blocs"},"content":{"rendered":"\n<h2 class=\"wp-block-heading alignwide\">Bloc 1<\/h2>\n\n\n\n<div class=\"wp-block-group alignwide has-global-padding is-layout-constrained wp-block-group-is-layout-constrained\">\n<div class=\"wp-block-cover alignwide wp-duotone-unset-1\"><img loading=\"lazy\" decoding=\"async\" width=\"1024\" height=\"576\" class=\"wp-block-cover__image-background wp-image-9 size-large\" alt=\"\" src=\"https:\/\/remiguyon.techniquesmedia.com\/sgc1-examen\/wp-content\/uploads\/2026\/02\/bloc-1-1024x576.jpg\" data-object-fit=\"cover\" srcset=\"https:\/\/remiguyon.techniquesmedia.com\/sgc1-examen\/wp-content\/uploads\/2026\/02\/bloc-1-1024x576.jpg 1024w, https:\/\/remiguyon.techniquesmedia.com\/sgc1-examen\/wp-content\/uploads\/2026\/02\/bloc-1-300x169.jpg 300w, https:\/\/remiguyon.techniquesmedia.com\/sgc1-examen\/wp-content\/uploads\/2026\/02\/bloc-1-768x432.jpg 768w, https:\/\/remiguyon.techniquesmedia.com\/sgc1-examen\/wp-content\/uploads\/2026\/02\/bloc-1-1536x864.jpg 1536w, https:\/\/remiguyon.techniquesmedia.com\/sgc1-examen\/wp-content\/uploads\/2026\/02\/bloc-1.jpg 2000w\" sizes=\"auto, (max-width: 1024px) 100vw, 1024px\" \/><span aria-hidden=\"true\" class=\"wp-block-cover__background has-background-dim-0 has-background-dim\" style=\"background-color:#7a7267\"><\/span><div class=\"wp-block-cover__inner-container has-global-padding is-layout-constrained wp-block-cover-is-layout-constrained\">\n<h3 class=\"wp-block-heading has-text-align-center has-large-font-size\" style=\"text-transform:uppercase\"><strong><strong>\u00c9v\u00e9nement sp\u00e9cial<\/strong><\/strong><\/h3>\n<\/div><\/div>\n\n\n\n<div class=\"wp-block-columns alignwide is-layout-flex wp-container-core-columns-is-layout-28f84493 wp-block-columns-is-layout-flex\">\n<div class=\"wp-block-column has-small-font-size is-layout-flow wp-block-column-is-layout-flow\">\n<p><strong>O\u00f9&nbsp;?<\/strong><br>2505 rue St-Hubert, Jonqui\u00e8re<\/p>\n<\/div>\n\n\n\n<div class=\"wp-block-column has-small-font-size is-layout-flow wp-block-column-is-layout-flow\">\n<p><strong>Quand ?<\/strong><br>26 mars 2026<\/p>\n<\/div>\n\n\n\n<div class=\"wp-block-column is-vertically-aligned-top is-layout-flow wp-block-column-is-layout-flow\">\n<div class=\"wp-block-buttons is-content-justification-center is-layout-flex wp-container-core-buttons-is-layout-2ca13fe8 wp-block-buttons-is-layout-flex\" style=\"margin-top:0;margin-bottom:0;padding-top:0;padding-bottom:0\">\n<div class=\"wp-block-button has-custom-width wp-block-button__width-100\"><a class=\"wp-block-button__link has-base-2-color has-text-color has-background has-link-color has-medium-font-size has-text-align-center has-custom-font-size wp-element-button\" style=\"border-top-left-radius:0px;border-top-right-radius:0px;border-bottom-left-radius:0px;border-bottom-right-radius:0px;background-color:#219795;padding-top:var(--wp--preset--spacing--10);padding-right:var(--wp--preset--spacing--10);padding-bottom:var(--wp--preset--spacing--10);padding-left:var(--wp--preset--spacing--10)\">S\u2019inscrire<\/a><\/div>\n<\/div>\n<\/div>\n<\/div>\n<\/div>\n\n\n\n<div style=\"height:100px\" aria-hidden=\"true\" class=\"wp-block-spacer\"><\/div>\n\n\n\n<h2 class=\"wp-block-heading alignwide\">Bloc 2<\/h2>\n\n\n\n<div class=\"wp-block-group alignwide has-global-padding is-layout-constrained wp-block-group-is-layout-constrained\">\n<div class=\"wp-block-columns alignwide is-layout-flex wp-container-core-columns-is-layout-28f84493 wp-block-columns-is-layout-flex\">\n<div class=\"wp-block-column is-layout-flow wp-block-column-is-layout-flow\">\n<div class=\"wp-block-columns is-layout-flex wp-container-core-columns-is-layout-28f84493 wp-block-columns-is-layout-flex\">\n<div class=\"wp-block-column is-layout-flow wp-block-column-is-layout-flow\">\n<figure class=\"wp-block-image wp-duotone-unset-2\"><img loading=\"lazy\" decoding=\"async\" width=\"768\" height=\"1024\" src=\"https:\/\/remiguyon.techniquesmedia.com\/sgc1-examen\/wp-content\/uploads\/2026\/02\/bloc-2-1-768x1024.jpg\" alt=\"\" class=\"wp-image-10\" srcset=\"https:\/\/remiguyon.techniquesmedia.com\/sgc1-examen\/wp-content\/uploads\/2026\/02\/bloc-2-1-768x1024.jpg 768w, https:\/\/remiguyon.techniquesmedia.com\/sgc1-examen\/wp-content\/uploads\/2026\/02\/bloc-2-1-225x300.jpg 225w, https:\/\/remiguyon.techniquesmedia.com\/sgc1-examen\/wp-content\/uploads\/2026\/02\/bloc-2-1-1152x1536.jpg 1152w, https:\/\/remiguyon.techniquesmedia.com\/sgc1-examen\/wp-content\/uploads\/2026\/02\/bloc-2-1.jpg 1500w\" sizes=\"auto, (max-width: 768px) 100vw, 768px\" \/><\/figure>\n\n\n\n<h3 class=\"wp-block-heading has-text-color has-link-color wp-elements-19d6341300010e7f67237e37736c868c\" style=\"color:#187070;letter-spacing:5px\">Lorem ipsum<\/h3>\n\n\n\n<p>Lorem ipsum dolor sit amet, consectetur adipiscing elit. Nam urna odio, venenatis eu luctus quis, lobortis at libero. Morbi leo sapien, condimentum vel metus gravida, dapibus maximus nulla. Morbi eu egestas diam. Nullam facilisis tincidunt libero non aliquet. Curabitur molestie ullamcorper tincidunt.<\/p>\n\n\n\n<div style=\"height:120px\" aria-hidden=\"true\" class=\"wp-block-spacer\"><\/div>\n<\/div>\n<\/div>\n<\/div>\n\n\n\n<div class=\"wp-block-column is-layout-flow wp-block-column-is-layout-flow\">\n<div style=\"height:120px\" aria-hidden=\"true\" class=\"wp-block-spacer\"><\/div>\n\n\n\n<h3 class=\"wp-block-heading has-text-color has-link-color wp-elements-a1b0117f4e7c0b0c7904abae67181b9e\" style=\"color:#52550a;letter-spacing:5px\">Dolor sit amet<\/h3>\n\n\n\n<p>Duis eget enim quis justo fermentum aliquet non tincidunt lacus. Integer rhoncus, lorem in pharetra condimentum, quam leo volutpat nibh, id faucibus dui lacus ut erat. Aliquam et maximus dui, et maximus nulla. Duis finibus lacus et vulputate gravida. Donec ullamcorper nibh a ex elementum, sed aliquam enim dictum.<\/p>\n\n\n\n<figure class=\"wp-block-image size-large\"><img loading=\"lazy\" decoding=\"async\" width=\"767\" height=\"1024\" src=\"https:\/\/remiguyon.techniquesmedia.com\/sgc1-examen\/wp-content\/uploads\/2026\/02\/bloc-2-2-767x1024.jpg\" alt=\"\" class=\"wp-image-11\" srcset=\"https:\/\/remiguyon.techniquesmedia.com\/sgc1-examen\/wp-content\/uploads\/2026\/02\/bloc-2-2-767x1024.jpg 767w, https:\/\/remiguyon.techniquesmedia.com\/sgc1-examen\/wp-content\/uploads\/2026\/02\/bloc-2-2-225x300.jpg 225w, https:\/\/remiguyon.techniquesmedia.com\/sgc1-examen\/wp-content\/uploads\/2026\/02\/bloc-2-2-768x1025.jpg 768w, https:\/\/remiguyon.techniquesmedia.com\/sgc1-examen\/wp-content\/uploads\/2026\/02\/bloc-2-2-1151x1536.jpg 1151w, https:\/\/remiguyon.techniquesmedia.com\/sgc1-examen\/wp-content\/uploads\/2026\/02\/bloc-2-2.jpg 1496w\" sizes=\"auto, (max-width: 767px) 100vw, 767px\" \/><\/figure>\n<\/div>\n<\/div>\n<\/div>\n\n\n\n<div style=\"height:100px\" aria-hidden=\"true\" class=\"wp-block-spacer\"><\/div>\n\n\n\n<h2 class=\"wp-block-heading alignwide\">Bloc 3<\/h2>\n\n\n\n<div class=\"wp-block-group alignwide has-global-padding is-content-justification-center is-layout-constrained wp-block-group-is-layout-constrained\">\n<figure class=\"wp-block-image aligncenter size-full is-resized has-custom-border is-style-rounded is-style-rounded--3\"><img loading=\"lazy\" decoding=\"async\" width=\"1024\" height=\"768\" src=\"https:\/\/remiguyon.techniquesmedia.com\/sgc1-examen\/wp-content\/uploads\/2026\/02\/bloc-3.jpg\" alt=\"\" class=\"wp-image-12\" style=\"border-top-left-radius:100%;border-top-right-radius:100%;border-bottom-left-radius:100%;border-bottom-right-radius:100%;aspect-ratio:1;object-fit:cover;width:460px\" srcset=\"https:\/\/remiguyon.techniquesmedia.com\/sgc1-examen\/wp-content\/uploads\/2026\/02\/bloc-3.jpg 1024w, https:\/\/remiguyon.techniquesmedia.com\/sgc1-examen\/wp-content\/uploads\/2026\/02\/bloc-3-300x225.jpg 300w, https:\/\/remiguyon.techniquesmedia.com\/sgc1-examen\/wp-content\/uploads\/2026\/02\/bloc-3-768x576.jpg 768w\" sizes=\"auto, (max-width: 1024px) 100vw, 1024px\" \/><\/figure>\n\n\n\n<p class=\"has-text-align-center\" style=\"font-size:clamp(0.984rem, 0.984rem + ((1vw - 0.2rem) * 0.86), 1.5rem);\">\u00ab&nbsp;<em>Mauris dapibus, tortor eget porttitor aliquet, nisi sapien dignissim sem, vitae euismod lectus dolor ac arcu. Suspendisse potenti. Fusce porta laoreet rhoncus. Sed id semper tortor.<\/em>&nbsp;\u00bb<\/p>\n\n\n\n<p class=\"has-text-align-center\"><strong>Pr\u00e9nom NomDeFamille<\/strong><\/p>\n\n\n\n<div style=\"height:100px\" aria-hidden=\"true\" class=\"wp-block-spacer\"><\/div>\n<\/div>\n\n\n\n<h2 class=\"wp-block-heading alignwide\">Bloc 4<\/h2>\n\n\n\n<div class=\"wp-block-group alignfull has-background has-global-padding is-layout-constrained wp-container-core-group-is-layout-b25ccd55 wp-block-group-is-layout-constrained\" style=\"background-color:#013743;margin-top:0;margin-bottom:0;padding-top:var(--wp--preset--spacing--50);padding-right:var(--wp--preset--spacing--50);padding-bottom:var(--wp--preset--spacing--50);padding-left:var(--wp--preset--spacing--50)\">\n<div class=\"wp-block-columns alignwide is-layout-flex wp-container-core-columns-is-layout-9a01b68c wp-block-columns-is-layout-flex\">\n<div class=\"wp-block-column is-layout-flow wp-container-core-column-is-layout-3e8e1870 wp-block-column-is-layout-flow\" style=\"padding-right:0;padding-left:0;flex-basis:66.67%\">\n<figure class=\"wp-block-image size-full is-resized is-style-rounded wp-duotone-unset-5 is-style-rounded--4\" style=\"margin-top:0;margin-bottom:0\"><img loading=\"lazy\" decoding=\"async\" width=\"1200\" height=\"2137\" src=\"https:\/\/remiguyon.techniquesmedia.com\/sgc1-examen\/wp-content\/uploads\/2026\/02\/bloc-4.jpg\" alt=\"\" class=\"wp-image-13\" style=\"aspect-ratio:4\/3;object-fit:cover;width:1200px\" srcset=\"https:\/\/remiguyon.techniquesmedia.com\/sgc1-examen\/wp-content\/uploads\/2026\/02\/bloc-4.jpg 1200w, https:\/\/remiguyon.techniquesmedia.com\/sgc1-examen\/wp-content\/uploads\/2026\/02\/bloc-4-168x300.jpg 168w, https:\/\/remiguyon.techniquesmedia.com\/sgc1-examen\/wp-content\/uploads\/2026\/02\/bloc-4-575x1024.jpg 575w, https:\/\/remiguyon.techniquesmedia.com\/sgc1-examen\/wp-content\/uploads\/2026\/02\/bloc-4-768x1368.jpg 768w, https:\/\/remiguyon.techniquesmedia.com\/sgc1-examen\/wp-content\/uploads\/2026\/02\/bloc-4-863x1536.jpg 863w, https:\/\/remiguyon.techniquesmedia.com\/sgc1-examen\/wp-content\/uploads\/2026\/02\/bloc-4-1150x2048.jpg 1150w\" sizes=\"auto, (max-width: 1200px) 100vw, 1200px\" \/><\/figure>\n<\/div>\n\n\n\n<div class=\"wp-block-column is-vertically-aligned-center is-layout-flow wp-block-column-is-layout-flow\" style=\"padding-left:0;flex-basis:33.33%\">\n<h2 class=\"wp-block-heading has-base-2-color has-text-color has-link-color wp-elements-52b74d0cf4edd765b8c1c2a33b6b1510\">Vestibulum lobortis lacus sed lacus sagittis<\/h2>\n\n\n\n<p class=\"has-base-2-color has-text-color has-link-color wp-elements-ee328f810538e741733a56123ab52403\">Vestibulum ante ipsum primis in faucibus orci luctus et ultrices posuere cubilia curae; Aliquam egestas porttitor nisi. Nunc dignissim dui at ante aliquam, id facilisis nulla egestas.<\/p>\n\n\n\n<div class=\"wp-block-buttons is-layout-flex wp-block-buttons-is-layout-flex\">\n<div class=\"wp-block-button is-style-outline is-style-outline--6\"><a class=\"wp-block-button__link has-base-2-color has-text-color has-link-color wp-element-button\">Lorem ipsum<\/a><\/div>\n<\/div>\n<\/div>\n<\/div>\n<\/div>\n","protected":false},"excerpt":{"rendered":"<p>Bloc 1 O\u00f9&nbsp;?2505 rue St-Hubert, Jonqui\u00e8re Quand ?26 mars 2026 Bloc 2 Lorem ipsum Lorem ipsum dolor sit amet, consectetur adipiscing elit. Nam urna odio, venenatis eu luctus quis, lobortis at libero. Morbi leo sapien, condimentum vel metus gravida, dapibus maximus nulla. Morbi eu egestas diam. Nullam facilisis tincidunt libero non aliquet. Curabitur molestie ullamcorper [&hellip;]<\/p>\n","protected":false},"author":1,"featured_media":0,"parent":0,"menu_order":0,"comment_status":"closed","ping_status":"closed","template":"","meta":{"footnotes":""},"class_list":["post-16","page","type-page","status-publish","hentry"],"_links":{"self":[{"href":"https:\/\/remiguyon.techniquesmedia.com\/sgc1-examen\/wp-json\/wp\/v2\/pages\/16","targetHints":{"allow":["GET"]}}],"collection":[{"href":"https:\/\/remiguyon.techniquesmedia.com\/sgc1-examen\/wp-json\/wp\/v2\/pages"}],"about":[{"href":"https:\/\/remiguyon.techniquesmedia.com\/sgc1-examen\/wp-json\/wp\/v2\/types\/page"}],"author":[{"embeddable":true,"href":"https:\/\/remiguyon.techniquesmedia.com\/sgc1-examen\/wp-json\/wp\/v2\/users\/1"}],"replies":[{"embeddable":true,"href":"https:\/\/remiguyon.techniquesmedia.com\/sgc1-examen\/wp-json\/wp\/v2\/comments?post=16"}],"version-history":[{"count":6,"href":"https:\/\/remiguyon.techniquesmedia.com\/sgc1-examen\/wp-json\/wp\/v2\/pages\/16\/revisions"}],"predecessor-version":[{"id":24,"href":"https:\/\/remiguyon.techniquesmedia.com\/sgc1-examen\/wp-json\/wp\/v2\/pages\/16\/revisions\/24"}],"wp:attachment":[{"href":"https:\/\/remiguyon.techniquesmedia.com\/sgc1-examen\/wp-json\/wp\/v2\/media?parent=16"}],"curies":[{"name":"wp","href":"https:\/\/api.w.org\/{rel}","templated":true}]}}